{"id":737821,"date":"2025-08-27T23:36:28","date_gmt":"2025-08-27T20:36:28","guid":{"rendered":"https:\/\/roveyayinevi.com.tr\/index.php\/urun\/sahmaranin-ofkesi-nathaniel-fludd-fantastik-yaratiklar-uzmani-2-kitap\/"},"modified":"2026-04-16T02:47:40","modified_gmt":"2026-04-15T23:47:40","slug":"sahmaranin-ofkesi-nathaniel-fludd-fantastik-yaratiklar-uzmani-2-kitap","status":"publish","type":"product","link":"https:\/\/roveyayinevi.com.tr\/index.php\/urun\/sahmaranin-ofkesi-nathaniel-fludd-fantastik-yaratiklar-uzmani-2-kitap\/","title":{"rendered":"\u015eahmaran&#8217;\u0131n \u00d6fkesi &#8211; Nathaniel Fludd Fantastik Yarat\u0131klar Uzman\u0131 2. Kitap"},"content":{"rendered":"<p>Bir Fantastik Yarat\u0131klar Uzman\u0131\u2019n\u0131n \u00e7\u0131ra\u011f\u0131 olmak hi\u00e7 kolay de\u011fil, Nathaniel \u015fimdi de \u00f6l\u00fcmc\u00fcl bak\u0131\u015flar\u0131 ve nefesi zehirli \u015eahmaran\u2019\u0131n pe\u015finde. Serinin birinci kitab\u0131 Fantastik Yarat\u0131klar Uzman\u0131 1: Anka\u2019n\u0131n U\u00e7u\u015fu kitab\u0131nda Macerac\u0131 Fludd ailesinin en k\u00fc\u00e7\u00fck \u00fcyesi 10 ya\u015f\u0131ndaki Nathaniel Fluddile tan\u0131\u015fm\u0131\u015f, kahraman\u0131m\u0131z\u0131n heyecan dolu d\u00fcnyas\u0131na ad\u0131m atm\u0131\u015ft\u0131k. \u00d6ks\u00fcz ve yetim kalan i\u00e7ine kapan\u0131k Nate \u201cYarat\u0131k Uzman\u0131\u201d olarak yeti\u015ftirilmek \u00fczere kendini Phil Hala\u2019n\u0131n yan\u0131nda \u00e7\u0131rak olarak bulmu\u015f ve birbirinden ilgin\u00e7 maceralar ya\u015famaya ba\u015flam\u0131\u015ft\u0131. \u015eimdi kahraman\u0131m\u0131z Nate\u2019in maceralar\u0131 Fantastik Yarat\u0131klar Uzman\u0131 2: \u015eahmaran\u2019\u0131n \u00d6fkesi kitab\u0131 ile kald\u0131\u011f\u0131 yerden devam ediyor. Nate bu kez Phil Hala ve evcil gremlini Ya\u011f\u0131lt\u0131 ile birlikte, y\u00fczy\u0131llard\u0131r ayr\u0131lmad\u0131\u011f\u0131 ma\u011faras\u0131ndan ans\u0131z\u0131n yok olan \u015eahmaran\u2019\u0131 bulma g\u00f6reviyle nefes kesen olaylar\u0131n i\u00e7ine s\u00fcr\u00fckleniyor. \u00d6l\u00fcmc\u00fcl bak\u0131\u015flar\u0131 ve zehirli nefesi ile \u00e7ok tehlikeli bir yarat\u0131k olan \u015eahmaran\u2019\u0131 bulmal\u0131 ve b\u00f6lgede ya\u015fayan Dhugani halk\u0131na yard\u0131m etmeliler. Bakal\u0131m kahramanlar\u0131m\u0131z neler ya\u015fayacak?  G\u00f6rd\u00fc\u011f\u00fcn\u00fcz gibi, \u00e7\u0131rakl\u0131k d\u00f6nemindeki bir Yarat\u0131k Uzman\u0131 i\u00e7in dinlenmeye vakit yok! <\/p>\n","protected":false},"excerpt":{"rendered":"<p>Bir Fantastik Yarat\u0131klar Uzman\u0131\u2019n\u0131n \u00e7\u0131ra\u011f\u0131 olmak hi\u00e7 kolay de\u011fil, Nathaniel \u015fimdi de \u00f6l\u00fcmc\u00fcl bak\u0131\u015flar\u0131 ve nefesi zehirli \u015eahmaran\u2019\u0131n pe\u015finde. Serinin birinci kitab\u0131 Fantastik Yarat\u0131klar Uzman\u0131 1:<span class=\"excerpt-hellip\"> [\u2026]<\/span><\/p>\n","protected":false},"featured_media":0,"template":"","meta":{"_monsterinsights_skip_tracking":false,"_monsterinsights_sitenote_active":false,"_monsterinsights_sitenote_note":"","_monsterinsights_sitenote_category":0},"product_brand":[],"product_cat":[12275,12274],"product_tag":[],"class_list":{"0":"post-737821","1":"product","2":"type-product","3":"status-publish","5":"product_cat-6-12-yas-kitaplari","6":"product_cat-cocuk-ve-genclik-kitaplari","7":"pa_cilt-ciltsiz","8":"pa_tur-kitap","9":"pa_yayinevi-gunce-yayinlari","10":"pa_yazar-r-l-lafevers","12":"first","13":"instock","14":"sale","15":"shipping-taxable","16":"purchasable","17":"product-type-simple"},"_links":{"self":[{"href":"https:\/\/roveyayinevi.com.tr\/index.php\/wp-json\/wp\/v2\/product\/737821","targetHints":{"allow":["GET"]}}],"collection":[{"href":"https:\/\/roveyayinevi.com.tr\/index.php\/wp-json\/wp\/v2\/product"}],"about":[{"href":"https:\/\/roveyayinevi.com.tr\/index.php\/wp-json\/wp\/v2\/types\/product"}],"wp:attachment":[{"href":"https:\/\/roveyayinevi.com.tr\/index.php\/wp-json\/wp\/v2\/media?parent=737821"}],"wp:term":[{"taxonomy":"product_brand","embeddable":true,"href":"https:\/\/roveyayinevi.com.tr\/index.php\/wp-json\/wp\/v2\/product_brand?post=737821"},{"taxonomy":"product_cat","embeddable":true,"href":"https:\/\/roveyayinevi.com.tr\/index.php\/wp-json\/wp\/v2\/product_cat?post=737821"},{"taxonomy":"product_tag","embeddable":true,"href":"https:\/\/roveyayinevi.com.tr\/index.php\/wp-json\/wp\/v2\/product_tag?post=737821"}],"curies":[{"name":"wp","href":"https:\/\/api.w.org\/{rel}","templated":true}]}}