{"id":737820,"date":"2025-08-27T23:36:27","date_gmt":"2025-08-27T20:36:27","guid":{"rendered":"https:\/\/roveyayinevi.com.tr\/index.php\/urun\/farelyaya-yolculuk\/"},"modified":"2026-04-16T02:47:39","modified_gmt":"2026-04-15T23:47:39","slug":"farelyaya-yolculuk","status":"publish","type":"product","link":"https:\/\/roveyayinevi.com.tr\/index.php\/urun\/farelyaya-yolculuk\/","title":{"rendered":"Farelyaya Yolculuk"},"content":{"rendered":"<p>Yeni Zelanda \u00e7ocuk ve gen\u00e7lik edebiyat\u0131n\u0131n \u00e7\u0131nar\u0131, \u00e7oksatar K\u00fcl\u00fcst\u00fcr\u2019\u00fcn yazar\u0131 Joy Cowley\u2019den unutulmaz bir yol hik\u00e2yesi. Cowley; aile ba\u011flar\u0131, g\u00f6\u00e7menlik, dayan\u0131\u015fma, cesaret, kararl\u0131l\u0131k ve yolda olma temalar\u0131n\u0131 oda\u011fa alarak, modern bir fabl anlat\u0131yor. D\u00fc\u015flerinin \u00fclkesine yolculuk yapan bir fare ailesinin hik\u00e2yesi, ser\u00fcvenli ve soluk solu\u011fa bir okuma vaat ediyor.Her \u015fey, denizci fareler soyundan gelen Yelkenkanat ve cesur ailesinin, efsane \u015fehir Farelya\u2019ya gitmeye karar vermeleriyle ba\u015flar. Bulduklar\u0131 eski bir harita sayesinde yola d\u00fc\u015fen macerasever ailemiz, yol boyunca fare avlayan peynirler, dipsiz batakl\u0131klar, korkun\u00e7 u\u00e7urumlar ve avc\u0131 hayvanlarla kar\u015f\u0131la\u015f\u0131r. Yelkenkanat ve ailesi, t\u00fcm bu tehlikelerin \u00fcstesinden gelip hayallerindeki gizemli \u015fehre ula\u015fabilecek midir?<\/p>\n","protected":false},"excerpt":{"rendered":"<p>Yeni Zelanda \u00e7ocuk ve gen\u00e7lik edebiyat\u0131n\u0131n \u00e7\u0131nar\u0131, \u00e7oksatar K\u00fcl\u00fcst\u00fcr\u2019\u00fcn yazar\u0131 Joy Cowley\u2019den unutulmaz bir yol hik\u00e2yesi. Cowley; aile ba\u011flar\u0131, g\u00f6\u00e7menlik, dayan\u0131\u015fma, cesaret, kararl\u0131l\u0131k ve yolda olma<span class=\"excerpt-hellip\"> [\u2026]<\/span><\/p>\n","protected":false},"featured_media":0,"template":"","meta":{"_monsterinsights_skip_tracking":false,"_monsterinsights_sitenote_active":false,"_monsterinsights_sitenote_note":"","_monsterinsights_sitenote_category":0},"product_brand":[],"product_cat":[12275,12274],"product_tag":[],"class_list":{"0":"post-737820","1":"product","2":"type-product","3":"status-publish","5":"product_cat-6-12-yas-kitaplari","6":"product_cat-cocuk-ve-genclik-kitaplari","7":"pa_cilt-ciltsiz","8":"pa_tur-kitap","9":"pa_yayinevi-uyurgezer-kitap","10":"pa_yazar-joy-cowley","12":"first","13":"instock","14":"sale","15":"shipping-taxable","16":"purchasable","17":"product-type-simple"},"_links":{"self":[{"href":"https:\/\/roveyayinevi.com.tr\/index.php\/wp-json\/wp\/v2\/product\/737820","targetHints":{"allow":["GET"]}}],"collection":[{"href":"https:\/\/roveyayinevi.com.tr\/index.php\/wp-json\/wp\/v2\/product"}],"about":[{"href":"https:\/\/roveyayinevi.com.tr\/index.php\/wp-json\/wp\/v2\/types\/product"}],"wp:attachment":[{"href":"https:\/\/roveyayinevi.com.tr\/index.php\/wp-json\/wp\/v2\/media?parent=737820"}],"wp:term":[{"taxonomy":"product_brand","embeddable":true,"href":"https:\/\/roveyayinevi.com.tr\/index.php\/wp-json\/wp\/v2\/product_brand?post=737820"},{"taxonomy":"product_cat","embeddable":true,"href":"https:\/\/roveyayinevi.com.tr\/index.php\/wp-json\/wp\/v2\/product_cat?post=737820"},{"taxonomy":"product_tag","embeddable":true,"href":"https:\/\/roveyayinevi.com.tr\/index.php\/wp-json\/wp\/v2\/product_tag?post=737820"}],"curies":[{"name":"wp","href":"https:\/\/api.w.org\/{rel}","templated":true}]}}