{"id":737818,"date":"2025-08-27T23:36:25","date_gmt":"2025-08-27T20:36:25","guid":{"rendered":"https:\/\/roveyayinevi.com.tr\/index.php\/urun\/dedektif-sensin-katil-kim\/"},"modified":"2026-04-16T02:47:39","modified_gmt":"2026-04-15T23:47:39","slug":"dedektif-sensin-katil-kim","status":"publish","type":"product","link":"https:\/\/roveyayinevi.com.tr\/index.php\/urun\/dedektif-sensin-katil-kim\/","title":{"rendered":"Dedektif Sensin Katil Kim?"},"content":{"rendered":"<p>Siz hi\u00e7 dedektif oldunuz mu? Peki ya hi\u00e7 dedektif paltosu giyip a\u011fz\u0131n\u0131zda pipo ile katil pe\u015finde ko\u015ftunuz mu? Hepsi bir yana dursun! Siz hi\u00e7, bir polisiye roman\u0131n\u0131n son b\u00f6l\u00fcm\u00fcn\u00fc yazd\u0131n\u0131z m\u0131? Bu kitaptaki dedektif sizsiniz. Palto giyip pipoyla katil pe\u015finde ko\u015facak olan da\u2026 Katili bulacak olan sizsiniz. Bu roman\u0131n son b\u00f6l\u00fcm\u00fcn\u00fc yazacak olan da\u2026 <\/p>\n","protected":false},"excerpt":{"rendered":"<p>Siz hi\u00e7 dedektif oldunuz mu? Peki ya hi\u00e7 dedektif paltosu giyip a\u011fz\u0131n\u0131zda pipo ile katil pe\u015finde ko\u015ftunuz mu? Hepsi bir yana dursun! Siz hi\u00e7, bir polisiye<span class=\"excerpt-hellip\"> [\u2026]<\/span><\/p>\n","protected":false},"featured_media":0,"template":"","meta":{"_monsterinsights_skip_tracking":false,"_monsterinsights_sitenote_active":false,"_monsterinsights_sitenote_note":"","_monsterinsights_sitenote_category":0},"product_brand":[],"product_cat":[12291,15445],"product_tag":[],"class_list":{"0":"post-737818","1":"product","2":"type-product","3":"status-publish","5":"product_cat-edebiyat","6":"product_cat-polisiye","7":"pa_cilt-ciltsiz","8":"pa_tur-kitap","9":"pa_yayinevi-kitap-muptelasi-yayinlari","10":"pa_yazar-ali-onur-bahceci","12":"first","13":"instock","14":"sale","15":"shipping-taxable","16":"purchasable","17":"product-type-simple"},"_links":{"self":[{"href":"https:\/\/roveyayinevi.com.tr\/index.php\/wp-json\/wp\/v2\/product\/737818","targetHints":{"allow":["GET"]}}],"collection":[{"href":"https:\/\/roveyayinevi.com.tr\/index.php\/wp-json\/wp\/v2\/product"}],"about":[{"href":"https:\/\/roveyayinevi.com.tr\/index.php\/wp-json\/wp\/v2\/types\/product"}],"wp:attachment":[{"href":"https:\/\/roveyayinevi.com.tr\/index.php\/wp-json\/wp\/v2\/media?parent=737818"}],"wp:term":[{"taxonomy":"product_brand","embeddable":true,"href":"https:\/\/roveyayinevi.com.tr\/index.php\/wp-json\/wp\/v2\/product_brand?post=737818"},{"taxonomy":"product_cat","embeddable":true,"href":"https:\/\/roveyayinevi.com.tr\/index.php\/wp-json\/wp\/v2\/product_cat?post=737818"},{"taxonomy":"product_tag","embeddable":true,"href":"https:\/\/roveyayinevi.com.tr\/index.php\/wp-json\/wp\/v2\/product_tag?post=737818"}],"curies":[{"name":"wp","href":"https:\/\/api.w.org\/{rel}","templated":true}]}}