{"id":737817,"date":"2025-08-27T23:36:24","date_gmt":"2025-08-27T20:36:24","guid":{"rendered":"https:\/\/roveyayinevi.com.tr\/index.php\/urun\/ceyrek-asir-sonra-28-subat\/"},"modified":"2026-04-16T02:47:39","modified_gmt":"2026-04-15T23:47:39","slug":"ceyrek-asir-sonra-28-subat","status":"publish","type":"product","link":"https:\/\/roveyayinevi.com.tr\/index.php\/urun\/ceyrek-asir-sonra-28-subat\/","title":{"rendered":"\u00c7eyrek As\u0131r Sonra 28 \u015eubat"},"content":{"rendered":"<p>G\u00fcn\u00fcm\u00fczde yo\u011funla\u015fan siyasal kutupla\u015fman\u0131n ara\u00e7lar\u0131ndan biri de 28 \u015eubat\u2019t\u0131r. Kutupla\u015fman\u0131n k\u00fclt\u00fcr kamplar\u0131 \u00fczerinden devam etmesi 28 \u015eubat&#8217;a kar\u015f\u0131 so\u011fukkanl\u0131 bir de\u011ferlendirme yap\u0131lmas\u0131n\u0131n \u00f6n\u00fcne ge\u00e7mektedir. \u00dczerinden \u00e7eyrek as\u0131r ge\u00e7mesine kar\u015f\u0131n bu s\u00fcrecin sonu\u00e7lar\u0131, kazananlar\u0131, kaybedenleri ve failleri \u00fczerine tarafgir olmayan \u00e7al\u0131\u015fma say\u0131s\u0131 yok denecek kadar azd\u0131r. Var olan \u00e7al\u0131\u015fmalar da t\u00fcm bu s\u00fcreci TSK ve RP aras\u0131na s\u0131k\u0131\u015ft\u0131rmaktad\u0131r. Dolay\u0131s\u0131yla s\u00fcrecin di\u011fer partilerinin bu d\u00f6nemdeki tutumlar\u0131, tutumlar\u0131n\u0131n yerel ve k\u00fcresel konjonkt\u00fcrden kaynakl\u0131 nedenleri ile 28 \u015eubat d\u00f6nemindeki tutumlar\u0131n\u0131n kendileri a\u00e7\u0131s\u0131ndan politik \u00e7\u0131kt\u0131lar\u0131 g\u00f6zden ka\u00e7maktad\u0131r.\u0130\u015fte bu \u00e7al\u0131\u015fma, s\u00fcrecin birer akt\u00f6r\u00fc olan ANAP, CHP, DSP, DYP, MHP, RP ve TSK \u00fczerinden ve t\u00fcm bu akt\u00f6rlerin birbirleriyle olan ili\u015fkilerine dayanarak T\u00fcrk siyasal hayat\u0131 literat\u00fcr\u00fcne so\u011fukkanl\u0131, analitik ve tarafs\u0131z bir katk\u0131 sunmay\u0131 ama\u00e7lamaktad\u0131r. Bu \u00e7al\u0131\u015fma, ayn\u0131 zamanda, g\u00fcn\u00fcm\u00fczdeki kutupla\u015fman\u0131n anla\u015f\u0131lmas\u0131 i\u00e7in akt\u00f6rler \u00fczerinden bir de\u011ferlendirme sunmaktad\u0131r.   CHP \/ Emrah Aslan \u2022 ANAP \/ \u0130nan\u00e7 \u00d6zekmek\u00e7i ve K\u00fcbra \u00dcnal \u2022 MHP \/ Onur Alp Y\u0131lmaz  \u2022 DSP \/ Emrah Konuralp ve Onur Alp Y\u0131lmaz \u2022 TSK \/ Yunus Bar\u0131\u015f Ert\u00fcrk \u2022 DYP \/ \u00d6d\u00fcl Celep \u2022 RP \/ Sel\u00e7uk G\u00fcr\u00e7am  <\/p>\n","protected":false},"excerpt":{"rendered":"<p>G\u00fcn\u00fcm\u00fczde yo\u011funla\u015fan siyasal kutupla\u015fman\u0131n ara\u00e7lar\u0131ndan biri de 28 \u015eubat\u2019t\u0131r. Kutupla\u015fman\u0131n k\u00fclt\u00fcr kamplar\u0131 \u00fczerinden devam etmesi 28 \u015eubat&#8217;a kar\u015f\u0131 so\u011fukkanl\u0131 bir de\u011ferlendirme yap\u0131lmas\u0131n\u0131n \u00f6n\u00fcne ge\u00e7mektedir. \u00dczerinden \u00e7eyrek<span class=\"excerpt-hellip\"> [\u2026]<\/span><\/p>\n","protected":false},"featured_media":0,"template":"","meta":{"_monsterinsights_skip_tracking":false,"_monsterinsights_sitenote_active":false,"_monsterinsights_sitenote_note":"","_monsterinsights_sitenote_category":0},"product_brand":[],"product_cat":[12337,14543],"product_tag":[],"class_list":{"0":"post-737817","1":"product","2":"type-product","3":"status-publish","5":"product_cat-politika-siyaset","6":"product_cat-turkiye-siyaseti-ve-politikasi","7":"pa_cilt-ciltsiz","8":"pa_tur-kitap","9":"pa_yayinevi-nika-yayinevi","10":"pa_yazar-onur-alp-yilmaz","12":"first","13":"instock","14":"sale","15":"shipping-taxable","16":"purchasable","17":"product-type-simple"},"_links":{"self":[{"href":"https:\/\/roveyayinevi.com.tr\/index.php\/wp-json\/wp\/v2\/product\/737817","targetHints":{"allow":["GET"]}}],"collection":[{"href":"https:\/\/roveyayinevi.com.tr\/index.php\/wp-json\/wp\/v2\/product"}],"about":[{"href":"https:\/\/roveyayinevi.com.tr\/index.php\/wp-json\/wp\/v2\/types\/product"}],"wp:attachment":[{"href":"https:\/\/roveyayinevi.com.tr\/index.php\/wp-json\/wp\/v2\/media?parent=737817"}],"wp:term":[{"taxonomy":"product_brand","embeddable":true,"href":"https:\/\/roveyayinevi.com.tr\/index.php\/wp-json\/wp\/v2\/product_brand?post=737817"},{"taxonomy":"product_cat","embeddable":true,"href":"https:\/\/roveyayinevi.com.tr\/index.php\/wp-json\/wp\/v2\/product_cat?post=737817"},{"taxonomy":"product_tag","embeddable":true,"href":"https:\/\/roveyayinevi.com.tr\/index.php\/wp-json\/wp\/v2\/product_tag?post=737817"}],"curies":[{"name":"wp","href":"https:\/\/api.w.org\/{rel}","templated":true}]}}