{"id":737816,"date":"2025-08-27T23:36:23","date_gmt":"2025-08-27T20:36:23","guid":{"rendered":"https:\/\/roveyayinevi.com.tr\/index.php\/urun\/dert-yuku-mekanlar\/"},"modified":"2026-04-16T02:47:39","modified_gmt":"2026-04-15T23:47:39","slug":"dert-yuku-mekanlar","status":"publish","type":"product","link":"https:\/\/roveyayinevi.com.tr\/index.php\/urun\/dert-yuku-mekanlar\/","title":{"rendered":"Dert Y\u00fck\u00fc Mekanlar"},"content":{"rendered":"<p>Ad\u0131ndan da anla\u015f\u0131laca\u011f\u0131 \u00fczere, kitap kentlerin yeni ve eskimeyen sorunlar\u0131n\u0131 oda\u011f\u0131na alm\u0131\u015f. B\u00f6yle bir ele al\u0131\u015f\u0131n pragmatik bir mant\u0131\u011f\u0131 var, gerisinde de gizil bir strateji oldu\u011fu s\u00f6ylenebilir. Kentin y\u00f6netiminden sorumlu olanlara, sorunlar\u0131n \u00e7\u00f6z\u00fcm\u00fcnde yo\u011funla\u015fmalar\u0131n\u0131 s\u00f6yl\u00fcyor, sal\u0131k veriyor denilebilir. Unutulmamal\u0131 ki, bu sorunlar\u0131n ta\u015f\u0131y\u0131c\u0131lar\u0131 kentin hem\u015ferileridir. Yani bizleriz&#8230;Bu sorunlar bireyin \u00f6znelliklerine dayand\u0131r\u0131larak saptan\u0131yorsa bunlar anl\u0131k ve g\u00f6relidir, bu nedenle bir bilimsel ara\u015ft\u0131rma konusu olamayacakt\u0131r. Ama bu sorun \u00f6zneller aras\u0131 ortak saptamalara konu oluyorsa, ya da nesnel g\u00f6zlemlere dayand\u0131r\u0131l\u0131yorsa bilimsel ara\u015ft\u0131rmalara konu olabilecektir. Nitekim bu kitaptaki \u00e7al\u0131\u015fmalar bu niteliktedir. \u0130lhan Tekeli, Nur\u015fen Adak, Aksu Ak\u00e7ao\u011flu, Taner Artan, Ay\u015fe G\u00f6n\u00fcll\u00fc Atakan,Asl\u0131 \u00c7oban, Hasan H\u00fcseyin Ayg\u00fcl, Eylem Beyaz\u0131t, Esra Burcu Sa\u011flam, Aykut \u00c7al\u0131\u015fkan, Efnan Dervi\u015fo\u011flu, Emine D\u00fcndar, Tu\u011fba Elmac\u0131, \u00c7a\u011fr\u0131 Elmas, Tahire Erman, Ali Ekber G\u00fclersoy, Tule G\u00fcltekin, Nevzat G\u00fcm\u00fc\u015f, Muharrem G\u00fcne\u015f, Gazanfer Kaya, Melis O\u011fuz, Emre \u00d6zcan, Salman \u00d6z\u00fcpek\u00e7e, Ay\u015fe \u015eahin, Nuray \u015eahin, Aziz \u015eeker, Levent Ta\u015f, Seda Tekeli, Mehmet Devrim Topses, \u0130smail Tufan, Asuman T\u00fcrk\u00fcn, Sinem Burcu U\u011fur, Nil Uzun, Fikriye Y\u0131lmaz, Sezer Yudulmaz  <\/p>\n","protected":false},"excerpt":{"rendered":"<p>Ad\u0131ndan da anla\u015f\u0131laca\u011f\u0131 \u00fczere, kitap kentlerin yeni ve eskimeyen sorunlar\u0131n\u0131 oda\u011f\u0131na alm\u0131\u015f. B\u00f6yle bir ele al\u0131\u015f\u0131n pragmatik bir mant\u0131\u011f\u0131 var, gerisinde de gizil bir strateji oldu\u011fu<span class=\"excerpt-hellip\"> [\u2026]<\/span><\/p>\n","protected":false},"featured_media":0,"template":"","meta":{"_monsterinsights_skip_tracking":false,"_monsterinsights_sitenote_active":false,"_monsterinsights_sitenote_note":"","_monsterinsights_sitenote_category":0},"product_brand":[],"product_cat":[12835,12324],"product_tag":[],"class_list":{"0":"post-737816","1":"product","2":"type-product","3":"status-publish","5":"product_cat-genel-sosyoloji","6":"product_cat-sosyoloji","7":"pa_cilt-ciltsiz","8":"pa_tur-kitap","9":"pa_yayinevi-nika-yayinevi","10":"pa_yazar-gazanfer-kaya-aziz-seker","12":"first","13":"instock","14":"sale","15":"shipping-taxable","16":"purchasable","17":"product-type-simple"},"_links":{"self":[{"href":"https:\/\/roveyayinevi.com.tr\/index.php\/wp-json\/wp\/v2\/product\/737816","targetHints":{"allow":["GET"]}}],"collection":[{"href":"https:\/\/roveyayinevi.com.tr\/index.php\/wp-json\/wp\/v2\/product"}],"about":[{"href":"https:\/\/roveyayinevi.com.tr\/index.php\/wp-json\/wp\/v2\/types\/product"}],"wp:attachment":[{"href":"https:\/\/roveyayinevi.com.tr\/index.php\/wp-json\/wp\/v2\/media?parent=737816"}],"wp:term":[{"taxonomy":"product_brand","embeddable":true,"href":"https:\/\/roveyayinevi.com.tr\/index.php\/wp-json\/wp\/v2\/product_brand?post=737816"},{"taxonomy":"product_cat","embeddable":true,"href":"https:\/\/roveyayinevi.com.tr\/index.php\/wp-json\/wp\/v2\/product_cat?post=737816"},{"taxonomy":"product_tag","embeddable":true,"href":"https:\/\/roveyayinevi.com.tr\/index.php\/wp-json\/wp\/v2\/product_tag?post=737816"}],"curies":[{"name":"wp","href":"https:\/\/api.w.org\/{rel}","templated":true}]}}