{"id":737815,"date":"2025-08-27T23:36:22","date_gmt":"2025-08-27T20:36:22","guid":{"rendered":"https:\/\/roveyayinevi.com.tr\/index.php\/urun\/akilli-bagisiklik\/"},"modified":"2026-04-16T02:47:39","modified_gmt":"2026-04-15T23:47:39","slug":"akilli-bagisiklik","status":"publish","type":"product","link":"https:\/\/roveyayinevi.com.tr\/index.php\/urun\/akilli-bagisiklik\/","title":{"rendered":"Ak\u0131ll\u0131 Ba\u011f\u0131\u015f\u0131kl\u0131k"},"content":{"rendered":"<p>\u2022 S\u0131k s\u0131k hastalan\u0131yor musun?  \u2022 Kronik a\u011fr\u0131lar\u0131n m\u0131 var?  \u2022 S\u00fcrekli antibiyotik kullanmak zorunda m\u0131 kal\u0131yorsun?  \u2022 Odaklanmakta g\u00fc\u00e7l\u00fck m\u00fc \u00e7ekiyorsun?  \u2022 Karaci\u011ferinde ya\u011flanma m\u0131 var?  \u2022 Fazla kilolar\u0131n\u0131 veremiyor musun?  \u2022 Kendini daima yorgun ve halsiz mi hissediyorsun?  \u2022 Sindirim sorunlar\u0131 pe\u015fini b\u0131rakm\u0131yor mu?  \u2022 Ba\u011f\u0131\u015f\u0131kl\u0131\u011f\u0131n\u0131 g\u00fc\u00e7lendirmek mi istiyorsun?  \u2022 \u00c7evrende Hashimoto, irritabl ba\u011f\u0131rsak, \u00e7\u00f6lyak, tip I diyabet,   romatoid artrit, sedef, egzama, kanser, Parkinson, Alzheimer, Sj\u00f6gren ya da multipl skleroz (MS) hastal\u0131\u011f\u0131 olanlar artt\u0131 m\u0131?   \u2022 Peki, zihin-ruh-beden dengesi i\u00e7indeki b\u00fct\u00fcnc\u00fcl sa\u011fl\u0131\u011f\u0131n ve ya\u015fad\u0131\u011f\u0131n pek \u00e7ok sorunun \u00e7\u00f6z\u00fcm\u00fcne giden yolun \u00f6ncelikle beslenmeden ve hayat tarz\u0131 de\u011fi\u015fikli\u011finden ge\u00e7ti\u011fini biliyor musun?  \u2022 Hastal\u0131klara genetik e\u011filimin olabilir, ama bu asl\u0131nda kaderin de\u011fildir.  \u2022 Tedbirlerini \u00f6nceden alarak var olan sa\u011fl\u0131\u011f\u0131n\u0131 korumay\u0131 \u00f6ncelikli hedefin haline getirebilirsin.    Nas\u0131l m\u0131?  Ba\u011f\u0131\u015f\u0131kl\u0131k s\u0130stem\u0130n\u0130 g\u00fc\u00e7lend\u0130rerek&#8230; \u00dcstelik \u015fimdi elinde e\u015fsiz bir k\u0131lavuz var:  Ak\u0131ll\u0131 Ba\u011f\u0131\u015f\u0131kl\u0131k Bu kitap, do\u011fru ve do\u011fal beslenmeyle sa\u011fl\u0131kl\u0131 olman\u0131n yollar\u0131n\u0131 ke\u015ffediyor. Bunu yaparken zaman zaman bitkilerin b\u00fcy\u00fcl\u00fc d\u00fcnyas\u0131na giriyor, bazen mutfa\u011f\u0131n\u0131zdaki kap kaca\u011fa m\u00fcdahale ediyor, markette dikkat etmeniz gerekenlerden dem vuruyor, ba\u011f\u0131\u015f\u0131kl\u0131\u011f\u0131n \u00e7ok\u00e7a konu\u015fuldu\u011fu bir \u00e7a\u011fda bilimsel verileri herkesin anlayabilece\u011fi yal\u0131n bir dille anlat\u0131yor. <\/p>\n","protected":false},"excerpt":{"rendered":"<p>\u2022 S\u0131k s\u0131k hastalan\u0131yor musun? \u2022 Kronik a\u011fr\u0131lar\u0131n m\u0131 var? \u2022 S\u00fcrekli antibiyotik kullanmak zorunda m\u0131 kal\u0131yorsun? \u2022 Odaklanmakta g\u00fc\u00e7l\u00fck m\u00fc \u00e7ekiyorsun? \u2022 Karaci\u011ferinde ya\u011flanma m\u0131<span class=\"excerpt-hellip\"> [\u2026]<\/span><\/p>\n","protected":false},"featured_media":0,"template":"","meta":{"_monsterinsights_skip_tracking":false,"_monsterinsights_sitenote_active":false,"_monsterinsights_sitenote_note":"","_monsterinsights_sitenote_category":0},"product_brand":[],"product_cat":[13402,13365],"product_tag":[],"class_list":{"0":"post-737815","1":"product","2":"type-product","3":"status-publish","5":"product_cat-beslenme-ve-diyet","6":"product_cat-saglik","7":"pa_cilt-ciltsiz","8":"pa_tur-kitap","9":"pa_yayinevi-dogan-kitap","10":"pa_yazar-hulya-meral-ilkay-keskinel","12":"first","13":"instock","14":"sale","15":"shipping-taxable","16":"purchasable","17":"product-type-simple"},"_links":{"self":[{"href":"https:\/\/roveyayinevi.com.tr\/index.php\/wp-json\/wp\/v2\/product\/737815","targetHints":{"allow":["GET"]}}],"collection":[{"href":"https:\/\/roveyayinevi.com.tr\/index.php\/wp-json\/wp\/v2\/product"}],"about":[{"href":"https:\/\/roveyayinevi.com.tr\/index.php\/wp-json\/wp\/v2\/types\/product"}],"wp:attachment":[{"href":"https:\/\/roveyayinevi.com.tr\/index.php\/wp-json\/wp\/v2\/media?parent=737815"}],"wp:term":[{"taxonomy":"product_brand","embeddable":true,"href":"https:\/\/roveyayinevi.com.tr\/index.php\/wp-json\/wp\/v2\/product_brand?post=737815"},{"taxonomy":"product_cat","embeddable":true,"href":"https:\/\/roveyayinevi.com.tr\/index.php\/wp-json\/wp\/v2\/product_cat?post=737815"},{"taxonomy":"product_tag","embeddable":true,"href":"https:\/\/roveyayinevi.com.tr\/index.php\/wp-json\/wp\/v2\/product_tag?post=737815"}],"curies":[{"name":"wp","href":"https:\/\/api.w.org\/{rel}","templated":true}]}}