{"id":737814,"date":"2025-08-27T23:36:22","date_gmt":"2025-08-27T20:36:22","guid":{"rendered":"https:\/\/roveyayinevi.com.tr\/index.php\/urun\/eros-ve-sanat\/"},"modified":"2026-04-16T02:47:39","modified_gmt":"2026-04-15T23:47:39","slug":"eros-ve-sanat","status":"publish","type":"product","link":"https:\/\/roveyayinevi.com.tr\/index.php\/urun\/eros-ve-sanat\/","title":{"rendered":"Eros Ve Sanat"},"content":{"rendered":"<p>Bataille\u2019\u0131n antropolojisinde insan, sadece icat ettig\u0306i aletlerle ak\u0131ll\u0131 is\u0327ler yaparak insan olmuyor. Arzular\u0131 ve hayalleriyle de insan oluyor. Erotizmi kes\u0327federek ve sanat\u0131 yaratarak insan oluyor. Antik dinler ve mitolojiler bu kaynaklardan tu\u0308ru\u0308yor. Antik Yunan ku\u0308ltu\u0308ru\u0308ne egemen olan erotizm ile sanat\u0131n birlig\u0306i, Ortac\u0327ag\u0306\u2019da gerilerken, Ro\u0308nesans\u2019la yeniden canlan\u0131yor ve hu\u0308manizmi gu\u0308du\u0308lu\u0308yor. 18. yu\u0308zy\u0131lda romantik filozoflarla birlikte estetig\u0306in ve sanat\u0131n o\u0308zerkles\u0327mesi olay\u0131n\u0131n temelini olus\u0327turuyor. Erotizm-sanat birlig\u0306i, estetik modernizmin ve avangard\u0131n o\u0308rgu\u0308tlenmesiyle iyice politikles\u0327iyor ve rasyonalist dogmalara kars\u0327\u0131, faydaya ve is\u0327leve indirgenmis\u0327 disiplinlere kars\u0327\u0131 arzunun, hayal gu\u0308cu\u0308nu\u0308n, bu\u0308yu\u0308nu\u0308n, du\u0308s\u0327u\u0308n, oyunun yarat\u0131c\u0131l\u0131g\u0306\u0131n\u0131 seferber ediyor. <\/p>\n","protected":false},"excerpt":{"rendered":"<p>Bataille\u2019\u0131n antropolojisinde insan, sadece icat ettig\u0306i aletlerle ak\u0131ll\u0131 is\u0327ler yaparak insan olmuyor. Arzular\u0131 ve hayalleriyle de insan oluyor. Erotizmi kes\u0327federek ve sanat\u0131 yaratarak insan oluyor. Antik<span class=\"excerpt-hellip\"> [\u2026]<\/span><\/p>\n","protected":false},"featured_media":0,"template":"","meta":{"_monsterinsights_skip_tracking":false,"_monsterinsights_sitenote_active":false,"_monsterinsights_sitenote_note":"","_monsterinsights_sitenote_category":0},"product_brand":[],"product_cat":[44608,12408],"product_tag":[],"class_list":{"0":"post-737814","1":"product","2":"type-product","3":"status-publish","5":"product_cat-diger-sanat","6":"product_cat-sanat","7":"pa_cilt-ciltsiz","8":"pa_tur-kitap","9":"pa_yayinevi-iletisim-yayinlari","10":"pa_yazar-ali-artun","12":"first","13":"instock","14":"sale","15":"shipping-taxable","16":"purchasable","17":"product-type-simple"},"_links":{"self":[{"href":"https:\/\/roveyayinevi.com.tr\/index.php\/wp-json\/wp\/v2\/product\/737814","targetHints":{"allow":["GET"]}}],"collection":[{"href":"https:\/\/roveyayinevi.com.tr\/index.php\/wp-json\/wp\/v2\/product"}],"about":[{"href":"https:\/\/roveyayinevi.com.tr\/index.php\/wp-json\/wp\/v2\/types\/product"}],"wp:attachment":[{"href":"https:\/\/roveyayinevi.com.tr\/index.php\/wp-json\/wp\/v2\/media?parent=737814"}],"wp:term":[{"taxonomy":"product_brand","embeddable":true,"href":"https:\/\/roveyayinevi.com.tr\/index.php\/wp-json\/wp\/v2\/product_brand?post=737814"},{"taxonomy":"product_cat","embeddable":true,"href":"https:\/\/roveyayinevi.com.tr\/index.php\/wp-json\/wp\/v2\/product_cat?post=737814"},{"taxonomy":"product_tag","embeddable":true,"href":"https:\/\/roveyayinevi.com.tr\/index.php\/wp-json\/wp\/v2\/product_tag?post=737814"}],"curies":[{"name":"wp","href":"https:\/\/api.w.org\/{rel}","templated":true}]}}