{"id":737812,"date":"2025-08-27T23:36:19","date_gmt":"2025-08-27T20:36:19","guid":{"rendered":"https:\/\/roveyayinevi.com.tr\/index.php\/urun\/freudun-teorisinde-ve-psikanalizin-tekniginde-ben\/"},"modified":"2026-04-16T02:47:39","modified_gmt":"2026-04-15T23:47:39","slug":"freudun-teorisinde-ve-psikanalizin-tekniginde-ben","status":"publish","type":"product","link":"https:\/\/roveyayinevi.com.tr\/index.php\/urun\/freudun-teorisinde-ve-psikanalizin-tekniginde-ben\/","title":{"rendered":"Freud&#8217;un Teorisinde Ve Psikanalizin Tekni\u011finde Ben"},"content":{"rendered":"<p>Jacques Lacan bu seminerinde Sigmund Freud\u2019un yorumlanmas\u0131na odaklan\u0131yor yine: \u00d6zellikle Freud\u2019un en \u00f6nemli metinlerinden sayd\u0131\u011f\u0131 Haz \u0130lkesinin \u00d6tesinde\u2019nin yan\u0131 s\u0131ra psikanaliz tarihinde bir d\u00f6n\u00fcm noktas\u0131 olu\u015fturan \u201cIrma\u2019ya \u0130\u011fne Yap\u0131lmas\u0131 R\u00fcyas\u0131\u201dndan yola \u00e7\u0131karak, bir yandan Freud\u2019un geleneksel ben tasavvurundan nas\u0131l koptu\u011funu g\u00f6steriyor, bir yandan da Freud\u2019dan sonra bu tasavvurdan uzakla\u015f\u0131lmas\u0131n\u0131 \u00f6rnekleriyle ele\u015ftiriyor.Edgar A. Poe\u2019nun \u00fcnl\u00fc \u00f6yk\u00fcs\u00fc \u201c\u00c7al\u0131nm\u0131\u015f Mektup\u201dtan ve d\u00f6nemin \u00f6nc\u00fc bilimi sibernetikten yola \u00e7\u0131karak da simgesel d\u00fczeni ve \u00f6zneleraras\u0131l\u0131\u011f\u0131 tart\u0131\u015f\u0131yor. Claude L\u00e9vi-Strauss, Alexandre Koyr\u00e9, Maurice Merleau-Ponty ve Jean Hyppolite gibi d\u00fc\u015f\u00fcn\u00fcrlerin gerek konferanslar\u0131 gerekse eserleriyle girilen diyalog semineri daha bir zenginle\u015ftiriyor. Freud\u2019un Teorisinde ve Psikanalizin Tekni\u011finde Ben, psikanalizin yan\u0131 s\u0131ra felsefe ve be\u015feri bilimlere ilgi duyan okurlar\u0131n yararlanaca\u011f\u0131n\u0131 umdu\u011fumuz bir kitap.<\/p>\n","protected":false},"excerpt":{"rendered":"<p>Jacques Lacan bu seminerinde Sigmund Freud\u2019un yorumlanmas\u0131na odaklan\u0131yor yine: \u00d6zellikle Freud\u2019un en \u00f6nemli metinlerinden sayd\u0131\u011f\u0131 Haz \u0130lkesinin \u00d6tesinde\u2019nin yan\u0131 s\u0131ra psikanaliz tarihinde bir d\u00f6n\u00fcm noktas\u0131 olu\u015fturan<span class=\"excerpt-hellip\"> [\u2026]<\/span><\/p>\n","protected":false},"featured_media":0,"template":"","meta":{"_monsterinsights_skip_tracking":false,"_monsterinsights_sitenote_active":false,"_monsterinsights_sitenote_note":"","_monsterinsights_sitenote_category":0},"product_brand":[],"product_cat":[12358,12357],"product_tag":[],"class_list":{"0":"post-737812","1":"product","2":"type-product","3":"status-publish","5":"product_cat-genel-psikoloji","6":"product_cat-psikoloji","7":"pa_cilt-ciltsiz","8":"pa_tur-kitap","9":"pa_yayinevi-metis-yayinlari","10":"pa_yazar-jacques-lacan","12":"first","13":"instock","14":"sale","15":"shipping-taxable","16":"purchasable","17":"product-type-simple"},"_links":{"self":[{"href":"https:\/\/roveyayinevi.com.tr\/index.php\/wp-json\/wp\/v2\/product\/737812","targetHints":{"allow":["GET"]}}],"collection":[{"href":"https:\/\/roveyayinevi.com.tr\/index.php\/wp-json\/wp\/v2\/product"}],"about":[{"href":"https:\/\/roveyayinevi.com.tr\/index.php\/wp-json\/wp\/v2\/types\/product"}],"wp:attachment":[{"href":"https:\/\/roveyayinevi.com.tr\/index.php\/wp-json\/wp\/v2\/media?parent=737812"}],"wp:term":[{"taxonomy":"product_brand","embeddable":true,"href":"https:\/\/roveyayinevi.com.tr\/index.php\/wp-json\/wp\/v2\/product_brand?post=737812"},{"taxonomy":"product_cat","embeddable":true,"href":"https:\/\/roveyayinevi.com.tr\/index.php\/wp-json\/wp\/v2\/product_cat?post=737812"},{"taxonomy":"product_tag","embeddable":true,"href":"https:\/\/roveyayinevi.com.tr\/index.php\/wp-json\/wp\/v2\/product_tag?post=737812"}],"curies":[{"name":"wp","href":"https:\/\/api.w.org\/{rel}","templated":true}]}}