{"id":737811,"date":"2025-08-27T23:36:19","date_gmt":"2025-08-27T20:36:19","guid":{"rendered":"https:\/\/roveyayinevi.com.tr\/index.php\/urun\/ecce-monstrum\/"},"modified":"2026-04-16T02:47:39","modified_gmt":"2026-04-15T23:47:39","slug":"ecce-monstrum","status":"publish","type":"product","link":"https:\/\/roveyayinevi.com.tr\/index.php\/urun\/ecce-monstrum\/","title":{"rendered":"Ecce Monstrum"},"content":{"rendered":"<p>Bir \u00f6l\u00fcm yaz\u0131s\u0131. Kesik s\u00f6z ve ses. Ne diyordu? Tam olarak ne dedi? Bir anlam, belki. Sadece bir tesad\u00fcf. Rassal ifade. In extremis. Ciddi de\u011fil, yine de ka\u015flar\u0131 \u00e7at\u0131k, g\u00fcl\u00fcyor da. Bir anar\u015fi sahnesi . Ter\u00f6r b\u00fct\u00fcn et ve her \u015feyden ta\u015f\u0131yor. Karga\u015fa. Ad\u0131n\u0131 kendi kendine yedi, bu y\u00fczden bir ad\u0131 yok. Neyin? Ne dedi? Biz sadece irin bo\u015faltt\u0131k ve bir uyanma s\u00fcresi kadar. Tekrar. Bir y\u0131ld\u0131r\u0131m s\u00fcresi. An. O ne yapt\u0131? O, tam olarak, ne yapt\u0131?\u0130yi hazmedilebilecek bir Nietzsche d\u00fc\u015fleyen ahmaklar\u0131n hilaf\u0131nad\u0131r bu! <\/p>\n","protected":false},"excerpt":{"rendered":"<p>Bir \u00f6l\u00fcm yaz\u0131s\u0131. Kesik s\u00f6z ve ses. Ne diyordu? Tam olarak ne dedi? Bir anlam, belki. Sadece bir tesad\u00fcf. Rassal ifade. In extremis. Ciddi de\u011fil, yine<span class=\"excerpt-hellip\"> [\u2026]<\/span><\/p>\n","protected":false},"featured_media":0,"template":"","meta":{"_monsterinsights_skip_tracking":false,"_monsterinsights_sitenote_active":false,"_monsterinsights_sitenote_note":"","_monsterinsights_sitenote_category":0},"product_brand":[],"product_cat":[12388,13555],"product_tag":[],"class_list":{"0":"post-737811","1":"product","2":"type-product","3":"status-publish","5":"product_cat-felsefe","6":"product_cat-genel-felsefe","7":"pa_cilt-ciltsiz","8":"pa_tur-kitap","9":"pa_yayinevi-nika-yayinevi","10":"pa_yazar-guney-cegin-hasan-kara","12":"first","13":"instock","14":"sale","15":"shipping-taxable","16":"purchasable","17":"product-type-simple"},"_links":{"self":[{"href":"https:\/\/roveyayinevi.com.tr\/index.php\/wp-json\/wp\/v2\/product\/737811","targetHints":{"allow":["GET"]}}],"collection":[{"href":"https:\/\/roveyayinevi.com.tr\/index.php\/wp-json\/wp\/v2\/product"}],"about":[{"href":"https:\/\/roveyayinevi.com.tr\/index.php\/wp-json\/wp\/v2\/types\/product"}],"wp:attachment":[{"href":"https:\/\/roveyayinevi.com.tr\/index.php\/wp-json\/wp\/v2\/media?parent=737811"}],"wp:term":[{"taxonomy":"product_brand","embeddable":true,"href":"https:\/\/roveyayinevi.com.tr\/index.php\/wp-json\/wp\/v2\/product_brand?post=737811"},{"taxonomy":"product_cat","embeddable":true,"href":"https:\/\/roveyayinevi.com.tr\/index.php\/wp-json\/wp\/v2\/product_cat?post=737811"},{"taxonomy":"product_tag","embeddable":true,"href":"https:\/\/roveyayinevi.com.tr\/index.php\/wp-json\/wp\/v2\/product_tag?post=737811"}],"curies":[{"name":"wp","href":"https:\/\/api.w.org\/{rel}","templated":true}]}}