{"id":737810,"date":"2025-08-27T23:36:17","date_gmt":"2025-08-27T20:36:17","guid":{"rendered":"https:\/\/roveyayinevi.com.tr\/index.php\/urun\/thales-ve-bilgelik-tahti\/"},"modified":"2026-04-16T02:47:39","modified_gmt":"2026-04-15T23:47:39","slug":"thales-ve-bilgelik-tahti","status":"publish","type":"product","link":"https:\/\/roveyayinevi.com.tr\/index.php\/urun\/thales-ve-bilgelik-tahti\/","title":{"rendered":"Thales ve Bilgelik Taht\u0131"},"content":{"rendered":"<p>Thales ve Bilgelik Taht\u0131, Metis K\u00fc\u00e7\u00fck Filozoflar dizisinin 27. kitab\u0131 olarak yay\u0131mlan\u0131yor. Demirci tanr\u0131 Hefaistos d\u00fcnyaya bar\u0131\u015f gelsin diye alt\u0131n bir taht yapar. Ne var ki yeni sava\u015flar \u00e7\u0131karmaktan ba\u015fka bir i\u015fe yaramaz eseri. Bu tahta oturmay\u0131 ancak insanlar\u0131n en bilgesi hak ediyordur. Filozof Thales\u2019le birlikte i\u015fte bu insan\u0131n pe\u015fine d\u00fc\u015f\u00fcyoruz. Sahi, nedir bilgelik? Kime bilge denebilir? K\u00fc\u00e7\u00fck Filozoflar Dizisi, 9 &#8211; 14 ya\u015f \u00e7ocuklar\u0131 i\u00e7in filozoflar\u0131n hik\u00e2yelerini anlatan \u00e7ok g\u00fczel resimlenmi\u015f kitaplardan olu\u015fuyor. Diziyle \u00e7ocuklar\u0131n felsefeye zevkli bir giri\u015f yapmalar\u0131n\u0131, kendi sorular\u0131n\u0131n pe\u015finden gitme al\u0131\u015fkanl\u0131\u011f\u0131 kazanmalar\u0131n\u0131 ama\u00e7l\u0131yoruz. <\/p>\n","protected":false},"excerpt":{"rendered":"<p>Thales ve Bilgelik Taht\u0131, Metis K\u00fc\u00e7\u00fck Filozoflar dizisinin 27. kitab\u0131 olarak yay\u0131mlan\u0131yor. Demirci tanr\u0131 Hefaistos d\u00fcnyaya bar\u0131\u015f gelsin diye alt\u0131n bir taht yapar. Ne var ki<span class=\"excerpt-hellip\"> [\u2026]<\/span><\/p>\n","protected":false},"featured_media":0,"template":"","meta":{"_monsterinsights_skip_tracking":false,"_monsterinsights_sitenote_active":false,"_monsterinsights_sitenote_note":"","_monsterinsights_sitenote_category":0},"product_brand":[],"product_cat":[12275,12274],"product_tag":[],"class_list":{"0":"post-737810","1":"product","2":"type-product","3":"status-publish","5":"product_cat-6-12-yas-kitaplari","6":"product_cat-cocuk-ve-genclik-kitaplari","7":"pa_cilt-ciltsiz","8":"pa_tur-kitap","9":"pa_yayinevi-metis-yayinlari","10":"pa_yazar-yan-marchand","12":"first","13":"instock","14":"sale","15":"shipping-taxable","16":"purchasable","17":"product-type-simple"},"_links":{"self":[{"href":"https:\/\/roveyayinevi.com.tr\/index.php\/wp-json\/wp\/v2\/product\/737810","targetHints":{"allow":["GET"]}}],"collection":[{"href":"https:\/\/roveyayinevi.com.tr\/index.php\/wp-json\/wp\/v2\/product"}],"about":[{"href":"https:\/\/roveyayinevi.com.tr\/index.php\/wp-json\/wp\/v2\/types\/product"}],"wp:attachment":[{"href":"https:\/\/roveyayinevi.com.tr\/index.php\/wp-json\/wp\/v2\/media?parent=737810"}],"wp:term":[{"taxonomy":"product_brand","embeddable":true,"href":"https:\/\/roveyayinevi.com.tr\/index.php\/wp-json\/wp\/v2\/product_brand?post=737810"},{"taxonomy":"product_cat","embeddable":true,"href":"https:\/\/roveyayinevi.com.tr\/index.php\/wp-json\/wp\/v2\/product_cat?post=737810"},{"taxonomy":"product_tag","embeddable":true,"href":"https:\/\/roveyayinevi.com.tr\/index.php\/wp-json\/wp\/v2\/product_tag?post=737810"}],"curies":[{"name":"wp","href":"https:\/\/api.w.org\/{rel}","templated":true}]}}