{"id":737809,"date":"2025-08-27T23:36:16","date_gmt":"2025-08-27T20:36:16","guid":{"rendered":"https:\/\/roveyayinevi.com.tr\/index.php\/urun\/gidelim-buralardan-muhlis\/"},"modified":"2026-04-16T02:47:39","modified_gmt":"2026-04-15T23:47:39","slug":"gidelim-buralardan-muhlis","status":"publish","type":"product","link":"https:\/\/roveyayinevi.com.tr\/index.php\/urun\/gidelim-buralardan-muhlis\/","title":{"rendered":"Gidelim Buralardan Muhlis"},"content":{"rendered":"<p>\u201cKimse bugu\u0308ne kadar bana gelip de seni ru\u0308yamda go\u0308rdu\u0308m demedi. Yani du\u0308s\u0327u\u0308n onca o\u0308mu\u0308r tu\u0308ketmis\u0327im. Onca kis\u0327iyle hukukum olmus\u0327 ama kimse gelip de demedi. Bas\u0327kas\u0131n\u0131n ru\u0308yas\u0131na girmedim hic\u0327. Yalandan bile olsa ona da raz\u0131yd\u0131m ama biri gelip duymak istedig\u0306im o cu\u0308mleyi so\u0308ylemedi. Allah sanki yaln\u0131zl\u0131g\u0306\u0131 herkese pay ettikten sonra kalan\u0131n\u0131 o\u0308ylece bana b\u0131rakm\u0131s\u0327. I\u0307stasyonda herkesi ug\u0306urlayan, herkesin arkas\u0131ndan el sallayan adam\u0131m ben. Onlar bavul al\u0131p gittiler de o\u0308zlemlerini tas\u0327\u0131yan ben kald\u0131m. Kalakald\u0131m. Yetmedi. Kendi Fatiha\u2019m\u0131 okuyup duruyorum gecelerdir. Hep ayn\u0131 ru\u0308yay\u0131 go\u0308ru\u0308p duruyorum. Ru\u0308yamda mevsimler, gece gu\u0308ndu\u0308z deg\u0306is\u0327se de ru\u0308ya deg\u0306is\u0327miyor.\u201d Muhlis ve Nurgu\u0308l iki yapayaln\u0131z. \u201cGidelim buralardan\u201d, dedi Nurgu\u0308l. Sevdig\u0306ini dog\u0306rudan so\u0308ylese anca bu kadar olurdu, nefes almay\u0131 unuttu Muhlis. C\u0327ay fokurtular\u0131ndan, dedikodulardan, duvardaki S\u0327ahmeran tablosundan, is\u0327lemeli dantellerden, s\u0327erden beladan, kapanmayan veresiye defterinden, to\u0308vbesi olmayan veballerden, kara bulutlardan uzaklara gidebilecekler miydi? Ko\u0308pekler ve yag\u0306murdan bas\u0327ka kimseyi s\u0327ahit etmeden&#8230; Ali I\u0307pek, hepimizin as\u0327ina oldug\u0306u kac\u0327\u0131p gitme isteg\u0306ini, b\u0131rak\u0131p da gidememe ikilemini, yersiz yurtsuzluk hissini otantik u\u0308slubuyla anlat\u0131yor. Gidelim Buralardan Muhlis, tas\u0327ra ruhuyla daralm\u0131s\u0327 bir as\u0327k hika\u0302yesi, yar\u0131 masals\u0131, s\u0327as\u0327\u0131rt\u0131c\u0131 bir kara-novella.<\/p>\n","protected":false},"excerpt":{"rendered":"<p>\u201cKimse bugu\u0308ne kadar bana gelip de seni ru\u0308yamda go\u0308rdu\u0308m demedi. Yani du\u0308s\u0327u\u0308n onca o\u0308mu\u0308r tu\u0308ketmis\u0327im. Onca kis\u0327iyle hukukum olmus\u0327 ama kimse gelip de demedi. Bas\u0327kas\u0131n\u0131n ru\u0308yas\u0131na<span class=\"excerpt-hellip\"> [\u2026]<\/span><\/p>\n","protected":false},"featured_media":0,"template":"","meta":{"_monsterinsights_skip_tracking":false,"_monsterinsights_sitenote_active":false,"_monsterinsights_sitenote_note":"","_monsterinsights_sitenote_category":0},"product_brand":[],"product_cat":[12291,12711],"product_tag":[],"class_list":{"0":"post-737809","1":"product","2":"type-product","3":"status-publish","5":"product_cat-edebiyat","6":"product_cat-roman-oyku","7":"pa_cilt-ciltsiz","8":"pa_tur-kitap","9":"pa_yayinevi-iletisim-yayinlari","10":"pa_yazar-ali-ipek","12":"first","13":"instock","14":"sale","15":"shipping-taxable","16":"purchasable","17":"product-type-simple"},"_links":{"self":[{"href":"https:\/\/roveyayinevi.com.tr\/index.php\/wp-json\/wp\/v2\/product\/737809","targetHints":{"allow":["GET"]}}],"collection":[{"href":"https:\/\/roveyayinevi.com.tr\/index.php\/wp-json\/wp\/v2\/product"}],"about":[{"href":"https:\/\/roveyayinevi.com.tr\/index.php\/wp-json\/wp\/v2\/types\/product"}],"wp:attachment":[{"href":"https:\/\/roveyayinevi.com.tr\/index.php\/wp-json\/wp\/v2\/media?parent=737809"}],"wp:term":[{"taxonomy":"product_brand","embeddable":true,"href":"https:\/\/roveyayinevi.com.tr\/index.php\/wp-json\/wp\/v2\/product_brand?post=737809"},{"taxonomy":"product_cat","embeddable":true,"href":"https:\/\/roveyayinevi.com.tr\/index.php\/wp-json\/wp\/v2\/product_cat?post=737809"},{"taxonomy":"product_tag","embeddable":true,"href":"https:\/\/roveyayinevi.com.tr\/index.php\/wp-json\/wp\/v2\/product_tag?post=737809"}],"curies":[{"name":"wp","href":"https:\/\/api.w.org\/{rel}","templated":true}]}}