{"id":737806,"date":"2025-08-27T23:36:13","date_gmt":"2025-08-27T20:36:13","guid":{"rendered":"https:\/\/roveyayinevi.com.tr\/index.php\/urun\/yeni-turkcenin-kapilari-1\/"},"modified":"2026-04-16T02:47:39","modified_gmt":"2026-04-15T23:47:39","slug":"yeni-turkcenin-kapilari-1","status":"publish","type":"product","link":"https:\/\/roveyayinevi.com.tr\/index.php\/urun\/yeni-turkcenin-kapilari-1\/","title":{"rendered":"Yeni T\u00fcrk\u00e7enin Kap\u0131lar\u0131-1"},"content":{"rendered":"<p>Yabanc\u0131lara T\u00fcrk\u00e7e \u00f6\u011freten \u201cYeni T\u00fcrk\u00e7enin Kap\u0131lar\u0131 1\u201d \u00fc\u00e7 kitapl\u0131k dizinin birinci kitab\u0131d\u0131r. Yap\u0131sal olarak dosya sistemini korudum. Dosya ba\u015f\u0131ndaki bilgileri, dosya i\u00e7eri\u011fini daha a\u00e7\u0131k yans\u0131tacak bir bi\u00e7imde d\u00fczenledim. Herhangi bir dosyaya bak\u0131ld\u0131\u011f\u0131nda S\u00f6z Edimleri, S\u00f6zvarl\u0131\u011f\u0131, S\u00f6ylem T\u00fcr\u00fc, Dilbilgisi ve Dilsel G\u00f6rev ba\u015fl\u0131klar\u0131 g\u00f6r\u00fclecektir. S\u00f6z edimi terimi ile \u00f6\u011frenenin ileti\u015fim gereksinimleri, s\u00f6zvarl\u0131\u011f\u0131 ileti\u015fim gereksinimlerini kar\u015f\u0131larken gereksinim duyulacak her t\u00fcr s\u00f6zc\u00fck, s\u00f6ylem t\u00fcr\u00fc kavram\u0131 ile yaz\u0131l\u0131 veya s\u00f6zl\u00fc her t\u00fcr dilsel \u00fcretim, dilbilgisi ise s\u00f6z ediminin ger\u00e7ekle\u015ftirilmesi i\u00e7in gereksinim duyulan dilsel kurallar belirtilmektedir. Her dosya birden \u00e7ok dilsel g\u00f6revi ger\u00e7ekle\u015ftirebilecek ara\u00e7lar sunmaktad\u0131r. Dizili\u015fte \u00f6nceli\u011fin ileti\u015fime verildi\u011fi, dilbilgisinin onun arkas\u0131ndan geldi\u011fi ve her t\u00fcr dil \u00f6\u011fretim\/\u00f6\u011frenim etkinli\u011finin son amac\u0131n\u0131n dilsel bir g\u00f6rev yerine getirmek oldu\u011fu d\u00fc\u015f\u00fcncesi y\u00f6nlendirici olmu\u015ftur.   Ayr\u0131 iki kitap olmamas\u0131 ve ta\u015f\u0131ma kolayl\u0131\u011f\u0131 sa\u011flamas\u0131 a\u00e7\u0131s\u0131ndan kitab\u0131n arkas\u0131nda ve ters y\u00fcz\u00fcnde Yeni T\u00fcrk\u00e7enin Kap\u0131lar\u0131 1 Anahtar Al\u0131\u015ft\u0131rma Kitab\u0131 yer almaktad\u0131r. Yan\u0131t Anahtarlar\u0131 numaraland\u0131r\u0131lm\u0131\u015f olarak kitapta bulunmaktad\u0131r. Dosyalar\u0131n ilk \u00fc\u00e7\u00fc \u00fc\u00e7er ders ve birer de\u011ferlendirme sayfas\u0131 i\u00e7ermektedir. Bu b\u00f6l\u00fcm\u00fcn CEFR 2018\u2019de s\u00f6z\u00fc edilen A1 \u00d6ncesi d\u00fczeyine kar\u015f\u0131l\u0131k geldi\u011fi d\u00fc\u015f\u00fcncesindeyim. Fakat okuryazar olmayan yabanc\u0131 \u00f6\u011frenciler i\u00e7in \u00f6ncesinde okuma yazma etkinliklerine daha fazla yer verilmesi gerekti\u011fini hat\u0131rlatmal\u0131y\u0131m. D\u00f6rd\u00fcnc\u00fc dosyadan ba\u015flayarak, her dosya be\u015f ikiz etkinlik ve bir de\u011ferlendirme sayfas\u0131 i\u00e7ermektedir. Sekizinci dosya genel bir de\u011ferlendirme gereksinimi nedeniyle daha fazla de\u011ferlendirme etkinli\u011fi i\u00e7eriyor olmas\u0131yla di\u011ferlerinden ayr\u0131lmaktad\u0131r.   \u0130kiz sayfalarda sol sayfan\u0131n sunu\u015f, sa\u011f sayfan\u0131n ise kavramla\u015ft\u0131rma ve yeniden kullan\u0131m etkinliklerine ayr\u0131lm\u0131\u015f olmas\u0131n\u0131n hem \u00f6\u011frenci hem \u00f6\u011fretmen a\u00e7\u0131s\u0131ndan \u00e7ok yararl\u0131 oldu\u011fu kan\u0131s\u0131nday\u0131m. Sunu\u015f sayfas\u0131, daha \u00e7ok g\u00f6rsel \u00f6\u011feyle desteklendi; bu y\u00f6n\u00fcyle, \u00f6\u011fretmenlerin i\u015fini kolayla\u015ft\u0131ran bir yakla\u015f\u0131m benimsendi. Konu\u015fmalar\u0131n olabildi\u011fince k\u0131sa ve do\u011fal konu\u015fmay\u0131 and\u0131rmas\u0131na \u00f6zen g\u00f6sterilmi\u015ftir. S\u00f6ylem t\u00fcrlerinden \u00f6zellikle ilanlar\u0131n, biletlerin, afi\u015flerin, bro\u015f\u00fcrlerin, kataloglar\u0131n vb. \u00f6zg\u00fcn olmas\u0131na \u00f6zen g\u00f6sterilmi\u015ftir. Di\u011fer s\u00f6ylem t\u00fcrlerinde do\u011fala yak\u0131n kurmaca metinler \u00fcretilmi\u015ftir. Yeni T\u00fcrk\u00e7enin Kap\u0131lar\u0131 1\u2019in seslendirmeleri profesyonel bir ortamda ve ki\u015filerce yap\u0131lm\u0131\u015ft\u0131r. Seslendirmelerde \u00f6\u011frencilerin d\u00fczeyi g\u00f6z \u00f6n\u00fcnde bulundurulmu\u015f do\u011fal konu\u015fma h\u0131z\u0131n\u0131n yan\u0131 s\u0131ra yava\u015flat\u0131lm\u0131\u015f h\u0131zda da dinleme olana\u011f\u0131 sunulmu\u015ftur.<\/p>\n","protected":false},"excerpt":{"rendered":"<p>Yabanc\u0131lara T\u00fcrk\u00e7e \u00f6\u011freten \u201cYeni T\u00fcrk\u00e7enin Kap\u0131lar\u0131 1\u201d \u00fc\u00e7 kitapl\u0131k dizinin birinci kitab\u0131d\u0131r. Yap\u0131sal olarak dosya sistemini korudum. Dosya ba\u015f\u0131ndaki bilgileri, dosya i\u00e7eri\u011fini daha a\u00e7\u0131k yans\u0131tacak bir<span class=\"excerpt-hellip\"> [\u2026]<\/span><\/p>\n","protected":false},"featured_media":0,"template":"","meta":{"_monsterinsights_skip_tracking":false,"_monsterinsights_sitenote_active":false,"_monsterinsights_sitenote_note":"","_monsterinsights_sitenote_category":0},"product_brand":[],"product_cat":[14597,12566,32356],"product_tag":[],"class_list":{"0":"post-737806","1":"product","2":"type-product","3":"status-publish","5":"product_cat-dil-ogrenimi","6":"product_cat-egitim","7":"product_cat-turkce","8":"pa_cilt-ciltsiz","9":"pa_tur-kitap","10":"pa_yayinevi-delta-kultur-yayinevi","11":"pa_yazar-yusuf-polat","13":"first","14":"instock","15":"sale","16":"shipping-taxable","17":"purchasable","18":"product-type-simple"},"_links":{"self":[{"href":"https:\/\/roveyayinevi.com.tr\/index.php\/wp-json\/wp\/v2\/product\/737806","targetHints":{"allow":["GET"]}}],"collection":[{"href":"https:\/\/roveyayinevi.com.tr\/index.php\/wp-json\/wp\/v2\/product"}],"about":[{"href":"https:\/\/roveyayinevi.com.tr\/index.php\/wp-json\/wp\/v2\/types\/product"}],"wp:attachment":[{"href":"https:\/\/roveyayinevi.com.tr\/index.php\/wp-json\/wp\/v2\/media?parent=737806"}],"wp:term":[{"taxonomy":"product_brand","embeddable":true,"href":"https:\/\/roveyayinevi.com.tr\/index.php\/wp-json\/wp\/v2\/product_brand?post=737806"},{"taxonomy":"product_cat","embeddable":true,"href":"https:\/\/roveyayinevi.com.tr\/index.php\/wp-json\/wp\/v2\/product_cat?post=737806"},{"taxonomy":"product_tag","embeddable":true,"href":"https:\/\/roveyayinevi.com.tr\/index.php\/wp-json\/wp\/v2\/product_tag?post=737806"}],"curies":[{"name":"wp","href":"https:\/\/api.w.org\/{rel}","templated":true}]}}