{"id":737805,"date":"2025-08-27T23:36:12","date_gmt":"2025-08-27T20:36:12","guid":{"rendered":"https:\/\/roveyayinevi.com.tr\/index.php\/urun\/yuregimi-avuclarina-biraktim-dusurme-e-mi\/"},"modified":"2026-04-16T02:47:39","modified_gmt":"2026-04-15T23:47:39","slug":"yuregimi-avuclarina-biraktim-dusurme-e-mi","status":"publish","type":"product","link":"https:\/\/roveyayinevi.com.tr\/index.php\/urun\/yuregimi-avuclarina-biraktim-dusurme-e-mi\/","title":{"rendered":"Y\u00fcre\u011fimi Avu\u00e7lar\u0131na B\u0131rakt\u0131m D\u00fc\u015f\u00fcrme E Mi?"},"content":{"rendered":"<p>YARIMSIN YALNIZKEN Bir tohum D\u00fc\u015fer y\u00fcre\u011fe S\u00fcr\u00fcm verir filizler Fide olur \u00c7o\u011fal\u0131r orman olur Bulursun di\u011fer yar\u0131n\u0131 Y\u00fcre\u011fi y\u00fcre\u011fin olur Tamamlan\u0131rs\u0131n <\/p>\n","protected":false},"excerpt":{"rendered":"<p>YARIMSIN YALNIZKEN Bir tohum D\u00fc\u015fer y\u00fcre\u011fe S\u00fcr\u00fcm verir filizler Fide olur \u00c7o\u011fal\u0131r orman olur Bulursun di\u011fer yar\u0131n\u0131 Y\u00fcre\u011fi y\u00fcre\u011fin olur Tamamlan\u0131rs\u0131n<\/p>\n","protected":false},"featured_media":0,"template":"","meta":{"_monsterinsights_skip_tracking":false,"_monsterinsights_sitenote_active":false,"_monsterinsights_sitenote_note":"","_monsterinsights_sitenote_category":0},"product_brand":[],"product_cat":[12291,12509],"product_tag":[],"class_list":{"0":"post-737805","1":"product","2":"type-product","3":"status-publish","5":"product_cat-edebiyat","6":"product_cat-siir","7":"pa_cilt-ciltsiz","8":"pa_tur-kitap","9":"pa_yayinevi-kitap-muptelasi-yayinlari","10":"pa_yazar-tandogan-sonmez","12":"first","13":"instock","14":"sale","15":"shipping-taxable","16":"purchasable","17":"product-type-simple"},"_links":{"self":[{"href":"https:\/\/roveyayinevi.com.tr\/index.php\/wp-json\/wp\/v2\/product\/737805","targetHints":{"allow":["GET"]}}],"collection":[{"href":"https:\/\/roveyayinevi.com.tr\/index.php\/wp-json\/wp\/v2\/product"}],"about":[{"href":"https:\/\/roveyayinevi.com.tr\/index.php\/wp-json\/wp\/v2\/types\/product"}],"wp:attachment":[{"href":"https:\/\/roveyayinevi.com.tr\/index.php\/wp-json\/wp\/v2\/media?parent=737805"}],"wp:term":[{"taxonomy":"product_brand","embeddable":true,"href":"https:\/\/roveyayinevi.com.tr\/index.php\/wp-json\/wp\/v2\/product_brand?post=737805"},{"taxonomy":"product_cat","embeddable":true,"href":"https:\/\/roveyayinevi.com.tr\/index.php\/wp-json\/wp\/v2\/product_cat?post=737805"},{"taxonomy":"product_tag","embeddable":true,"href":"https:\/\/roveyayinevi.com.tr\/index.php\/wp-json\/wp\/v2\/product_tag?post=737805"}],"curies":[{"name":"wp","href":"https:\/\/api.w.org\/{rel}","templated":true}]}}