{"id":737802,"date":"2025-08-27T23:36:08","date_gmt":"2025-08-27T20:36:08","guid":{"rendered":"https:\/\/roveyayinevi.com.tr\/index.php\/urun\/tandogan-sonmez-kitap-seti-2-kitap\/"},"modified":"2026-04-16T02:47:39","modified_gmt":"2026-04-15T23:47:39","slug":"tandogan-sonmez-kitap-seti-2-kitap","status":"publish","type":"product","link":"https:\/\/roveyayinevi.com.tr\/index.php\/urun\/tandogan-sonmez-kitap-seti-2-kitap\/","title":{"rendered":"Tando\u011fan S\u00f6nmez Kitap Seti (2 Kitap)"},"content":{"rendered":"<p>Y\u00dcRE\u011e\u0130M\u0130 AVU\u00c7LARINA BIRAKTIM D\u00dc\u015e\u00dcRME E M\u0130? YARIMSIN YALNIZKEN Bir tohum D\u00fc\u015fer y\u00fcre\u011fe S\u00fcr\u00fcm verir filizler Fide olur \u00c7o\u011fal\u0131r orman olur Bulursun di\u011fer yar\u0131n\u0131 Y\u00fcre\u011fi y\u00fcre\u011fin olur Tamamlan\u0131rs\u0131n     ARKA SOKA\u011eIN \u00c7OCUKLARI B\u00fcy\u00fck \u015fehirlerimizin \u00e7o\u011funda g\u00f6r\u00fcr\u00fcz onlar\u0131. \u00c7o\u011fu zaman ya\u011fmurlarda, karda arabalar\u0131n camlar\u0131n\u0131 silerek ekmek paras\u0131 bulmaya \u00e7al\u0131\u015f\u0131rlar. Kimi zaman k\u00f6\u015fe ba\u015flar\u0131nda mendil satarlar. G\u00f6ren kim olsa, ac\u0131yarak bakar y\u00fczlerine. \u00c7o\u011fu dokunamaz bile. \u00dcst\u00fc ba\u015f\u0131 y\u0131rt\u0131kt\u0131r, kirlidir y\u00fcz\u00fc, elleri. Herkes s\u0131cak arabalar\u0131ndan inip, s\u0131cak evlerine gitmi\u015fken, onlar yakt\u0131\u011f\u0131 ate\u015fin etraf\u0131nda toplan\u0131p alabildikleri kuru ekmekler yerken, y\u0131rt\u0131k kazaklar\u0131ndan bedenlerine ok gibi i\u015fleyen so\u011fuklarda \u00fc\u015f\u00fcmemeye direnirler. S\u00fcm\u00fckleri akar, iki s\u00f6z\u00fcnden birinde \u00f6ks\u00fcr\u00fcr. Bir \u015fey sordu\u011funuzda korkar konu\u015fmaya. Yan\u0131na gitti\u011finizde, her an ka\u00e7maya haz\u0131r, \u00fcrkek bakar y\u00fcz\u00fcn\u00fcze. \u0130\u015fte bu kitap o \u00e7ocuklar\u0131n hayat\u0131n\u0131 anlat\u0131yor. \u00c7o\u011funlukla g\u00f6rmemezlikten geldi\u011fimiz, g\u00f6rd\u00fc\u011f\u00fcm\u00fczde belki de hor g\u00f6rd\u00fc\u011f\u00fcm\u00fcz o sokak \u00e7ocuklar\u0131. Ya\u015fad\u0131klar\u0131ndan \u00e7ok onlar\u0131n, yeniden hayata d\u00f6n\u00fc\u015flerini anlatmaya \u00e7al\u0131\u015ft\u0131m. <\/p>\n","protected":false},"excerpt":{"rendered":"<p>Y\u00dcRE\u011e\u0130M\u0130 AVU\u00c7LARINA BIRAKTIM D\u00dc\u015e\u00dcRME E M\u0130? YARIMSIN YALNIZKEN Bir tohum D\u00fc\u015fer y\u00fcre\u011fe S\u00fcr\u00fcm verir filizler Fide olur \u00c7o\u011fal\u0131r orman olur Bulursun di\u011fer yar\u0131n\u0131 Y\u00fcre\u011fi y\u00fcre\u011fin olur<span class=\"excerpt-hellip\"> [\u2026]<\/span><\/p>\n","protected":false},"featured_media":0,"template":"","meta":{"_monsterinsights_skip_tracking":false,"_monsterinsights_sitenote_active":false,"_monsterinsights_sitenote_note":"","_monsterinsights_sitenote_category":0},"product_brand":[],"product_cat":[12291,12509],"product_tag":[],"class_list":{"0":"post-737802","1":"product","2":"type-product","3":"status-publish","5":"product_cat-edebiyat","6":"product_cat-siir","7":"pa_cilt-set","8":"pa_tur-kitap","9":"pa_yayinevi-kitap-muptelasi-yayinlari","10":"pa_yazar-tandogan-sonmez","12":"first","13":"instock","14":"sale","15":"shipping-taxable","16":"purchasable","17":"product-type-simple"},"_links":{"self":[{"href":"https:\/\/roveyayinevi.com.tr\/index.php\/wp-json\/wp\/v2\/product\/737802","targetHints":{"allow":["GET"]}}],"collection":[{"href":"https:\/\/roveyayinevi.com.tr\/index.php\/wp-json\/wp\/v2\/product"}],"about":[{"href":"https:\/\/roveyayinevi.com.tr\/index.php\/wp-json\/wp\/v2\/types\/product"}],"wp:attachment":[{"href":"https:\/\/roveyayinevi.com.tr\/index.php\/wp-json\/wp\/v2\/media?parent=737802"}],"wp:term":[{"taxonomy":"product_brand","embeddable":true,"href":"https:\/\/roveyayinevi.com.tr\/index.php\/wp-json\/wp\/v2\/product_brand?post=737802"},{"taxonomy":"product_cat","embeddable":true,"href":"https:\/\/roveyayinevi.com.tr\/index.php\/wp-json\/wp\/v2\/product_cat?post=737802"},{"taxonomy":"product_tag","embeddable":true,"href":"https:\/\/roveyayinevi.com.tr\/index.php\/wp-json\/wp\/v2\/product_tag?post=737802"}],"curies":[{"name":"wp","href":"https:\/\/api.w.org\/{rel}","templated":true}]}}