{"id":737801,"date":"2025-08-27T23:36:07","date_gmt":"2025-08-27T20:36:07","guid":{"rendered":"https:\/\/roveyayinevi.com.tr\/index.php\/urun\/sinir-2700\/"},"modified":"2026-04-16T02:47:39","modified_gmt":"2026-04-15T23:47:39","slug":"sinir-2700","status":"publish","type":"product","link":"https:\/\/roveyayinevi.com.tr\/index.php\/urun\/sinir-2700\/","title":{"rendered":"S\u0131n\u0131r 2700"},"content":{"rendered":"<p>Y\u0131l 2700\u2026 \u0130nsanlar \u0131\u015f\u0131nlanmadan u\u00e7maya, son model robotlardan uzayda ya\u015famaya kadar her \u015feyin s\u0131rr\u0131n\u0131 \u00e7\u00f6zm\u00fc\u015f ama tatmin olmay\u0131p teknolojinin son noktas\u0131na geldiklerini ve art\u0131k ba\u015fka yapacak icat kalmad\u0131\u011f\u0131n\u0131 d\u00fc\u015f\u00fcnd\u00fckleri i\u00e7in art\u0131k insanlar\u0131 robotla\u015ft\u0131rmaya ve onlar\u0131n \u00fcst modellerini yapmaya ba\u015flad\u0131lar. T\u00fcm baz istasyonlar\u0131 ve n\u00fckleer santraller ayn\u0131 \u015fehre kuruldu. Bu \u015fehirde ve etraf\u0131nda fakir ve n\u00fckleer santrallerden dolay\u0131 akli dengesi bozuk insanlar ya\u015f\u0131yordu. Derisinin alt\u0131na \u00e7ip yerle\u015ftirilip beyinlerine yeteri kadar zek\u00e2 enjekte edilerek robotla\u015ft\u0131r\u0131lacak insanlar bu \u015fehirden al\u0131n\u0131yordu y\u0131llard\u0131r&#8230; \u201cG\u00fcne\u015fte v\u00fccudu parlayan cam \u015fekline b\u00fcr\u00fcnm\u00fc\u015f bir insan. Dikkatlice bak\u0131nca i\u00e7 organlar\u0131 g\u00f6r\u00fcn\u00fcyor, \u00fczerindeki k\u0131yafetler esnek bir camdan olu\u015fuyor. Daha yak\u0131n\u0131mda k\u00e2\u011f\u0131t kadar ince iki boyutlu bir insan, biraz arkas\u0131nda, yerden on be\u015f cm kadar yukar\u0131da, belki de benim g\u00f6remedi\u011fim bir zemin \u00fczerinde y\u00fcr\u00fcyen bir insan, kafas\u0131n\u0131n \u00fczerinde anlam\u0131n\u0131 bilmedi\u011fim objeler u\u00e7u\u015fan ba\u015fka bir insan\u2026 Etrafa bakt\u0131k\u00e7a daha farkl\u0131 \u015feyler g\u00f6r\u00fcyordum.\u201d \u201cBu kadar \u015fa\u015f\u0131rm\u0131\u015fken g\u00f6z\u00fcme \u00e7arpan as\u0131l \u015fey ise t\u00fcm v\u00fccudu koyu ye\u015fil, g\u00f6zleri gri, siyah pelerini ve yakalar\u0131 en az iki katl\u0131 bir bina uzunlu\u011funda olan, sa\u00e7lar\u0131 sanki suyun i\u00e7indeymi\u015f gibi dalgalanan bir kad\u0131n\u0131n elinde tuttu\u011fu tasman\u0131n ucundaki, s\u00fcsl\u00fc k\u0131yafetler giydirilmi\u015f olan erkek bir robo\u00e7ip oldu. G\u00f6rd\u00fc\u011f\u00fcm manzara resmen varl\u0131\u011f\u0131m\u0131 sorgulatm\u0131\u015ft\u0131 bana. Bu kadar\u0131 da fazlayd\u0131. Zek\u00e2lar\u0131n\u0131 yok edip k\u00f6lele\u015ftirdikleri yetmiyormu\u015f gibi bir de evcil hayvan muamelesi yap\u0131yorlard\u0131 onlara.\u201d<\/p>\n","protected":false},"excerpt":{"rendered":"<p>Y\u0131l 2700\u2026 \u0130nsanlar \u0131\u015f\u0131nlanmadan u\u00e7maya, son model robotlardan uzayda ya\u015famaya kadar her \u015feyin s\u0131rr\u0131n\u0131 \u00e7\u00f6zm\u00fc\u015f ama tatmin olmay\u0131p teknolojinin son noktas\u0131na geldiklerini ve art\u0131k ba\u015fka yapacak<span class=\"excerpt-hellip\"> [\u2026]<\/span><\/p>\n","protected":false},"featured_media":0,"template":"","meta":{"_monsterinsights_skip_tracking":false,"_monsterinsights_sitenote_active":false,"_monsterinsights_sitenote_note":"","_monsterinsights_sitenote_category":0},"product_brand":[],"product_cat":[12540,12291],"product_tag":[],"class_list":{"0":"post-737801","1":"product","2":"type-product","3":"status-publish","5":"product_cat-bilim-kurgu","6":"product_cat-edebiyat","7":"pa_cilt-ciltsiz","8":"pa_tur-kitap","9":"pa_yayinevi-kitap-muptelasi-yayinlari","10":"pa_yazar-ozgecan-dogan","12":"first","13":"instock","14":"sale","15":"shipping-taxable","16":"purchasable","17":"product-type-simple"},"_links":{"self":[{"href":"https:\/\/roveyayinevi.com.tr\/index.php\/wp-json\/wp\/v2\/product\/737801","targetHints":{"allow":["GET"]}}],"collection":[{"href":"https:\/\/roveyayinevi.com.tr\/index.php\/wp-json\/wp\/v2\/product"}],"about":[{"href":"https:\/\/roveyayinevi.com.tr\/index.php\/wp-json\/wp\/v2\/types\/product"}],"wp:attachment":[{"href":"https:\/\/roveyayinevi.com.tr\/index.php\/wp-json\/wp\/v2\/media?parent=737801"}],"wp:term":[{"taxonomy":"product_brand","embeddable":true,"href":"https:\/\/roveyayinevi.com.tr\/index.php\/wp-json\/wp\/v2\/product_brand?post=737801"},{"taxonomy":"product_cat","embeddable":true,"href":"https:\/\/roveyayinevi.com.tr\/index.php\/wp-json\/wp\/v2\/product_cat?post=737801"},{"taxonomy":"product_tag","embeddable":true,"href":"https:\/\/roveyayinevi.com.tr\/index.php\/wp-json\/wp\/v2\/product_tag?post=737801"}],"curies":[{"name":"wp","href":"https:\/\/api.w.org\/{rel}","templated":true}]}}