{"id":737800,"date":"2025-08-27T23:36:06","date_gmt":"2025-08-27T20:36:06","guid":{"rendered":"https:\/\/roveyayinevi.com.tr\/index.php\/urun\/kamil-samet-selcuk-kitaplari-tiyatro-seti-5-kitap\/"},"modified":"2026-04-16T02:47:39","modified_gmt":"2026-04-15T23:47:39","slug":"kamil-samet-selcuk-kitaplari-tiyatro-seti-5-kitap","status":"publish","type":"product","link":"https:\/\/roveyayinevi.com.tr\/index.php\/urun\/kamil-samet-selcuk-kitaplari-tiyatro-seti-5-kitap\/","title":{"rendered":"Kamil Samet Sel\u00e7uk Kitaplar\u0131 &#8211; Tiyatro Seti (5 Kitap)"},"content":{"rendered":"<p>T\u0130NER \u0130ki Tinerci gen\u00e7 ile bir Belediye Ba\u015fkan\u0131 Aday\u0131n\u0131n ba\u015f\u0131ndan ge\u00e7en olaylar\u2026 Verilen vaatler\u2026 G\u00fczel k\u0131yafetler\u2026 Se\u00e7im propagandas\u0131\u2026 Yerine getirilmeyen s\u00f6zler\u2026   ABUR CUBUR \u00dcLKES\u0130 Abur Cubur \u00dclkesine giden Damla\u2019n\u0131n Abur Cuburlarla m\u00fccadelesi\u2026 Kral \u00c7ikolata\u2026 Cips\u2026 Kola\u2026   BANDO Bir heves bu i\u015f de\u011fil Heveslenme ke\u015f de\u011fil Tiyatro bir sanatt\u0131r Bu \u00fclkede i\u015f de\u011fil Tiyatro mezunu i\u015fsiz bir gencin Resmi Daire\u2019ye girme \u00e7abas\u0131\u2026 Borazan Zil D\u00fcd\u00fck\u2026   E&amp;K Korkuyorum Kaybolmandan <\/p>\n","protected":false},"excerpt":{"rendered":"<p>T\u0130NER \u0130ki Tinerci gen\u00e7 ile bir Belediye Ba\u015fkan\u0131 Aday\u0131n\u0131n ba\u015f\u0131ndan ge\u00e7en olaylar\u2026 Verilen vaatler\u2026 G\u00fczel k\u0131yafetler\u2026 Se\u00e7im propagandas\u0131\u2026 Yerine getirilmeyen s\u00f6zler\u2026 ABUR CUBUR \u00dcLKES\u0130 Abur Cubur<span class=\"excerpt-hellip\"> [\u2026]<\/span><\/p>\n","protected":false},"featured_media":0,"template":"","meta":{"_monsterinsights_skip_tracking":false,"_monsterinsights_sitenote_active":false,"_monsterinsights_sitenote_note":"","_monsterinsights_sitenote_category":0},"product_brand":[],"product_cat":[12291,14272],"product_tag":[],"class_list":{"0":"post-737800","1":"product","2":"type-product","3":"status-publish","5":"product_cat-edebiyat","6":"product_cat-tiyatro","7":"pa_cilt-set","8":"pa_tur-kitap","9":"pa_yayinevi-kitap-muptelasi-yayinlari","10":"pa_yazar-kamil-samet-selcuk","12":"first","13":"instock","14":"sale","15":"shipping-taxable","16":"purchasable","17":"product-type-simple"},"_links":{"self":[{"href":"https:\/\/roveyayinevi.com.tr\/index.php\/wp-json\/wp\/v2\/product\/737800","targetHints":{"allow":["GET"]}}],"collection":[{"href":"https:\/\/roveyayinevi.com.tr\/index.php\/wp-json\/wp\/v2\/product"}],"about":[{"href":"https:\/\/roveyayinevi.com.tr\/index.php\/wp-json\/wp\/v2\/types\/product"}],"wp:attachment":[{"href":"https:\/\/roveyayinevi.com.tr\/index.php\/wp-json\/wp\/v2\/media?parent=737800"}],"wp:term":[{"taxonomy":"product_brand","embeddable":true,"href":"https:\/\/roveyayinevi.com.tr\/index.php\/wp-json\/wp\/v2\/product_brand?post=737800"},{"taxonomy":"product_cat","embeddable":true,"href":"https:\/\/roveyayinevi.com.tr\/index.php\/wp-json\/wp\/v2\/product_cat?post=737800"},{"taxonomy":"product_tag","embeddable":true,"href":"https:\/\/roveyayinevi.com.tr\/index.php\/wp-json\/wp\/v2\/product_tag?post=737800"}],"curies":[{"name":"wp","href":"https:\/\/api.w.org\/{rel}","templated":true}]}}