{"id":737798,"date":"2025-08-27T23:36:03","date_gmt":"2025-08-27T20:36:03","guid":{"rendered":"https:\/\/roveyayinevi.com.tr\/index.php\/urun\/heykel-bey\/"},"modified":"2026-04-16T02:47:38","modified_gmt":"2026-04-15T23:47:38","slug":"heykel-bey","status":"publish","type":"product","link":"https:\/\/roveyayinevi.com.tr\/index.php\/urun\/heykel-bey\/","title":{"rendered":"Heykel Bey"},"content":{"rendered":"<p>\u0130\u015fsizlikle bo\u011fu\u015fan bir gencin bir Devlet Bankas\u0131 \u00f6n\u00fcnde umutlar\u0131n\u0131n yitip gitmesi\u2026 Bir Heykel\u2026 Ku\u015f d\u00fcd\u00fc\u011f\u00fc\u2026 S\u0131cak \u00e7ok s\u0131cak\u2026 <\/p>\n","protected":false},"excerpt":{"rendered":"<p>\u0130\u015fsizlikle bo\u011fu\u015fan bir gencin bir Devlet Bankas\u0131 \u00f6n\u00fcnde umutlar\u0131n\u0131n yitip gitmesi\u2026 Bir Heykel\u2026 Ku\u015f d\u00fcd\u00fc\u011f\u00fc\u2026 S\u0131cak \u00e7ok s\u0131cak\u2026<\/p>\n","protected":false},"featured_media":0,"template":"","meta":{"_monsterinsights_skip_tracking":false,"_monsterinsights_sitenote_active":false,"_monsterinsights_sitenote_note":"","_monsterinsights_sitenote_category":0},"product_brand":[],"product_cat":[12291,14272],"product_tag":[],"class_list":{"0":"post-737798","1":"product","2":"type-product","3":"status-publish","5":"product_cat-edebiyat","6":"product_cat-tiyatro","7":"pa_cilt-ciltsiz","8":"pa_tur-kitap","9":"pa_yayinevi-kitap-muptelasi-yayinlari","10":"pa_yazar-kamil-samet-selcuk","12":"first","13":"instock","14":"sale","15":"shipping-taxable","16":"purchasable","17":"product-type-simple"},"_links":{"self":[{"href":"https:\/\/roveyayinevi.com.tr\/index.php\/wp-json\/wp\/v2\/product\/737798","targetHints":{"allow":["GET"]}}],"collection":[{"href":"https:\/\/roveyayinevi.com.tr\/index.php\/wp-json\/wp\/v2\/product"}],"about":[{"href":"https:\/\/roveyayinevi.com.tr\/index.php\/wp-json\/wp\/v2\/types\/product"}],"wp:attachment":[{"href":"https:\/\/roveyayinevi.com.tr\/index.php\/wp-json\/wp\/v2\/media?parent=737798"}],"wp:term":[{"taxonomy":"product_brand","embeddable":true,"href":"https:\/\/roveyayinevi.com.tr\/index.php\/wp-json\/wp\/v2\/product_brand?post=737798"},{"taxonomy":"product_cat","embeddable":true,"href":"https:\/\/roveyayinevi.com.tr\/index.php\/wp-json\/wp\/v2\/product_cat?post=737798"},{"taxonomy":"product_tag","embeddable":true,"href":"https:\/\/roveyayinevi.com.tr\/index.php\/wp-json\/wp\/v2\/product_tag?post=737798"}],"curies":[{"name":"wp","href":"https:\/\/api.w.org\/{rel}","templated":true}]}}