{"id":737797,"date":"2025-08-27T23:36:02","date_gmt":"2025-08-27T20:36:02","guid":{"rendered":"https:\/\/roveyayinevi.com.tr\/index.php\/urun\/ek\/"},"modified":"2026-04-16T02:47:38","modified_gmt":"2026-04-15T23:47:38","slug":"ek","status":"publish","type":"product","link":"https:\/\/roveyayinevi.com.tr\/index.php\/urun\/ek\/","title":{"rendered":"E&amp;K"},"content":{"rendered":"<p>Kaybolmandan Ans\u0131z\u0131n \u00c7ekip Gitmenden Yaln\u0131zl\u0131ktan Ba\u011flanmaktan Esirin Olmaktan Korkuyorum Ayr\u0131lmay\u0131 daha ilk ba\u015fta kabullenmi\u015f bir \u00e7iftin ba\u015f\u0131ndan ge\u00e7en olaylar\u2026 Verilmeye \u00e7al\u0131\u015f\u0131lan s\u00f6zler\u2026 Tutulamayacak yeminler\u2026 <\/p>\n","protected":false},"excerpt":{"rendered":"<p>Kaybolmandan Ans\u0131z\u0131n \u00c7ekip Gitmenden Yaln\u0131zl\u0131ktan Ba\u011flanmaktan Esirin Olmaktan Korkuyorum Ayr\u0131lmay\u0131 daha ilk ba\u015fta kabullenmi\u015f bir \u00e7iftin ba\u015f\u0131ndan ge\u00e7en olaylar\u2026 Verilmeye \u00e7al\u0131\u015f\u0131lan s\u00f6zler\u2026 Tutulamayacak yeminler\u2026<\/p>\n","protected":false},"featured_media":0,"template":"","meta":{"_monsterinsights_skip_tracking":false,"_monsterinsights_sitenote_active":false,"_monsterinsights_sitenote_note":"","_monsterinsights_sitenote_category":0},"product_brand":[],"product_cat":[12291,14272],"product_tag":[],"class_list":{"0":"post-737797","1":"product","2":"type-product","3":"status-publish","5":"product_cat-edebiyat","6":"product_cat-tiyatro","7":"pa_cilt-ciltsiz","8":"pa_tur-kitap","9":"pa_yayinevi-kitap-muptelasi-yayinlari","10":"pa_yazar-kamil-samet-selcuk","12":"first","13":"instock","14":"sale","15":"shipping-taxable","16":"purchasable","17":"product-type-simple"},"_links":{"self":[{"href":"https:\/\/roveyayinevi.com.tr\/index.php\/wp-json\/wp\/v2\/product\/737797","targetHints":{"allow":["GET"]}}],"collection":[{"href":"https:\/\/roveyayinevi.com.tr\/index.php\/wp-json\/wp\/v2\/product"}],"about":[{"href":"https:\/\/roveyayinevi.com.tr\/index.php\/wp-json\/wp\/v2\/types\/product"}],"wp:attachment":[{"href":"https:\/\/roveyayinevi.com.tr\/index.php\/wp-json\/wp\/v2\/media?parent=737797"}],"wp:term":[{"taxonomy":"product_brand","embeddable":true,"href":"https:\/\/roveyayinevi.com.tr\/index.php\/wp-json\/wp\/v2\/product_brand?post=737797"},{"taxonomy":"product_cat","embeddable":true,"href":"https:\/\/roveyayinevi.com.tr\/index.php\/wp-json\/wp\/v2\/product_cat?post=737797"},{"taxonomy":"product_tag","embeddable":true,"href":"https:\/\/roveyayinevi.com.tr\/index.php\/wp-json\/wp\/v2\/product_tag?post=737797"}],"curies":[{"name":"wp","href":"https:\/\/api.w.org\/{rel}","templated":true}]}}