{"id":737796,"date":"2025-08-27T23:36:01","date_gmt":"2025-08-27T20:36:01","guid":{"rendered":"https:\/\/roveyayinevi.com.tr\/index.php\/urun\/delirme-sanati\/"},"modified":"2026-04-08T02:56:05","modified_gmt":"2026-04-07T23:56:05","slug":"delirme-sanati","status":"publish","type":"product","link":"https:\/\/roveyayinevi.com.tr\/index.php\/urun\/delirme-sanati\/","title":{"rendered":"Delirme Sanat\u0131"},"content":{"rendered":"<p>Ben ger\u00e7ekte kimdim ya da bana neler olmu\u015ftu. Ruhumun v\u00fccudumdan ayr\u0131ld\u0131\u011f\u0131n\u0131 hissedebiliyordum. Bunca ac\u0131ya ra\u011fmen hala hayatta kalmaya \u00e7al\u0131\u015f\u0131yorum. \u201cHer \u015fey yoluna girer tabi de\u201d \u201cDe\u2019si ne ulan?\u201d \u201cBenimkinin yolu hep h\u00fcz\u00fcn yolu oluyor ya ona yan\u0131yorum. Hep, kendimi bo\u015flukta hissetti\u011fim zaman; bu da bir yazg\u0131, bunlar\u0131 ya\u015famam laz\u0131mm\u0131\u015f demek ki, kaderim b\u00f6yleymi\u015f diyorum. Dirayetli olmak i\u00e7in yard\u0131mc\u0131 oluyor. B\u00f6yle hissetmek. Sab\u0131r etmekle ilgili bir s\u00fcr\u00fc \u015fey anlat\u0131rd\u0131 Zeyda. Hik\u00e2yeye ba\u015flad\u0131\u011f\u0131m\u0131z zaman ben de sana Zeyda\u2019n\u0131n anlatt\u0131klar\u0131n\u0131 anlat\u0131r\u0131m. Bu zamanlar da ge\u00e7ecek diyorum. Ama ge\u00e7miyor, ge\u00e7mi\u015f gibi yap\u0131yorum. Ben Asl\u0131nda kimdim? Bana neler olmu\u015ftu\u2026\u201d <\/p>\n","protected":false},"excerpt":{"rendered":"<p>Ben ger\u00e7ekte kimdim ya da bana neler olmu\u015ftu. Ruhumun v\u00fccudumdan ayr\u0131ld\u0131\u011f\u0131n\u0131 hissedebiliyordum. Bunca ac\u0131ya ra\u011fmen hala hayatta kalmaya \u00e7al\u0131\u015f\u0131yorum. \u201cHer \u015fey yoluna girer tabi de\u201d \u201cDe\u2019si<span class=\"excerpt-hellip\"> [\u2026]<\/span><\/p>\n","protected":false},"featured_media":0,"template":"","meta":{"_monsterinsights_skip_tracking":false,"_monsterinsights_sitenote_active":false,"_monsterinsights_sitenote_note":"","_monsterinsights_sitenote_category":0},"product_brand":[],"product_cat":[12291,12711],"product_tag":[],"class_list":{"0":"post-737796","1":"product","2":"type-product","3":"status-publish","5":"product_cat-edebiyat","6":"product_cat-roman-oyku","7":"pa_cilt-ciltsiz","8":"pa_tur-kitap","9":"pa_yayinevi-kitap-muptelasi-yayinlari","10":"pa_yazar-serkan-kocak","12":"first","13":"instock","14":"sale","15":"shipping-taxable","16":"purchasable","17":"product-type-simple"},"_links":{"self":[{"href":"https:\/\/roveyayinevi.com.tr\/index.php\/wp-json\/wp\/v2\/product\/737796","targetHints":{"allow":["GET"]}}],"collection":[{"href":"https:\/\/roveyayinevi.com.tr\/index.php\/wp-json\/wp\/v2\/product"}],"about":[{"href":"https:\/\/roveyayinevi.com.tr\/index.php\/wp-json\/wp\/v2\/types\/product"}],"wp:attachment":[{"href":"https:\/\/roveyayinevi.com.tr\/index.php\/wp-json\/wp\/v2\/media?parent=737796"}],"wp:term":[{"taxonomy":"product_brand","embeddable":true,"href":"https:\/\/roveyayinevi.com.tr\/index.php\/wp-json\/wp\/v2\/product_brand?post=737796"},{"taxonomy":"product_cat","embeddable":true,"href":"https:\/\/roveyayinevi.com.tr\/index.php\/wp-json\/wp\/v2\/product_cat?post=737796"},{"taxonomy":"product_tag","embeddable":true,"href":"https:\/\/roveyayinevi.com.tr\/index.php\/wp-json\/wp\/v2\/product_tag?post=737796"}],"curies":[{"name":"wp","href":"https:\/\/api.w.org\/{rel}","templated":true}]}}