{"id":737795,"date":"2025-08-27T23:35:59","date_gmt":"2025-08-27T20:35:59","guid":{"rendered":"https:\/\/roveyayinevi.com.tr\/index.php\/urun\/bando\/"},"modified":"2026-04-16T02:47:38","modified_gmt":"2026-04-15T23:47:38","slug":"bando","status":"publish","type":"product","link":"https:\/\/roveyayinevi.com.tr\/index.php\/urun\/bando\/","title":{"rendered":"Bando"},"content":{"rendered":"<p>Bir heves bu i\u015f de\u011fil Heveslenme ke\u015f de\u011fil Tiyatro bir sanatt\u0131r Bu \u00fclkede i\u015f de\u011fil Tiyatro mezunu i\u015fsiz bir gencin Resmi Daire\u2019ye girme \u00e7abas\u0131\u2026 Borazan Zil D\u00fcd\u00fck\u2026 <\/p>\n","protected":false},"excerpt":{"rendered":"<p>Bir heves bu i\u015f de\u011fil Heveslenme ke\u015f de\u011fil Tiyatro bir sanatt\u0131r Bu \u00fclkede i\u015f de\u011fil Tiyatro mezunu i\u015fsiz bir gencin Resmi Daire\u2019ye girme \u00e7abas\u0131\u2026 Borazan Zil<span class=\"excerpt-hellip\"> [\u2026]<\/span><\/p>\n","protected":false},"featured_media":0,"template":"","meta":{"_monsterinsights_skip_tracking":false,"_monsterinsights_sitenote_active":false,"_monsterinsights_sitenote_note":"","_monsterinsights_sitenote_category":0},"product_brand":[],"product_cat":[12291,14272],"product_tag":[],"class_list":{"0":"post-737795","1":"product","2":"type-product","3":"status-publish","5":"product_cat-edebiyat","6":"product_cat-tiyatro","7":"pa_cilt-ciltsiz","8":"pa_tur-kitap","9":"pa_yayinevi-kitap-muptelasi-yayinlari","10":"pa_yazar-kamil-samet-selcuk","12":"first","13":"instock","14":"sale","15":"shipping-taxable","16":"purchasable","17":"product-type-simple"},"_links":{"self":[{"href":"https:\/\/roveyayinevi.com.tr\/index.php\/wp-json\/wp\/v2\/product\/737795","targetHints":{"allow":["GET"]}}],"collection":[{"href":"https:\/\/roveyayinevi.com.tr\/index.php\/wp-json\/wp\/v2\/product"}],"about":[{"href":"https:\/\/roveyayinevi.com.tr\/index.php\/wp-json\/wp\/v2\/types\/product"}],"wp:attachment":[{"href":"https:\/\/roveyayinevi.com.tr\/index.php\/wp-json\/wp\/v2\/media?parent=737795"}],"wp:term":[{"taxonomy":"product_brand","embeddable":true,"href":"https:\/\/roveyayinevi.com.tr\/index.php\/wp-json\/wp\/v2\/product_brand?post=737795"},{"taxonomy":"product_cat","embeddable":true,"href":"https:\/\/roveyayinevi.com.tr\/index.php\/wp-json\/wp\/v2\/product_cat?post=737795"},{"taxonomy":"product_tag","embeddable":true,"href":"https:\/\/roveyayinevi.com.tr\/index.php\/wp-json\/wp\/v2\/product_tag?post=737795"}],"curies":[{"name":"wp","href":"https:\/\/api.w.org\/{rel}","templated":true}]}}