{"id":737792,"date":"2025-08-27T23:35:56","date_gmt":"2025-08-27T20:35:56","guid":{"rendered":"https:\/\/roveyayinevi.com.tr\/index.php\/urun\/safsatalar-ansiklopedisi-2\/"},"modified":"2026-04-16T02:47:38","modified_gmt":"2026-04-15T23:47:38","slug":"safsatalar-ansiklopedisi-2","status":"publish","type":"product","link":"https:\/\/roveyayinevi.com.tr\/index.php\/urun\/safsatalar-ansiklopedisi-2\/","title":{"rendered":"Safsatalar Ansiklopedisi"},"content":{"rendered":"<p>&#8220;\u0130nsan ak\u0131lc\u0131 d\u00fc\u015f\u00fcnen bir hayvan de\u011fildir, d\u00fc\u015f\u00fcncelerini ak\u0131l k\u0131l\u0131f\u0131na uyduran bir hayvand\u0131r.&#8221;   \u00b7         Safsata bilgisi sizi neden daha mutsuz eder? \u00b7         Hangi safsatalar\u0131n Latincesi size ortamlarda puan kazand\u0131r\u0131r? \u00b7         Ad hominem nedir hepimiz \u00f6\u011frensek, Demokrasi Endeksi\u2019nde 36 s\u0131ra atlay\u0131p Papua Yeni Gine\u2019ye yeti\u015fir miyiz? Almanya k\u0131skan\u00e7l\u0131\u011f\u0131ndan \u00e7atlar m\u0131? \u00b7         Neden bizden bir Devlet, bir Retorik, bir Organon \u00e7\u0131kmam\u0131\u015f? Yunan bu i\u015flere 2300 sene \u00f6nce ba\u015flad\u0131ysa niye bug\u00fcn Mars\u2019ta sirtaki yapm\u0131yor, yer\u00e7ekimsiz ortamda tabak \u00e7anak k\u0131rm\u0131yor? \u00b7         \u0130nsanl\u0131k Mars kolonisinden bahsedecek kadar ilerlemi\u015fken, insan niye binlerce y\u0131ld\u0131r yerinde say\u0131yor? \u00b7         En son ne zaman bir tart\u0131\u015fma sonucu temel bir inanc\u0131n\u0131z\u0131 de\u011fi\u015ftirdiniz? \u00b7         Zihninizin s\u00fcr\u00fcc\u00fc koltu\u011funda m\u0131s\u0131n\u0131z, yolcu koltu\u011funda m\u0131?   Mant\u0131k, inan\u00e7, tart\u0131\u015fma, evrimsel psikoloji, retorik, mitoloji, edebiyat, a\u015fk, \u015fehvet, intikam&#8230; Reytingler i\u00e7in gereken ne varsa hepsini i\u00e7eren bu geni\u015f co\u011frafyay\u0131, birbiri \u00fcst\u00fcne in\u015fa edilmi\u015f tam 50 safsata incelemesiyle ke\u015ffedece\u011fiz.   Amac\u0131m \u201cmemleketi kurtarmak\u201d veya i\u00e7inizdeki o maymundan bir \u00fcbermensch yaratmak de\u011fil. Ne de olsa, daha kar\u015f\u0131s\u0131ndakiyle konu\u015fmas\u0131n\u0131 \u00f6\u011frenemeden internet ile her yana ba\u011flanm\u0131\u015f, daha kendisini tan\u0131yamadan uzay\u0131 ke\u015ffetmeye ba\u015flam\u0131\u015f trajik yarat\u0131klar\u0131z. Bu kitab\u0131n as\u0131l amac\u0131, Delfi\u2019deki Apollon Tap\u0131na\u011f\u0131\u2019na 2500 sene \u00f6nce kaz\u0131nm\u0131\u015f o me\u015fhur \u00f6\u011f\u00fcd\u00fc yerine getirmek:   &#8220;Ta\u015fa oturma!   P.S.: Kendini de tan\u0131 biraz.&#8221; <\/p>\n","protected":false},"excerpt":{"rendered":"<p>&#8220;\u0130nsan ak\u0131lc\u0131 d\u00fc\u015f\u00fcnen bir hayvan de\u011fildir, d\u00fc\u015f\u00fcncelerini ak\u0131l k\u0131l\u0131f\u0131na uyduran bir hayvand\u0131r.&#8221; \u00b7 Safsata bilgisi sizi neden daha mutsuz eder? \u00b7 Hangi safsatalar\u0131n Latincesi size ortamlarda<span class=\"excerpt-hellip\"> [\u2026]<\/span><\/p>\n","protected":false},"featured_media":0,"template":"","meta":{"_monsterinsights_skip_tracking":false,"_monsterinsights_sitenote_active":false,"_monsterinsights_sitenote_note":"","_monsterinsights_sitenote_category":0},"product_brand":[],"product_cat":[13590,12337],"product_tag":[],"class_list":{"0":"post-737792","1":"product","2":"type-product","3":"status-publish","5":"product_cat-arastirma-inceleme-politika-siyaset","6":"product_cat-politika-siyaset","7":"pa_cilt-ciltsiz","8":"pa_tur-kitap","9":"pa_yayinevi-epsilon-yayinlari","10":"pa_yazar-immanuel-tolstoyevski","12":"first","13":"instock","14":"sale","15":"shipping-taxable","16":"purchasable","17":"product-type-simple"},"_links":{"self":[{"href":"https:\/\/roveyayinevi.com.tr\/index.php\/wp-json\/wp\/v2\/product\/737792","targetHints":{"allow":["GET"]}}],"collection":[{"href":"https:\/\/roveyayinevi.com.tr\/index.php\/wp-json\/wp\/v2\/product"}],"about":[{"href":"https:\/\/roveyayinevi.com.tr\/index.php\/wp-json\/wp\/v2\/types\/product"}],"wp:attachment":[{"href":"https:\/\/roveyayinevi.com.tr\/index.php\/wp-json\/wp\/v2\/media?parent=737792"}],"wp:term":[{"taxonomy":"product_brand","embeddable":true,"href":"https:\/\/roveyayinevi.com.tr\/index.php\/wp-json\/wp\/v2\/product_brand?post=737792"},{"taxonomy":"product_cat","embeddable":true,"href":"https:\/\/roveyayinevi.com.tr\/index.php\/wp-json\/wp\/v2\/product_cat?post=737792"},{"taxonomy":"product_tag","embeddable":true,"href":"https:\/\/roveyayinevi.com.tr\/index.php\/wp-json\/wp\/v2\/product_tag?post=737792"}],"curies":[{"name":"wp","href":"https:\/\/api.w.org\/{rel}","templated":true}]}}