{"id":737791,"date":"2025-08-27T23:35:55","date_gmt":"2025-08-27T20:35:55","guid":{"rendered":"https:\/\/roveyayinevi.com.tr\/index.php\/urun\/sinirdaki-cumhuriyet\/"},"modified":"2026-04-16T02:47:38","modified_gmt":"2026-04-15T23:47:38","slug":"sinirdaki-cumhuriyet","status":"publish","type":"product","link":"https:\/\/roveyayinevi.com.tr\/index.php\/urun\/sinirdaki-cumhuriyet\/","title":{"rendered":"S\u0131n\u0131rdaki Cumhuriyet"},"content":{"rendered":"<p>Da\u011flar\u0131n y\u00fcksek, g\u00f6\u011f\u00fcn yak\u0131n, Ankara\u2019n\u0131n uzak oldu\u011fu; herkesin, hemen hemen ayn\u0131 duygularla \u00fcz\u00fcl\u00fcp, ayn\u0131 duygularla sevindi\u011fi ve bu duygular\u0131 ba\u015fka yerlerde ya\u015fayanlar\u0131n hi\u00e7 ama hi\u00e7 bilmedi\u011fi, onlar bilmedi\u011fi i\u00e7in buradakilerin kendilerini yaln\u0131z, yal\u0131t\u0131lm\u0131\u015f, belki terk edilmi\u015f hissetti\u011fi bu yerde umudun, umutsuzlu\u011fun ba\u015fka ba\u015fka nedenlerle olu\u015ftu\u011fu, birbirinin \u0131ss\u0131zl\u0131\u011f\u0131na muhta\u00e7 bu insanlar\u0131n, kerhen ya\u015farken yanan iki odun gibi birbirine yaslanmas\u0131, tuhaf bir dram, tuhaf bir hikaye olu\u015fturuyordu. <\/p>\n","protected":false},"excerpt":{"rendered":"<p>Da\u011flar\u0131n y\u00fcksek, g\u00f6\u011f\u00fcn yak\u0131n, Ankara\u2019n\u0131n uzak oldu\u011fu; herkesin, hemen hemen ayn\u0131 duygularla \u00fcz\u00fcl\u00fcp, ayn\u0131 duygularla sevindi\u011fi ve bu duygular\u0131 ba\u015fka yerlerde ya\u015fayanlar\u0131n hi\u00e7 ama hi\u00e7 bilmedi\u011fi,<span class=\"excerpt-hellip\"> [\u2026]<\/span><\/p>\n","protected":false},"featured_media":0,"template":"","meta":{"_monsterinsights_skip_tracking":false,"_monsterinsights_sitenote_active":false,"_monsterinsights_sitenote_note":"","_monsterinsights_sitenote_category":0},"product_brand":[],"product_cat":[13590,12337],"product_tag":[],"class_list":{"0":"post-737791","1":"product","2":"type-product","3":"status-publish","5":"product_cat-arastirma-inceleme-politika-siyaset","6":"product_cat-politika-siyaset","7":"pa_cilt-ciltsiz","8":"pa_tur-kitap","9":"pa_yayinevi-ayata-kitap","10":"pa_yazar-unal-coskun","12":"first","13":"instock","14":"sale","15":"shipping-taxable","16":"purchasable","17":"product-type-simple"},"_links":{"self":[{"href":"https:\/\/roveyayinevi.com.tr\/index.php\/wp-json\/wp\/v2\/product\/737791","targetHints":{"allow":["GET"]}}],"collection":[{"href":"https:\/\/roveyayinevi.com.tr\/index.php\/wp-json\/wp\/v2\/product"}],"about":[{"href":"https:\/\/roveyayinevi.com.tr\/index.php\/wp-json\/wp\/v2\/types\/product"}],"wp:attachment":[{"href":"https:\/\/roveyayinevi.com.tr\/index.php\/wp-json\/wp\/v2\/media?parent=737791"}],"wp:term":[{"taxonomy":"product_brand","embeddable":true,"href":"https:\/\/roveyayinevi.com.tr\/index.php\/wp-json\/wp\/v2\/product_brand?post=737791"},{"taxonomy":"product_cat","embeddable":true,"href":"https:\/\/roveyayinevi.com.tr\/index.php\/wp-json\/wp\/v2\/product_cat?post=737791"},{"taxonomy":"product_tag","embeddable":true,"href":"https:\/\/roveyayinevi.com.tr\/index.php\/wp-json\/wp\/v2\/product_tag?post=737791"}],"curies":[{"name":"wp","href":"https:\/\/api.w.org\/{rel}","templated":true}]}}