{"id":737789,"date":"2025-08-27T23:35:53","date_gmt":"2025-08-27T20:35:53","guid":{"rendered":"https:\/\/roveyayinevi.com.tr\/index.php\/urun\/super-bitkiler-yok-daha-neler-5\/"},"modified":"2026-04-16T02:47:38","modified_gmt":"2026-04-15T23:47:38","slug":"super-bitkiler-yok-daha-neler-5","status":"publish","type":"product","link":"https:\/\/roveyayinevi.com.tr\/index.php\/urun\/super-bitkiler-yok-daha-neler-5\/","title":{"rendered":"S\u00fcper Bitkiler &#8211; Yok Daha Neler 5"},"content":{"rendered":"<p>Kocaman a\u011fa\u00e7lar\u0131n k\u00fc\u00e7\u00fcc\u00fck tohumlardan nas\u0131l ye\u015ferdi\u011fini, mevsimlerin canl\u0131lar \u00fczerindeki etkisini ve bitkilerin ilgin\u00e7 y\u00f6nlerini \u00f6\u011frendik\u00e7e; \u201cYok daha neler!\u201d demekten kendini alamayacaks\u0131n&#8230;Sen de bilgi canavar\u0131ysan; merak etti\u011fin sorular, dikkat uyand\u0131ran testler ve \u00e7\u0131lg\u0131n karakterler bu kitapta seni bekliyor.<\/p>\n","protected":false},"excerpt":{"rendered":"<p>Kocaman a\u011fa\u00e7lar\u0131n k\u00fc\u00e7\u00fcc\u00fck tohumlardan nas\u0131l ye\u015ferdi\u011fini, mevsimlerin canl\u0131lar \u00fczerindeki etkisini ve bitkilerin ilgin\u00e7 y\u00f6nlerini \u00f6\u011frendik\u00e7e; \u201cYok daha neler!\u201d demekten kendini alamayacaks\u0131n&#8230;Sen de bilgi canavar\u0131ysan; merak etti\u011fin<span class=\"excerpt-hellip\"> [\u2026]<\/span><\/p>\n","protected":false},"featured_media":0,"template":"","meta":{"_monsterinsights_skip_tracking":false,"_monsterinsights_sitenote_active":false,"_monsterinsights_sitenote_note":"","_monsterinsights_sitenote_category":0},"product_brand":[],"product_cat":[12275,12274],"product_tag":[],"class_list":{"0":"post-737789","1":"product","2":"type-product","3":"status-publish","5":"product_cat-6-12-yas-kitaplari","6":"product_cat-cocuk-ve-genclik-kitaplari","7":"pa_cilt-ciltsiz","8":"pa_tur-kitap","9":"pa_yayinevi-yediveren-cocuk","10":"pa_yazar-asena-meric","12":"first","13":"instock","14":"sale","15":"shipping-taxable","16":"purchasable","17":"product-type-simple"},"_links":{"self":[{"href":"https:\/\/roveyayinevi.com.tr\/index.php\/wp-json\/wp\/v2\/product\/737789","targetHints":{"allow":["GET"]}}],"collection":[{"href":"https:\/\/roveyayinevi.com.tr\/index.php\/wp-json\/wp\/v2\/product"}],"about":[{"href":"https:\/\/roveyayinevi.com.tr\/index.php\/wp-json\/wp\/v2\/types\/product"}],"wp:attachment":[{"href":"https:\/\/roveyayinevi.com.tr\/index.php\/wp-json\/wp\/v2\/media?parent=737789"}],"wp:term":[{"taxonomy":"product_brand","embeddable":true,"href":"https:\/\/roveyayinevi.com.tr\/index.php\/wp-json\/wp\/v2\/product_brand?post=737789"},{"taxonomy":"product_cat","embeddable":true,"href":"https:\/\/roveyayinevi.com.tr\/index.php\/wp-json\/wp\/v2\/product_cat?post=737789"},{"taxonomy":"product_tag","embeddable":true,"href":"https:\/\/roveyayinevi.com.tr\/index.php\/wp-json\/wp\/v2\/product_tag?post=737789"}],"curies":[{"name":"wp","href":"https:\/\/api.w.org\/{rel}","templated":true}]}}