{"id":737786,"date":"2025-08-27T23:35:50","date_gmt":"2025-08-27T20:35:50","guid":{"rendered":"https:\/\/roveyayinevi.com.tr\/index.php\/urun\/super-besinler-yok-daha-neler-2\/"},"modified":"2026-04-16T02:47:38","modified_gmt":"2026-04-15T23:47:38","slug":"super-besinler-yok-daha-neler-2","status":"publish","type":"product","link":"https:\/\/roveyayinevi.com.tr\/index.php\/urun\/super-besinler-yok-daha-neler-2\/","title":{"rendered":"S\u00fcper Besinler &#8211; Yok Daha Neler 2"},"content":{"rendered":"<p>Yediklerimizi nas\u0131l sindirdi\u011fimizi, vitaminlerin v\u00fccudumuza neler katt\u0131\u011f\u0131n\u0131, spor yapman\u0131n ne kadar \u00f6nemli oldu\u011funu \u00f6\u011frendik\u00e7e; \u201cYok daha neler!\u201d demekten kendini alamayacaks\u0131n&#8230;Sen de bilgi canavar\u0131ysan; merak etti\u011fin sorular, dikkat uyand\u0131ran testler ve \u00e7\u0131lg\u0131n karakterler bu kitapta seni bekliyor.<\/p>\n","protected":false},"excerpt":{"rendered":"<p>Yediklerimizi nas\u0131l sindirdi\u011fimizi, vitaminlerin v\u00fccudumuza neler katt\u0131\u011f\u0131n\u0131, spor yapman\u0131n ne kadar \u00f6nemli oldu\u011funu \u00f6\u011frendik\u00e7e; \u201cYok daha neler!\u201d demekten kendini alamayacaks\u0131n&#8230;Sen de bilgi canavar\u0131ysan; merak etti\u011fin sorular,<span class=\"excerpt-hellip\"> [\u2026]<\/span><\/p>\n","protected":false},"featured_media":0,"template":"","meta":{"_monsterinsights_skip_tracking":false,"_monsterinsights_sitenote_active":false,"_monsterinsights_sitenote_note":"","_monsterinsights_sitenote_category":0},"product_brand":[],"product_cat":[12275,12274],"product_tag":[],"class_list":{"0":"post-737786","1":"product","2":"type-product","3":"status-publish","5":"product_cat-6-12-yas-kitaplari","6":"product_cat-cocuk-ve-genclik-kitaplari","7":"pa_cilt-ciltsiz","8":"pa_tur-kitap","9":"pa_yayinevi-yediveren-cocuk","10":"pa_yazar-asena-meric","12":"first","13":"instock","14":"sale","15":"shipping-taxable","16":"purchasable","17":"product-type-simple"},"_links":{"self":[{"href":"https:\/\/roveyayinevi.com.tr\/index.php\/wp-json\/wp\/v2\/product\/737786","targetHints":{"allow":["GET"]}}],"collection":[{"href":"https:\/\/roveyayinevi.com.tr\/index.php\/wp-json\/wp\/v2\/product"}],"about":[{"href":"https:\/\/roveyayinevi.com.tr\/index.php\/wp-json\/wp\/v2\/types\/product"}],"wp:attachment":[{"href":"https:\/\/roveyayinevi.com.tr\/index.php\/wp-json\/wp\/v2\/media?parent=737786"}],"wp:term":[{"taxonomy":"product_brand","embeddable":true,"href":"https:\/\/roveyayinevi.com.tr\/index.php\/wp-json\/wp\/v2\/product_brand?post=737786"},{"taxonomy":"product_cat","embeddable":true,"href":"https:\/\/roveyayinevi.com.tr\/index.php\/wp-json\/wp\/v2\/product_cat?post=737786"},{"taxonomy":"product_tag","embeddable":true,"href":"https:\/\/roveyayinevi.com.tr\/index.php\/wp-json\/wp\/v2\/product_tag?post=737786"}],"curies":[{"name":"wp","href":"https:\/\/api.w.org\/{rel}","templated":true}]}}