{"id":737784,"date":"2025-08-27T23:35:47","date_gmt":"2025-08-27T20:35:47","guid":{"rendered":"https:\/\/roveyayinevi.com.tr\/index.php\/urun\/aritmetik-iyi-kuslar-pekiyi\/"},"modified":"2026-04-16T02:47:38","modified_gmt":"2026-04-15T23:47:38","slug":"aritmetik-iyi-kuslar-pekiyi","status":"publish","type":"product","link":"https:\/\/roveyayinevi.com.tr\/index.php\/urun\/aritmetik-iyi-kuslar-pekiyi\/","title":{"rendered":"Aritmetik \u0130yi Ku\u015flar Pekiyi"},"content":{"rendered":"<p>\u00c7ocuklar i\u00e7in yazmak&#8230; Yazars\u0131n. Yaln\u0131z \u015funu unutma: \u00c7ocuklar her \u015feyi anlar. Her \u015feyden s\u00f6z edebilirsin onlara. Bilgi\u00e7lik taslayan \u015feyler yazma. Daha i\u00e7ten ol. Ser\u00fcvenlerden, d\u00fc\u015flerden s\u00f6z et. S\u00f6zgelimi, lacivert ipek helikopterler u\u00e7sun yaz\u0131lar\u0131nda. Senin i\u015fin, onlarda okuma tad\u0131 yaratmaya \u00e7al\u0131\u015fmak&#8230;   Modern \u015fiirimizin \u00f6nc\u00fclerinden Cemal S\u00fcreya&#8217;n\u0131n \u00c7ocuk\u00e7a dergisindeki \u201cAritmetik \u0130yi, Ku\u015flar Pekiyi\u201d adl\u0131 k\u00f6\u015fesinde, 1984-85 y\u0131llar\u0131 aras\u0131nda yazd\u0131\u011f\u0131 on iki yaz\u0131 bu kitapta bir araya geliyor. De\u011ferli \u00f6yk\u00fcc\u00fclerimizden Necati G\u00fcng\u00f6r\u2019\u00fcn edit\u00f6rl\u00fc\u011f\u00fcyle haz\u0131rlanan kitapta, G\u00fcng\u00f6r\u2019\u00fcn Cemal S\u00fcreya\u2019yla yapt\u0131\u011f\u0131 bir s\u00f6yle\u015fi de yer al\u0131yor. Her ya\u015ftan okurun keyifle okuyaca\u011f\u0131 yaz\u0131lara, Mustafa Delio\u011flu&#8217;nun \u00f6zg\u00fcn \u00e7izimleri e\u015flik ediyor.<\/p>\n","protected":false},"excerpt":{"rendered":"<p>\u00c7ocuklar i\u00e7in yazmak&#8230; Yazars\u0131n. Yaln\u0131z \u015funu unutma: \u00c7ocuklar her \u015feyi anlar. Her \u015feyden s\u00f6z edebilirsin onlara. Bilgi\u00e7lik taslayan \u015feyler yazma. Daha i\u00e7ten ol. Ser\u00fcvenlerden, d\u00fc\u015flerden s\u00f6z<span class=\"excerpt-hellip\"> [\u2026]<\/span><\/p>\n","protected":false},"featured_media":0,"template":"","meta":{"_monsterinsights_skip_tracking":false,"_monsterinsights_sitenote_active":false,"_monsterinsights_sitenote_note":"","_monsterinsights_sitenote_category":0},"product_brand":[],"product_cat":[12275,12274],"product_tag":[],"class_list":{"0":"post-737784","1":"product","2":"type-product","3":"status-publish","5":"product_cat-6-12-yas-kitaplari","6":"product_cat-cocuk-ve-genclik-kitaplari","7":"pa_cilt-ciltsiz","8":"pa_tur-kitap","9":"pa_yayinevi-can-cocuk-yayinlari","10":"pa_yazar-cemal-sureya","12":"first","13":"instock","14":"sale","15":"shipping-taxable","16":"purchasable","17":"product-type-simple"},"_links":{"self":[{"href":"https:\/\/roveyayinevi.com.tr\/index.php\/wp-json\/wp\/v2\/product\/737784","targetHints":{"allow":["GET"]}}],"collection":[{"href":"https:\/\/roveyayinevi.com.tr\/index.php\/wp-json\/wp\/v2\/product"}],"about":[{"href":"https:\/\/roveyayinevi.com.tr\/index.php\/wp-json\/wp\/v2\/types\/product"}],"wp:attachment":[{"href":"https:\/\/roveyayinevi.com.tr\/index.php\/wp-json\/wp\/v2\/media?parent=737784"}],"wp:term":[{"taxonomy":"product_brand","embeddable":true,"href":"https:\/\/roveyayinevi.com.tr\/index.php\/wp-json\/wp\/v2\/product_brand?post=737784"},{"taxonomy":"product_cat","embeddable":true,"href":"https:\/\/roveyayinevi.com.tr\/index.php\/wp-json\/wp\/v2\/product_cat?post=737784"},{"taxonomy":"product_tag","embeddable":true,"href":"https:\/\/roveyayinevi.com.tr\/index.php\/wp-json\/wp\/v2\/product_tag?post=737784"}],"curies":[{"name":"wp","href":"https:\/\/api.w.org\/{rel}","templated":true}]}}