{"id":737781,"date":"2025-08-27T23:35:43","date_gmt":"2025-08-27T20:35:43","guid":{"rendered":"https:\/\/roveyayinevi.com.tr\/index.php\/urun\/hayvanlara-ovgu\/"},"modified":"2026-04-16T02:47:38","modified_gmt":"2026-04-15T23:47:38","slug":"hayvanlara-ovgu","status":"publish","type":"product","link":"https:\/\/roveyayinevi.com.tr\/index.php\/urun\/hayvanlara-ovgu\/","title":{"rendered":"Hayvanlara \u00d6vg\u00fc"},"content":{"rendered":"<p>Michel de Montaigne\u2019in 16. y\u00fczy\u0131lda kaleme ald\u0131\u011f\u0131 Denemeler, insanl\u0131\u011f\u0131n ortak birikiminin temel eserlerinden biri olarak h\u00fcmanizmin do\u011fu\u015funa tan\u0131kl\u0131k eder. R\u00f6nesans\u2019la birlikte insan akl\u0131, d\u00fc\u015f\u00fcnceye ve iradeye ket vuran dogmalardan kurtulur. Denemeler\u2019in Hayvanlara \u00d6vg\u00fc adl\u0131 bu b\u00f6l\u00fcm\u00fcnde Montaigne, cesaret isteyen bir sorgulamaya giri\u015ferek insan\u0131n hayvanlardan ayr\u0131 ve \u00fcst\u00fcn niteliklerle donat\u0131lm\u0131\u015f oldu\u011fu kabul\u00fcne ve bu kabule dayanarak hayvanlar \u00fczerinde mutlak bir tahakk\u00fcm kurman\u0131n me\u015fru g\u00f6r\u00fclmesine meydan okur. Montaigne\u2019in \u00e7a\u011flar \u00f6tesinden, h\u00fcmanizme \u00f6zg\u00fc g\u00f6recelilikle okuru bir yandan s\u0131radanla\u015fm\u0131\u015f \u015feyleri bamba\u015fka bir g\u00f6zle g\u00f6rmeye, bir yandan da farkl\u0131 g\u00f6rd\u00fc\u011f\u00fc \u015feylere dair pe\u015fin yarg\u0131lara kap\u0131lmaktan ka\u00e7\u0131nmaya \u00e7a\u011f\u0131ran sesi h\u00e2l\u00e2 canl\u0131. Antik d\u00fc\u015f\u00fcn\u00fcrlerden \u00e7a\u011fda\u015flar\u0131na dek pek \u00e7ok yazardan al\u0131nt\u0131larla, tarihten \u00f6rneklerle ve renkli bir \u00fcslupla aktar\u0131lan anekdotlarla zenginle\u015fen metin, \u00f6nc\u00fc niteli\u011finin yan\u0131 s\u0131ra hayvan haklar\u0131 tart\u0131\u015fmalar\u0131na halen \u0131\u015f\u0131k tutmas\u0131yla da g\u00fcncelli\u011fini korur.   \u201cHerhangi bir insanla di\u011fer bir insan aras\u0131ndaki fark, insanla hayvan aras\u0131ndaki farktan b\u00fcy\u00fckt\u00fcr.\u201d Montaigne <\/p>\n","protected":false},"excerpt":{"rendered":"<p>Michel de Montaigne\u2019in 16. y\u00fczy\u0131lda kaleme ald\u0131\u011f\u0131 Denemeler, insanl\u0131\u011f\u0131n ortak birikiminin temel eserlerinden biri olarak h\u00fcmanizmin do\u011fu\u015funa tan\u0131kl\u0131k eder. R\u00f6nesans\u2019la birlikte insan akl\u0131, d\u00fc\u015f\u00fcnceye ve iradeye<span class=\"excerpt-hellip\"> [\u2026]<\/span><\/p>\n","protected":false},"featured_media":0,"template":"","meta":{"_monsterinsights_skip_tracking":false,"_monsterinsights_sitenote_active":false,"_monsterinsights_sitenote_note":"","_monsterinsights_sitenote_category":0},"product_brand":[],"product_cat":[12291,12711],"product_tag":[],"class_list":{"0":"post-737781","1":"product","2":"type-product","3":"status-publish","5":"product_cat-edebiyat","6":"product_cat-roman-oyku","7":"pa_cilt-ciltsiz","8":"pa_tur-kitap","9":"pa_yayinevi-can-yayinlari","10":"pa_yazar-michel-de-montaigne","12":"first","13":"instock","14":"sale","15":"shipping-taxable","16":"purchasable","17":"product-type-simple"},"_links":{"self":[{"href":"https:\/\/roveyayinevi.com.tr\/index.php\/wp-json\/wp\/v2\/product\/737781","targetHints":{"allow":["GET"]}}],"collection":[{"href":"https:\/\/roveyayinevi.com.tr\/index.php\/wp-json\/wp\/v2\/product"}],"about":[{"href":"https:\/\/roveyayinevi.com.tr\/index.php\/wp-json\/wp\/v2\/types\/product"}],"wp:attachment":[{"href":"https:\/\/roveyayinevi.com.tr\/index.php\/wp-json\/wp\/v2\/media?parent=737781"}],"wp:term":[{"taxonomy":"product_brand","embeddable":true,"href":"https:\/\/roveyayinevi.com.tr\/index.php\/wp-json\/wp\/v2\/product_brand?post=737781"},{"taxonomy":"product_cat","embeddable":true,"href":"https:\/\/roveyayinevi.com.tr\/index.php\/wp-json\/wp\/v2\/product_cat?post=737781"},{"taxonomy":"product_tag","embeddable":true,"href":"https:\/\/roveyayinevi.com.tr\/index.php\/wp-json\/wp\/v2\/product_tag?post=737781"}],"curies":[{"name":"wp","href":"https:\/\/api.w.org\/{rel}","templated":true}]}}