{"id":737779,"date":"2025-08-27T23:35:41","date_gmt":"2025-08-27T20:35:41","guid":{"rendered":"https:\/\/roveyayinevi.com.tr\/index.php\/urun\/marka-deneyimi-yaratmak\/"},"modified":"2026-04-13T02:55:36","modified_gmt":"2026-04-12T23:55:36","slug":"marka-deneyimi-yaratmak","status":"publish","type":"product","link":"https:\/\/roveyayinevi.com.tr\/index.php\/urun\/marka-deneyimi-yaratmak\/","title":{"rendered":"Marka Deneyimi Yaratmak"},"content":{"rendered":"<p>Anlaml\u0131, ay\u0131rt edici marka deneyimleri istisnas\u0131z t\u00fcm organizasyonlar a\u00e7\u0131s\u0131ndan ba\u015far\u0131n\u0131n olmazsa olmaz\u0131d\u0131r. Etkin marka y\u00f6netiminin kilit noktas\u0131, m\u00fc\u015fterilere y\u00f6nelik pozitif ve ak\u0131lda kal\u0131c\u0131 marka deneyimleri yaratmakt\u0131r. Ne var ki ba\u015far\u0131l\u0131 bir marka bir gecede ortaya \u00e7\u0131kmaz, ad\u0131m ad\u0131m in\u015fa edilmesi gerekir. \u0130\u015fte bu s\u00fcre\u00e7te fikir geli\u015ftirme a\u015famas\u0131ndan \u015firket kurulumuna, piyasada g\u00fc\u00e7l\u00fc performanstan itibar yaratmaya dek t\u00fcm boyutlar\u0131yla bunu ba\u015farman\u0131n yollar\u0131n\u0131 \u00f6\u011frenmek istiyorsan\u0131z, bu kitap tam size g\u00f6re. Coleman mesajlar\u0131n\u0131 somut deneyimlere d\u00f6n\u00fc\u015ft\u00fcren vaka \u00e7al\u0131\u015fmalar\u0131 e\u015fli\u011finde, sistematik bir yakla\u015f\u0131mla sunuyor. Coleman, Marka Deneyimleri Yaratmak kitab\u0131yla, ayd\u0131nlatan ve ilham veren, kapsaml\u0131 ve \u00e7ok pratik bir yol haritas\u0131 sunuyor. Coleman\u2019\u0131n ilkeleri ve rehberli\u011fi, \u015firketlerin uzun vadede ba\u015far\u0131y\u0131 ve k\u00e2rl\u0131l\u0131\u011f\u0131 garantileyecek etkili marka deneyimleri tasarlamas\u0131na ve sunmas\u0131na yard\u0131mc\u0131 olacak bir elkitab\u0131 niteli\u011finde. <\/p>\n","protected":false},"excerpt":{"rendered":"<p>Anlaml\u0131, ay\u0131rt edici marka deneyimleri istisnas\u0131z t\u00fcm organizasyonlar a\u00e7\u0131s\u0131ndan ba\u015far\u0131n\u0131n olmazsa olmaz\u0131d\u0131r. Etkin marka y\u00f6netiminin kilit noktas\u0131, m\u00fc\u015fterilere y\u00f6nelik pozitif ve ak\u0131lda kal\u0131c\u0131 marka deneyimleri yaratmakt\u0131r.<span class=\"excerpt-hellip\"> [\u2026]<\/span><\/p>\n","protected":false},"featured_media":0,"template":"","meta":{"_monsterinsights_skip_tracking":false,"_monsterinsights_sitenote_active":false,"_monsterinsights_sitenote_note":"","_monsterinsights_sitenote_category":0},"product_brand":[],"product_cat":[12364,12376],"product_tag":[],"class_list":{"0":"post-737779","1":"product","2":"type-product","3":"status-publish","5":"product_cat-genel-konular","6":"product_cat-kisisel-gelisim","7":"pa_cilt-ciltsiz","8":"pa_tur-kitap","9":"pa_yayinevi-kapital-kitaplari","10":"pa_yazar-darren-coleman","12":"first","13":"instock","14":"sale","15":"shipping-taxable","16":"purchasable","17":"product-type-simple"},"_links":{"self":[{"href":"https:\/\/roveyayinevi.com.tr\/index.php\/wp-json\/wp\/v2\/product\/737779","targetHints":{"allow":["GET"]}}],"collection":[{"href":"https:\/\/roveyayinevi.com.tr\/index.php\/wp-json\/wp\/v2\/product"}],"about":[{"href":"https:\/\/roveyayinevi.com.tr\/index.php\/wp-json\/wp\/v2\/types\/product"}],"wp:attachment":[{"href":"https:\/\/roveyayinevi.com.tr\/index.php\/wp-json\/wp\/v2\/media?parent=737779"}],"wp:term":[{"taxonomy":"product_brand","embeddable":true,"href":"https:\/\/roveyayinevi.com.tr\/index.php\/wp-json\/wp\/v2\/product_brand?post=737779"},{"taxonomy":"product_cat","embeddable":true,"href":"https:\/\/roveyayinevi.com.tr\/index.php\/wp-json\/wp\/v2\/product_cat?post=737779"},{"taxonomy":"product_tag","embeddable":true,"href":"https:\/\/roveyayinevi.com.tr\/index.php\/wp-json\/wp\/v2\/product_tag?post=737779"}],"curies":[{"name":"wp","href":"https:\/\/api.w.org\/{rel}","templated":true}]}}