{"id":737777,"date":"2025-08-27T23:35:40","date_gmt":"2025-08-27T20:35:40","guid":{"rendered":"https:\/\/roveyayinevi.com.tr\/index.php\/urun\/kendinizi-daha-iyi-hissedin-daha-iyi-olun-daha-iyi-kalin\/"},"modified":"2026-04-12T02:52:32","modified_gmt":"2026-04-11T23:52:32","slug":"kendinizi-daha-iyi-hissedin-daha-iyi-olun-daha-iyi-kalin","status":"publish","type":"product","link":"https:\/\/roveyayinevi.com.tr\/index.php\/urun\/kendinizi-daha-iyi-hissedin-daha-iyi-olun-daha-iyi-kalin\/","title":{"rendered":"Kendinizi Daha \u0130yi Hissedin, Daha \u0130yi Olun, Daha \u0130yi Kal\u0131n"},"content":{"rendered":"<p>\u201cKendini iyi hissetmek,\u201d der Albert Ellis, \u201cba\u015far\u0131l\u0131 bir terapinin olmazsa olmaz\u0131d\u0131r. Daha iyi hissetmek ise \u00e7ok daha \u00f6nemlidir.\u201d Me\u015fhur ve sayg\u0131n bir psikoterapist olan Dr. Ellis duygusal sa\u011fl\u0131\u011f\u0131n\u0131z\u0131 korumak -veya geri kazanmak- i\u00e7in \u201c\u00fc\u00e7-\u00e7atall\u0131\u201d bir sistem \u00f6neriyor. Bu kitap, yazar\u0131n psikoterapi konusunda 50 y\u0131ll\u0131k deneyimini ve bilgisini pratik bir rehber \u015feklinde payla\u015f\u0131yor. Sa\u011fl\u0131kl\u0131 d\u00fc\u015f\u00fcnme, sa\u011fl\u0131kl\u0131 duygular ve sa\u011fl\u0131kl\u0131 davran\u0131\u015f detayl\u0131 \u00f6rneklerle ve duygusal a\u00e7\u0131dan her daim iyi hissetmek i\u00e7in izlenecek y\u00f6ntemlerle a\u00e7\u0131klan\u0131yor.   \u201c&#8230;dikkatli okumaya de\u011fer&#8230; Neredeyse Albert Ellis\u2019le birebir g\u00f6r\u00fc\u015fmeye e\u015fde\u011fer.\u201d \u2014Dr. Raymond Corsini   \u201c&#8230;kolayca okunabilir, anla\u015f\u0131labilir ve hat\u0131rlanabilir \u2013 bunlar bir ki\u015fisel geli\u015fim kitab\u0131n\u0131n alamet-i farikalar\u0131. Bu inand\u0131r\u0131c\u0131 tavsiyelerin \u00e7a\u011fr\u0131s\u0131na uyan okuyucular hayat\u0131 daha ya\u015fanabilir ve daha e\u011flenceli bulacaklard\u0131r.\u201d \u2014Dr. Arnold A. Lazarus   \u201cAsl\u0131nda herkes bir an gelir ve daha iyi hissetmek ister ve Ellis\u2019in samimi yaz\u0131m stiliyle bu ki\u015fisel geli\u015fim rehberi tam da bu i\u015fe yar\u0131yor. Bende i\u015fe yarad\u0131 ve sizde de yarayabilir\u2026\u201d \u2014Dr. Cyril M. Franks <\/p>\n","protected":false},"excerpt":{"rendered":"<p>\u201cKendini iyi hissetmek,\u201d der Albert Ellis, \u201cba\u015far\u0131l\u0131 bir terapinin olmazsa olmaz\u0131d\u0131r. Daha iyi hissetmek ise \u00e7ok daha \u00f6nemlidir.\u201d Me\u015fhur ve sayg\u0131n bir psikoterapist olan Dr. Ellis<span class=\"excerpt-hellip\"> [\u2026]<\/span><\/p>\n","protected":false},"featured_media":0,"template":"","meta":{"_monsterinsights_skip_tracking":false,"_monsterinsights_sitenote_active":false,"_monsterinsights_sitenote_note":"","_monsterinsights_sitenote_category":0},"product_brand":[],"product_cat":[12364,12376],"product_tag":[],"class_list":{"0":"post-737777","1":"product","2":"type-product","3":"status-publish","5":"product_cat-genel-konular","6":"product_cat-kisisel-gelisim","7":"pa_cilt-ciltsiz","8":"pa_tur-kitap","9":"pa_yayinevi-eksi-kitaplar","10":"pa_yazar-albert-ellis","12":"first","13":"instock","14":"sale","15":"shipping-taxable","16":"purchasable","17":"product-type-simple"},"_links":{"self":[{"href":"https:\/\/roveyayinevi.com.tr\/index.php\/wp-json\/wp\/v2\/product\/737777","targetHints":{"allow":["GET"]}}],"collection":[{"href":"https:\/\/roveyayinevi.com.tr\/index.php\/wp-json\/wp\/v2\/product"}],"about":[{"href":"https:\/\/roveyayinevi.com.tr\/index.php\/wp-json\/wp\/v2\/types\/product"}],"wp:attachment":[{"href":"https:\/\/roveyayinevi.com.tr\/index.php\/wp-json\/wp\/v2\/media?parent=737777"}],"wp:term":[{"taxonomy":"product_brand","embeddable":true,"href":"https:\/\/roveyayinevi.com.tr\/index.php\/wp-json\/wp\/v2\/product_brand?post=737777"},{"taxonomy":"product_cat","embeddable":true,"href":"https:\/\/roveyayinevi.com.tr\/index.php\/wp-json\/wp\/v2\/product_cat?post=737777"},{"taxonomy":"product_tag","embeddable":true,"href":"https:\/\/roveyayinevi.com.tr\/index.php\/wp-json\/wp\/v2\/product_tag?post=737777"}],"curies":[{"name":"wp","href":"https:\/\/api.w.org\/{rel}","templated":true}]}}