{"id":737776,"date":"2025-08-27T23:35:38","date_gmt":"2025-08-27T20:35:38","guid":{"rendered":"https:\/\/roveyayinevi.com.tr\/index.php\/urun\/demir-okce-8\/"},"modified":"2026-04-08T02:56:04","modified_gmt":"2026-04-07T23:56:04","slug":"demir-okce-8","status":"publish","type":"product","link":"https:\/\/roveyayinevi.com.tr\/index.php\/urun\/demir-okce-8\/","title":{"rendered":"Demir \u00d6k\u00e7e"},"content":{"rendered":"<p>\u201c\u0130nsan\u0131n Karde\u015flik \u00c7a\u011f\u0131\u201dn\u0131n 419. senesinden bir yedi y\u00fcz y\u0131l geriye gidip 1900\u2019lerin ba\u015f\u0131nda Birle\u015fik Devletler\u2019de ve t\u00fcm d\u00fcnyada ya\u015fanan s\u0131n\u0131f \u00e7at\u0131\u015fmalar\u0131na baksak neler g\u00f6r\u00fcr\u00fcz acaba? Halk\u0131 ayaklar\u0131n\u0131n alt\u0131nda eze eze Demir \u00d6k\u00e7e ad\u0131n\u0131 alan Oligar\u015fi ile proletarya, sosyalistler ve \u201cu\u00e7urum halk\u0131\u201d aras\u0131ndaki \u00e7at\u0131\u015fmalar nas\u0131l g\u00f6r\u00fcn\u00fcr g\u00f6z\u00fcm\u00fcze? Distopya m\u0131, ger\u00e7ek mi? Yirminci y\u00fczy\u0131l\u0131n yedi y\u00fcz y\u0131l ilerisinden bak\u0131ld\u0131\u011f\u0131nda bir distopya, yirminci y\u00fczy\u0131l\u0131n devam\u0131 niteli\u011findeki bug\u00fcn\u00fcm\u00fczden bak\u0131ld\u0131\u011f\u0131nda sonuna kadar ger\u00e7ek\u00e7i bir yap\u0131tla kar\u015f\u0131 kar\u015f\u0131yay\u0131z.   Ernest Everhard adl\u0131 kartal bak\u0131\u015fl\u0131 gen\u00e7 bir sosyalistin, hayat\u0131n\u0131n a\u015fk\u0131 Avis\u2019i de buldu\u011fu \u00fcniversite \u00e7evrelerindeki, i\u015f\u00e7ileri uyutmaya \u00e7al\u0131\u015fan din adamlar\u0131 \u00e7evresindeki, c\u00fczdanlar\u0131na g\u00f6z dikilince vah\u015file\u015fen burjuva \u00e7evrelerindeki, o g\u00fcn\u00fcn \u201cmakine k\u0131r\u0131c\u0131lar\u0131\u201d olarak konumlanan k\u00fc\u00e7\u00fck burjuva \u00e7evrelerindeki, sonradan i\u015f\u00e7i aristokrasisine d\u00f6n\u00fc\u015fen ayr\u0131cal\u0131kl\u0131 katmanlar \u00e7evresindeki ve nihayetinde i\u015f\u00e7i mahallerinde u\u00e7urumun dibinde ya\u015fayan halk \u00e7evresindeki gezileriyle b\u00fct\u00fcn bir toplumsal yap\u0131n\u0131n katman katman \u00f6n\u00fcm\u00fcze serildi\u011fi bir anlat\u0131 bu. Jack London\u2019\u0131n sosyalistlerin m\u00fccadelesine adad\u0131\u011f\u0131, egemenler dahil toplumdaki b\u00fct\u00fcn s\u0131n\u0131flar\u0131n anatomisine soyundu\u011fu, yeralt\u0131 ya\u015fam\u0131n\u0131n zorlu \u015fartlar\u0131na ve kalk\u0131\u015fma denemelerine dek devrimcilerin ya\u015fam\u0131n\u0131 takip etti\u011fi, \u201cGer\u00e7ek bu i\u015fte dostum, o ink\u00e2r edilemez ger\u00e7ek bu!\u201d s\u00f6zlerinin pe\u015finden ko\u015ftura ko\u015ftura anlatt\u0131\u011f\u0131 muhte\u015fem bir yap\u0131t. \u00d6zellikle 1970\u2019li y\u0131llarda T\u00fcrkiye solu \u00fczerinde b\u00fcy\u00fck etkide bulunmu\u015f, devrimci gen\u00e7lerin ellerinden d\u00fc\u015fmemi\u015f, denebilirse efsanele\u015fmi\u015f bir yap\u0131t. Demir \u00d6k\u00e7e efsanesi, \u015fimdi yepyeni ve \u00f6zenli \u00e7evirisiyle, bir kez daha devrimcilerin ve b\u00fct\u00fcn okurlar\u0131n huzurunda! <\/p>\n","protected":false},"excerpt":{"rendered":"<p>\u201c\u0130nsan\u0131n Karde\u015flik \u00c7a\u011f\u0131\u201dn\u0131n 419. senesinden bir yedi y\u00fcz y\u0131l geriye gidip 1900\u2019lerin ba\u015f\u0131nda Birle\u015fik Devletler\u2019de ve t\u00fcm d\u00fcnyada ya\u015fanan s\u0131n\u0131f \u00e7at\u0131\u015fmalar\u0131na baksak neler g\u00f6r\u00fcr\u00fcz acaba? Halk\u0131<span class=\"excerpt-hellip\"> [\u2026]<\/span><\/p>\n","protected":false},"featured_media":0,"template":"","meta":{"_monsterinsights_skip_tracking":false,"_monsterinsights_sitenote_active":false,"_monsterinsights_sitenote_note":"","_monsterinsights_sitenote_category":0},"product_brand":[],"product_cat":[12291,12711],"product_tag":[],"class_list":{"0":"post-737776","1":"product","2":"type-product","3":"status-publish","5":"product_cat-edebiyat","6":"product_cat-roman-oyku","7":"pa_cilt-ciltsiz","8":"pa_tur-kitap","9":"pa_yayinevi-yordam-kitap","10":"pa_yazar-jack-london","12":"first","13":"instock","14":"sale","15":"shipping-taxable","16":"purchasable","17":"product-type-simple"},"_links":{"self":[{"href":"https:\/\/roveyayinevi.com.tr\/index.php\/wp-json\/wp\/v2\/product\/737776","targetHints":{"allow":["GET"]}}],"collection":[{"href":"https:\/\/roveyayinevi.com.tr\/index.php\/wp-json\/wp\/v2\/product"}],"about":[{"href":"https:\/\/roveyayinevi.com.tr\/index.php\/wp-json\/wp\/v2\/types\/product"}],"wp:attachment":[{"href":"https:\/\/roveyayinevi.com.tr\/index.php\/wp-json\/wp\/v2\/media?parent=737776"}],"wp:term":[{"taxonomy":"product_brand","embeddable":true,"href":"https:\/\/roveyayinevi.com.tr\/index.php\/wp-json\/wp\/v2\/product_brand?post=737776"},{"taxonomy":"product_cat","embeddable":true,"href":"https:\/\/roveyayinevi.com.tr\/index.php\/wp-json\/wp\/v2\/product_cat?post=737776"},{"taxonomy":"product_tag","embeddable":true,"href":"https:\/\/roveyayinevi.com.tr\/index.php\/wp-json\/wp\/v2\/product_tag?post=737776"}],"curies":[{"name":"wp","href":"https:\/\/api.w.org\/{rel}","templated":true}]}}