{"id":737775,"date":"2025-08-27T23:35:37","date_gmt":"2025-08-27T20:35:37","guid":{"rendered":"https:\/\/roveyayinevi.com.tr\/index.php\/urun\/rosario-vampire-sezon-2-cilt-5\/"},"modified":"2026-04-16T02:47:38","modified_gmt":"2026-04-15T23:47:38","slug":"rosario-vampire-sezon-2-cilt-5","status":"publish","type":"product","link":"https:\/\/roveyayinevi.com.tr\/index.php\/urun\/rosario-vampire-sezon-2-cilt-5\/","title":{"rendered":"Rosario &amp; Vampire Sezon 2 &#8211; Cilt 5"},"content":{"rendered":"<p>Tsukune g\u00fcc\u00fcn\u00fc art\u0131rmak i\u00e7in g\u00fcnlerini vampir Moka ile s\u00fcrekli antrenman yaparak ge\u00e7irir. Bu antrenmanlarda ne yaz\u0131k ki h\u00e2l\u00e2 yeterince g\u00fc\u00e7l\u00fc olmad\u0131\u011f\u0131 ortaya \u00e7\u0131k\u0131nca, Gazetecilik Kul\u00fcb\u00fc \u00fcyeleri Yokai Akademisi M\u00fcd\u00fcr\u00fc taraf\u0131ndan insanlar\u0131n d\u00fcnyas\u0131nda tatile \u00e7\u0131kmaya zorlan\u0131r. Ekip orada San ad\u0131nda bir k\u0131zla tan\u0131\u015f\u0131r.  Ba\u015f\u0131 b\u00fcy\u00fck dertte olan San, asl\u0131nda bir canavard\u0131r ve \u00e7ok \u00f6nemli bir s\u0131rr\u0131 vard\u0131r&#8230;<\/p>\n","protected":false},"excerpt":{"rendered":"<p>Tsukune g\u00fcc\u00fcn\u00fc art\u0131rmak i\u00e7in g\u00fcnlerini vampir Moka ile s\u00fcrekli antrenman yaparak ge\u00e7irir. Bu antrenmanlarda ne yaz\u0131k ki h\u00e2l\u00e2 yeterince g\u00fc\u00e7l\u00fc olmad\u0131\u011f\u0131 ortaya \u00e7\u0131k\u0131nca, Gazetecilik Kul\u00fcb\u00fc \u00fcyeleri<span class=\"excerpt-hellip\"> [\u2026]<\/span><\/p>\n","protected":false},"featured_media":0,"template":"","meta":{"_monsterinsights_skip_tracking":false,"_monsterinsights_sitenote_active":false,"_monsterinsights_sitenote_note":"","_monsterinsights_sitenote_category":0},"product_brand":[],"product_cat":[12416,12291],"product_tag":[],"class_list":{"0":"post-737775","1":"product","2":"type-product","3":"status-publish","5":"product_cat-cizgi-roman","6":"product_cat-edebiyat","7":"pa_cilt-ciltsiz","8":"pa_tur-kitap","9":"pa_yayinevi-akil-celen-kitaplar","10":"pa_yazar-akihisa-ikeda","12":"first","13":"instock","14":"sale","15":"shipping-taxable","16":"purchasable","17":"product-type-simple"},"_links":{"self":[{"href":"https:\/\/roveyayinevi.com.tr\/index.php\/wp-json\/wp\/v2\/product\/737775","targetHints":{"allow":["GET"]}}],"collection":[{"href":"https:\/\/roveyayinevi.com.tr\/index.php\/wp-json\/wp\/v2\/product"}],"about":[{"href":"https:\/\/roveyayinevi.com.tr\/index.php\/wp-json\/wp\/v2\/types\/product"}],"wp:attachment":[{"href":"https:\/\/roveyayinevi.com.tr\/index.php\/wp-json\/wp\/v2\/media?parent=737775"}],"wp:term":[{"taxonomy":"product_brand","embeddable":true,"href":"https:\/\/roveyayinevi.com.tr\/index.php\/wp-json\/wp\/v2\/product_brand?post=737775"},{"taxonomy":"product_cat","embeddable":true,"href":"https:\/\/roveyayinevi.com.tr\/index.php\/wp-json\/wp\/v2\/product_cat?post=737775"},{"taxonomy":"product_tag","embeddable":true,"href":"https:\/\/roveyayinevi.com.tr\/index.php\/wp-json\/wp\/v2\/product_tag?post=737775"}],"curies":[{"name":"wp","href":"https:\/\/api.w.org\/{rel}","templated":true}]}}