{"id":737774,"date":"2025-08-27T23:35:36","date_gmt":"2025-08-27T20:35:36","guid":{"rendered":"https:\/\/roveyayinevi.com.tr\/index.php\/urun\/korku-toplumu\/"},"modified":"2026-04-16T02:47:37","modified_gmt":"2026-04-15T23:47:37","slug":"korku-toplumu","status":"publish","type":"product","link":"https:\/\/roveyayinevi.com.tr\/index.php\/urun\/korku-toplumu\/","title":{"rendered":"Korku Toplumu"},"content":{"rendered":"<p>T\u00fcrkiye bir zamanlar\u0131n y\u00fckselen y\u0131ld\u0131z\u0131yd\u0131. Ancak son 20 y\u0131lda hemen her alanda geriledi. T\u00fcm ekonomik g\u00f6stergeler d\u00fc\u015fmeye ba\u015flad\u0131. E\u011fitimden sa\u011fl\u0131\u011fa, yarg\u0131dan yasamaya her alanda ivme kaybetti. Eskiden yabanc\u0131lar gelmek isterdi, \u015fimdi yerliler ka\u00e7mak istiyor. \u00dclkenin art\u0131k o ayr\u0131cal\u0131kl\u0131, demokratik, laik, M\u00fcsl\u00fcman \u00fclke olmad\u0131\u011f\u0131na dair \u015f\u00fcpheler var. Kom\u015fular\u0131yla anla\u015fmazl\u0131klar\u0131 olan, kavgac\u0131 bir imaja sahip. D\u00fcnya g\u00f6z\u00fcnde, demokrasi liginden d\u00fc\u015fen koskoca bir \u201cgazeteci hapishanesi\u201d. Gazeteci yazar Do\u011fan Satm\u0131\u015f bu kitab\u0131nda \u201c\u0130nsanlar\u0131n konu\u015fmaktan korktu\u011fu noktaya nas\u0131l gelindi\u011fi ve \u00fclke her alanda gerilerken \u2018korku toplumu\u2019nun nas\u0131l olu\u015ftu\u011fu\u201d \u00f6nermelerini derinlemesine inceliyor. Son 20 y\u0131l\u0131n hatalar\u0131ndan ders \u00e7\u0131karabilecek miyiz? Hedef, Atat\u00fcrk\u2019\u00fcn g\u00f6sterdi\u011fi muas\u0131r medeniyetler seviyesi. Her \u015fey bu g\u00fczel \u00fclkede ya\u015fayanlar i\u00e7in\u2026 <\/p>\n","protected":false},"excerpt":{"rendered":"<p>T\u00fcrkiye bir zamanlar\u0131n y\u00fckselen y\u0131ld\u0131z\u0131yd\u0131. Ancak son 20 y\u0131lda hemen her alanda geriledi. T\u00fcm ekonomik g\u00f6stergeler d\u00fc\u015fmeye ba\u015flad\u0131. E\u011fitimden sa\u011fl\u0131\u011fa, yarg\u0131dan yasamaya her alanda ivme kaybetti.<span class=\"excerpt-hellip\"> [\u2026]<\/span><\/p>\n","protected":false},"featured_media":0,"template":"","meta":{"_monsterinsights_skip_tracking":false,"_monsterinsights_sitenote_active":false,"_monsterinsights_sitenote_note":"","_monsterinsights_sitenote_category":0},"product_brand":[],"product_cat":[13072,12291],"product_tag":[],"class_list":{"0":"post-737774","1":"product","2":"type-product","3":"status-publish","5":"product_cat-arastirma-inceleme-referans","6":"product_cat-edebiyat","7":"pa_cilt-ciltsiz","8":"pa_tur-kitap","9":"pa_yayinevi-kara-karga-yayinlari","10":"pa_yazar-dogan-satmis","12":"first","13":"instock","14":"sale","15":"shipping-taxable","16":"purchasable","17":"product-type-simple"},"_links":{"self":[{"href":"https:\/\/roveyayinevi.com.tr\/index.php\/wp-json\/wp\/v2\/product\/737774","targetHints":{"allow":["GET"]}}],"collection":[{"href":"https:\/\/roveyayinevi.com.tr\/index.php\/wp-json\/wp\/v2\/product"}],"about":[{"href":"https:\/\/roveyayinevi.com.tr\/index.php\/wp-json\/wp\/v2\/types\/product"}],"wp:attachment":[{"href":"https:\/\/roveyayinevi.com.tr\/index.php\/wp-json\/wp\/v2\/media?parent=737774"}],"wp:term":[{"taxonomy":"product_brand","embeddable":true,"href":"https:\/\/roveyayinevi.com.tr\/index.php\/wp-json\/wp\/v2\/product_brand?post=737774"},{"taxonomy":"product_cat","embeddable":true,"href":"https:\/\/roveyayinevi.com.tr\/index.php\/wp-json\/wp\/v2\/product_cat?post=737774"},{"taxonomy":"product_tag","embeddable":true,"href":"https:\/\/roveyayinevi.com.tr\/index.php\/wp-json\/wp\/v2\/product_tag?post=737774"}],"curies":[{"name":"wp","href":"https:\/\/api.w.org\/{rel}","templated":true}]}}