{"id":737773,"date":"2025-08-27T23:35:34","date_gmt":"2025-08-27T20:35:34","guid":{"rendered":"https:\/\/roveyayinevi.com.tr\/index.php\/urun\/masum-cinayetler\/"},"modified":"2026-04-16T02:47:37","modified_gmt":"2026-04-15T23:47:37","slug":"masum-cinayetler","status":"publish","type":"product","link":"https:\/\/roveyayinevi.com.tr\/index.php\/urun\/masum-cinayetler\/","title":{"rendered":"Masum Cinayetler"},"content":{"rendered":"<p>\u0130z b\u0131rakmayan bir seri katil&#8230;   Cinayet&#8230; Su\u00e7lar\u0131n en b\u00fcy\u00fc\u011f\u00fc, g\u00fcnahlar\u0131n en affedilmez olan\u0131. En b\u00fcy\u00fck g\u00fcnah ve su\u00e7 dense de cinayet ilk insandan beri var olmu\u015f. Habil ve Kabil\u2019i d\u00fc\u015f\u00fcn\u00fcn, \u00fcstelik ikisi karde\u015f ama kad\u0131n meselesi birinin di\u011ferini \u00f6ld\u00fcrmesini engelleyememi\u015f&#8230; \u0130stanbul\u2019un ola\u011fan\u00fcst\u00fc g\u00fczel yal\u0131lar\u0131nda, malik\u00e2nelerinde vah\u015fi cinayetler i\u015fleniyor. \u015e\u00f6yle b\u00f6yle de\u011fil korkun\u00e7 cinayetler, cinayetlere a\u015fina emniyet mensuplar\u0131 bile \u201cBu bir k\u00e2bus!\u201d s\u00f6zlerini f\u0131s\u0131ld\u0131yor geceler boyu. En l\u00fcks semtlerde, onlarca koruman\u0131n aras\u0131nda bir seri katil dola\u015f\u0131yor, geride oluk oluk akan kandan ba\u015fka iz b\u0131rakmayarak. Ve ya\u015fl\u0131 komiser i\u015fin i\u00e7ine girdi\u011finde, cinayetleri i\u015fleyen ki\u015fiyle burun buruna geldi\u011finde onu b\u0131rak\u0131yor, yoluna gitsin diye&#8230; Cinayetin masumu olabilir mi? <\/p>\n","protected":false},"excerpt":{"rendered":"<p>\u0130z b\u0131rakmayan bir seri katil&#8230; Cinayet&#8230; Su\u00e7lar\u0131n en b\u00fcy\u00fc\u011f\u00fc, g\u00fcnahlar\u0131n en affedilmez olan\u0131. En b\u00fcy\u00fck g\u00fcnah ve su\u00e7 dense de cinayet ilk insandan beri var olmu\u015f.<span class=\"excerpt-hellip\"> [\u2026]<\/span><\/p>\n","protected":false},"featured_media":0,"template":"","meta":{"_monsterinsights_skip_tracking":false,"_monsterinsights_sitenote_active":false,"_monsterinsights_sitenote_note":"","_monsterinsights_sitenote_category":0},"product_brand":[],"product_cat":[12291,12711],"product_tag":[],"class_list":{"0":"post-737773","1":"product","2":"type-product","3":"status-publish","5":"product_cat-edebiyat","6":"product_cat-roman-oyku","7":"pa_cilt-ciltsiz","8":"pa_tur-kitap","9":"pa_yayinevi-destek-yayinlari","10":"pa_yazar-tuna-serim","12":"first","13":"instock","14":"sale","15":"shipping-taxable","16":"purchasable","17":"product-type-simple"},"_links":{"self":[{"href":"https:\/\/roveyayinevi.com.tr\/index.php\/wp-json\/wp\/v2\/product\/737773","targetHints":{"allow":["GET"]}}],"collection":[{"href":"https:\/\/roveyayinevi.com.tr\/index.php\/wp-json\/wp\/v2\/product"}],"about":[{"href":"https:\/\/roveyayinevi.com.tr\/index.php\/wp-json\/wp\/v2\/types\/product"}],"wp:attachment":[{"href":"https:\/\/roveyayinevi.com.tr\/index.php\/wp-json\/wp\/v2\/media?parent=737773"}],"wp:term":[{"taxonomy":"product_brand","embeddable":true,"href":"https:\/\/roveyayinevi.com.tr\/index.php\/wp-json\/wp\/v2\/product_brand?post=737773"},{"taxonomy":"product_cat","embeddable":true,"href":"https:\/\/roveyayinevi.com.tr\/index.php\/wp-json\/wp\/v2\/product_cat?post=737773"},{"taxonomy":"product_tag","embeddable":true,"href":"https:\/\/roveyayinevi.com.tr\/index.php\/wp-json\/wp\/v2\/product_tag?post=737773"}],"curies":[{"name":"wp","href":"https:\/\/api.w.org\/{rel}","templated":true}]}}