{"id":737771,"date":"2025-08-27T23:35:32","date_gmt":"2025-08-27T20:35:32","guid":{"rendered":"https:\/\/roveyayinevi.com.tr\/index.php\/urun\/baba-kiz-ergen-siirler\/"},"modified":"2026-04-03T02:53:14","modified_gmt":"2026-04-02T23:53:14","slug":"baba-kiz-ergen-siirler","status":"publish","type":"product","link":"https:\/\/roveyayinevi.com.tr\/index.php\/urun\/baba-kiz-ergen-siirler\/","title":{"rendered":"Baba &#8211; K\u0131z Ergen \u015eiirler"},"content":{"rendered":"<p>\u201cHer kitab\u0131n bir hik\u00e2yesi vard\u0131r. Her kitab\u0131n hik\u00e2yesinin i\u00e7inde biraz h\u00fcz\u00fcn vard\u0131r. Bu \u015fiir kitab\u0131 da \u00f6yle&#8230; Bir k\u0131z \u00e7ocu\u011fu var. Babas\u0131 \u00f6ld\u00fckten sonra buluyor onun yazd\u0131klar\u0131n\u0131. \u2018Ben de babam gibi \u015fiir yazaca\u011f\u0131m,\u2019 deyip bir banka ajandas\u0131 a\u015f\u0131r\u0131yor annesinden. Dokuz ya\u015f\u0131ndan bu yana o \u015fiir defterine yaz\u0131yor da yaz\u0131yor. Aradan y\u0131llar ge\u00e7iyor. K\u0131z \u00e7ocu\u011fu yolun yar\u0131s\u0131na gelmi\u015f. Babas\u0131n\u0131n \u015fiirleri, ad\u0131 sonsuza kadar ya\u015fas\u0131n istiyor. Bir bak\u0131yor en \u00e7ok \u015fiiri, baba-k\u0131z ergenlik ya\u015flar\u0131nda yazm\u0131\u015flar. \u2018Tamam,\u2019 diyor, \u2018buldum.\u2019 Ba\u015fl\u0131yor \u015fiirleri kar\u0131\u015ft\u0131rmaya, bir babadan bir k\u0131zdan\u2026 Zaman zaman duygulu, \u00e7o\u011fu kez mutlu ama daima heyecanl\u0131, bir kitap \u00e7\u0131kar\u0131yor ortaya.\u201d   Ay\u015feg\u00fcl Er\u2019in kendi \u015fiirleriyle, babas\u0131 Muzaffer Er\u2019in \u015fiirlerini derledi\u011fi bu duygu ve anlam y\u00fckl\u00fc eserin her bir sat\u0131r\u0131 okurunda iz b\u0131rak\u0131yor. <\/p>\n","protected":false},"excerpt":{"rendered":"<p>\u201cHer kitab\u0131n bir hik\u00e2yesi vard\u0131r. Her kitab\u0131n hik\u00e2yesinin i\u00e7inde biraz h\u00fcz\u00fcn vard\u0131r. Bu \u015fiir kitab\u0131 da \u00f6yle&#8230; Bir k\u0131z \u00e7ocu\u011fu var. Babas\u0131 \u00f6ld\u00fckten sonra buluyor onun<span class=\"excerpt-hellip\"> [\u2026]<\/span><\/p>\n","protected":false},"featured_media":0,"template":"","meta":{"_monsterinsights_skip_tracking":false,"_monsterinsights_sitenote_active":false,"_monsterinsights_sitenote_note":"","_monsterinsights_sitenote_category":0},"product_brand":[],"product_cat":[12291,12509],"product_tag":[],"class_list":{"0":"post-737771","1":"product","2":"type-product","3":"status-publish","5":"product_cat-edebiyat","6":"product_cat-siir","7":"pa_cilt-ciltsiz","8":"pa_tur-kitap","9":"pa_yayinevi-luna-yayinlari","10":"pa_yazar-aysegul-er-muzaffer-er","12":"first","13":"instock","14":"sale","15":"shipping-taxable","16":"purchasable","17":"product-type-simple"},"_links":{"self":[{"href":"https:\/\/roveyayinevi.com.tr\/index.php\/wp-json\/wp\/v2\/product\/737771","targetHints":{"allow":["GET"]}}],"collection":[{"href":"https:\/\/roveyayinevi.com.tr\/index.php\/wp-json\/wp\/v2\/product"}],"about":[{"href":"https:\/\/roveyayinevi.com.tr\/index.php\/wp-json\/wp\/v2\/types\/product"}],"wp:attachment":[{"href":"https:\/\/roveyayinevi.com.tr\/index.php\/wp-json\/wp\/v2\/media?parent=737771"}],"wp:term":[{"taxonomy":"product_brand","embeddable":true,"href":"https:\/\/roveyayinevi.com.tr\/index.php\/wp-json\/wp\/v2\/product_brand?post=737771"},{"taxonomy":"product_cat","embeddable":true,"href":"https:\/\/roveyayinevi.com.tr\/index.php\/wp-json\/wp\/v2\/product_cat?post=737771"},{"taxonomy":"product_tag","embeddable":true,"href":"https:\/\/roveyayinevi.com.tr\/index.php\/wp-json\/wp\/v2\/product_tag?post=737771"}],"curies":[{"name":"wp","href":"https:\/\/api.w.org\/{rel}","templated":true}]}}