{"id":737768,"date":"2025-08-27T23:35:28","date_gmt":"2025-08-27T20:35:28","guid":{"rendered":"https:\/\/roveyayinevi.com.tr\/index.php\/urun\/musa-kevserin-kaderi\/"},"modified":"2026-04-16T02:47:37","modified_gmt":"2026-04-15T23:47:37","slug":"musa-kevserin-kaderi","status":"publish","type":"product","link":"https:\/\/roveyayinevi.com.tr\/index.php\/urun\/musa-kevserin-kaderi\/","title":{"rendered":"Musa Kevser\u2019in Kader\u2019i"},"content":{"rendered":"<p>K\u00fc\u00e7\u00fck bir Anadolu k\u00f6y\u00fcnden \u0130stanbul\u2019a uzanan Kevser\u2019in hik\u00e2yesi devam ediyor.Ge\u00e7mi\u015fin d\u00fc\u015f\u00fcnd\u00fc\u011f\u00fcm\u00fcz kadar uzakta kalmad\u0131\u011f\u0131na, yollar\u0131n daha b\u00fcy\u00fck ayr\u0131mlara \u00e7\u0131kt\u0131\u011f\u0131na, bu yolculukta zamans\u0131z kar\u015f\u0131la\u015fmalar\u0131n ka\u00e7\u0131n\u0131lmaz oldu\u011funa ve b\u00fcy\u00fck hesapla\u015fmalar\u0131n b\u00fcy\u00fck kavu\u015fmalara varabilece\u011fine \u015fahitlik ediyoruz. Geride b\u0131rak\u0131lan onca y\u0131ldan sonra karde\u015fliklerin yeniden yaz\u0131lmas\u0131, dostluklar\u0131n s\u0131nanmas\u0131, unutulup yok say\u0131lanlar\u0131n tekrar g\u00fcny\u00fcz\u00fcne \u00e7\u0131kmas\u0131 ise ka\u00e7\u0131n\u0131lmaz.Musa-Kevser\u2019in Kader\u2019i ile Avukat Burcu Karata\u015f Metin, soluk solu\u011fa bir polisiye kurgusuyla beraber \u00e7ok katmanl\u0131 bir hik\u00e2ye aktar\u0131yor: Sadece kaderini se\u00e7emeyen insanlar\u0131n varolu\u015f m\u00fccadelesini de\u011fil, bu topraklar\u0131n \u00e7etin ko\u015fullar\u0131nda kimli\u011fimizi ya\u015faman\u0131n, hem birey hem de bir \u00e2\u015f\u0131k olarak kendimizi \u00f6zg\u00fcrce ger\u00e7ekle\u015ftirmenin zorlu\u011funu&#8230; Yine de vazge\u00e7memeyi, b\u00fcy\u00fck dalgalara ra\u011fmen devam etmeyi ve koi bal\u0131klar\u0131 misali ak\u0131nt\u0131ya kar\u015f\u0131 y\u00fczme cesareti g\u00f6sterebilmeyi anlatmak i\u00e7in s\u00f6z \u015fimdi Musa-Kevser\u2019in Kader\u2019i roman\u0131nda.<\/p>\n","protected":false},"excerpt":{"rendered":"<p>K\u00fc\u00e7\u00fck bir Anadolu k\u00f6y\u00fcnden \u0130stanbul\u2019a uzanan Kevser\u2019in hik\u00e2yesi devam ediyor.Ge\u00e7mi\u015fin d\u00fc\u015f\u00fcnd\u00fc\u011f\u00fcm\u00fcz kadar uzakta kalmad\u0131\u011f\u0131na, yollar\u0131n daha b\u00fcy\u00fck ayr\u0131mlara \u00e7\u0131kt\u0131\u011f\u0131na, bu yolculukta zamans\u0131z kar\u015f\u0131la\u015fmalar\u0131n ka\u00e7\u0131n\u0131lmaz oldu\u011funa ve<span class=\"excerpt-hellip\"> [\u2026]<\/span><\/p>\n","protected":false},"featured_media":0,"template":"","meta":{"_monsterinsights_skip_tracking":false,"_monsterinsights_sitenote_active":false,"_monsterinsights_sitenote_note":"","_monsterinsights_sitenote_category":0},"product_brand":[],"product_cat":[12291,12711],"product_tag":[],"class_list":{"0":"post-737768","1":"product","2":"type-product","3":"status-publish","5":"product_cat-edebiyat","6":"product_cat-roman-oyku","7":"pa_cilt-ciltsiz","8":"pa_tur-kitap","9":"pa_yayinevi-hep-kitap","10":"pa_yazar-burcu-karatas-metin","12":"first","13":"instock","14":"sale","15":"shipping-taxable","16":"purchasable","17":"product-type-simple"},"_links":{"self":[{"href":"https:\/\/roveyayinevi.com.tr\/index.php\/wp-json\/wp\/v2\/product\/737768","targetHints":{"allow":["GET"]}}],"collection":[{"href":"https:\/\/roveyayinevi.com.tr\/index.php\/wp-json\/wp\/v2\/product"}],"about":[{"href":"https:\/\/roveyayinevi.com.tr\/index.php\/wp-json\/wp\/v2\/types\/product"}],"wp:attachment":[{"href":"https:\/\/roveyayinevi.com.tr\/index.php\/wp-json\/wp\/v2\/media?parent=737768"}],"wp:term":[{"taxonomy":"product_brand","embeddable":true,"href":"https:\/\/roveyayinevi.com.tr\/index.php\/wp-json\/wp\/v2\/product_brand?post=737768"},{"taxonomy":"product_cat","embeddable":true,"href":"https:\/\/roveyayinevi.com.tr\/index.php\/wp-json\/wp\/v2\/product_cat?post=737768"},{"taxonomy":"product_tag","embeddable":true,"href":"https:\/\/roveyayinevi.com.tr\/index.php\/wp-json\/wp\/v2\/product_tag?post=737768"}],"curies":[{"name":"wp","href":"https:\/\/api.w.org\/{rel}","templated":true}]}}