{"id":737764,"date":"2025-08-27T23:35:24","date_gmt":"2025-08-27T20:35:24","guid":{"rendered":"https:\/\/roveyayinevi.com.tr\/index.php\/urun\/deneyimler\/"},"modified":"2025-10-27T01:22:34","modified_gmt":"2025-10-26T22:22:34","slug":"deneyimler","status":"publish","type":"product","link":"https:\/\/roveyayinevi.com.tr\/index.php\/urun\/deneyimler\/","title":{"rendered":"Deneyimler"},"content":{"rendered":"<p>B\u0130R L\u0130DER\u0130N HAYATI VE KAR\u0130YER\u0130NDEN S\u00dcZ\u00dcLEN \u0130LKELER\u2026 QNB Finansbank Y\u00f6netim Kurulu Ba\u015fkan\u0131 \u00d6mer Aras, 37 y\u0131ll\u0131k bankac\u0131l\u0131k ve 6 y\u0131ll\u0131k akademisyenli\u011fi s\u0131ras\u0131nda edindi\u011fi ya\u015fam, kariyer ve liderlik ilkelerini bir \u201cmentor\u201d gibi, i\u00e7tenlikle payla\u015f\u0131yor\u2026 \u00d6mer Aras\u2019\u0131n kaleme ald\u0131\u011f\u0131 \u201cDeneyimler\u201d, bu t\u00fcrde okumaya al\u0131\u015ft\u0131\u011f\u0131m\u0131z kitaplardan farkl\u0131\u2026 Kariyer ve biyografilerini emekli olduktan sonra yazan bir\u00e7ok ismin aksine, deneyimlerini g\u00f6revinin ba\u015f\u0131ndayken payla\u015fmas\u0131 gerekti\u011fine inanan Aras, bu inanc\u0131n\u0131 kitap kapa\u011f\u0131nda kendi el yaz\u0131s\u0131 ile yer alan \u201c\u0130nsan payla\u015ft\u0131k\u00e7a \u00e7o\u011fal\u0131r\u201d ifadesiyle de vurguluyor. \u00d6mer Aras \u201cDeneyimler\u201dde, i\u015f ya\u015fam\u0131nda kararlar\u0131n\u0131 nas\u0131l ald\u0131\u011f\u0131n\u0131, insan kayna\u011f\u0131 se\u00e7iminde nelere \u00f6nem verdi\u011fini, krizlerde nas\u0131l davran\u0131lmas\u0131 gerekti\u011fini ve en \u00f6nemlisi y\u00f6netici ile lider aras\u0131ndaki fark\u0131 okuyucuya bir tecr\u00fcbe \u00f6yk\u00fcs\u00fc \u015feklinde aktar\u0131yor. Yazar\u0131n ge\u00e7ti\u011fi \u00f6nemli d\u00f6neme\u00e7leri, ald\u0131\u011f\u0131 zor kararlar\u0131 ve yapt\u0131\u011f\u0131 hatalardan edindi\u011fi dersleri i\u00e7eren bu kitap, akademik \u00f6\u011fretilerin \u00f6tesinde deneyimlere dayal\u0131 ilkeleri ele ald\u0131\u011f\u0131 i\u00e7in \u00f6\u011frenci ve gen\u00e7 \u00e7al\u0131\u015fanlara da sesleniyor. Kariyer yolculu\u011funda bir rehber \u00d6zellikle gen\u00e7lere ufuk a\u00e7mak amac\u0131yla bir rehber niteli\u011finde olan kitapta \u00d6mer Aras, \u2018Deneyimler\u2019i; \u2018Aile\u2019, \u2018E\u011fitim\u2019, \u2018\u0130\u015f Hayat\u0131\u2019, \u2018Ba\u015far\u0131lar\u2019, \u2018Hatalar\u2019, \u2018Krizler\u2019 ve son olarak t\u00fcm bu ya\u015fanm\u0131\u015fl\u0131klardan \u00e7\u0131kar\u0131lan \u2018\u0130lkeler\u2019 ba\u015fl\u0131klar\u0131yla tan\u0131ml\u0131yor. Aras, e\u011fitim y\u0131llar\u0131 ve 37 y\u0131ll\u0131k bankac\u0131l\u0131k hayat\u0131n\u0131 \u00f6zetlerken, bir anlamda okuyucuyu T\u00fcrkiye\u2019deki i\u015f d\u00fcnyas\u0131 ve sosyok\u00fclt\u00fcrel ya\u015famda ger\u00e7ekle\u015fen de\u011fi\u015fimlerle y\u00fczle\u015ftiriyor. \u00dclkemizin finansal krizleri, serbest piyasa ekonomisinin geli\u015fimi, d\u00fcnya ve \u00fclkemizdeki dijitalle\u015fme d\u00f6nemine giri\u015f, insan kayna\u011f\u0131ndaki de\u011fi\u015fim, bankac\u0131l\u0131k ve i\u015f hayat\u0131nda de\u011fi\u015fen kural ve yeniden kurulan oyunlar ekseninde son 45 y\u0131ldaki i\u015f d\u00fcnyas\u0131n\u0131 g\u00f6zler \u00f6n\u00fcne seriyor. Elbette kitapta en \u00f6nemli pay\u0131 bankac\u0131l\u0131k al\u0131yor. S\u0131f\u0131rdan kurulan ve ilk nakit sermayesi yatak alt\u0131nda \u00e7anta i\u00e7inde saklanan bir bankan\u0131n 37 y\u0131l sonra T\u00fcrkiye\u2019nin en b\u00fcy\u00fck \u00f6zel bankalar\u0131 aras\u0131na y\u00fckseli\u015f \u00f6yk\u00fcs\u00fc t\u00fcm okuyucular i\u00e7in \u00f6nemli, e\u011fitici notlar\u0131 kaps\u0131yor. Ba\u015far\u0131n\u0131n s\u0131rr\u0131 ilkeler: Kariyer yolculu\u011fundaki herkesin, i\u00e7inde kendi i\u015f hayat\u0131ndan par\u00e7alar bulaca\u011f\u0131 kitapta yer alan \u201cKendinden \u0130yisini \u0130\u015fe Al\u201d, \u201cPatron Nas\u0131l Y\u00f6netilir?\u201d, \u201cBilmiyorum Diyebilmek\u201d, \u201c\u0130yi Niyet \u015eans Getirir\u201d ve \u201c\u015eefkatli Y\u00f6netim\u201d gibi ba\u015fl\u0131klar, yazar\u0131n ilkelerini \u00e7arp\u0131c\u0131 bir \u015fekilde vurguluyor. Aras kitab\u0131n\u0131 \u201cHayat\u0131n Be\u015fli Dengesi\u201dni a\u00e7\u0131klayarak bitiriyor: \u201cAile\u201d, \u201c\u0130\u015f\u201d, \u201cSa\u011fl\u0131k\u201d, \u201cSosyal Ya\u015fam\u201d, \u201cTopluma Katk\u0131\u201d.\u00d6mer Aras 1954 y\u0131l\u0131nda \u0130stanbul\u2019da do\u011fdu. \u0130lk ve orta \u00f6\u011frenimini \u015ei\u015fli Terakki Lisesi\u2019nde tamamlad\u0131. 1975 y\u0131l\u0131nda \u0130ktisadi Ticari \u0130limler Akademisi Ekonomi Maliye Y\u00fcksek Okulu\u2019nu bitirdi. ABD\u2019de Syracuse \u00dcniversitesi\u2019nde y\u00fcksek lisans (MBA) ve doktora (PhD) yapt\u0131. Ohio State \u00dcniversitesi \u0130\u015fletme Fak\u00fcltesi\u2019nde yard\u0131mc\u0131 do\u00e7ent olarak \u00f6\u011fretim \u00fcyeli\u011fi yapt\u0131ktan sonra 1984 y\u0131l\u0131nda T\u00fcrkiye\u2019ye d\u00f6nd\u00fc. Amerika\u2019da alt\u0131 y\u0131ll\u0131k akademisyenlik sonras\u0131nda bankac\u0131l\u0131k sekt\u00f6r\u00fcne ge\u00e7ti. \u00dc\u00e7 y\u0131l Citibank\u2019ta, alt\u0131 ay Yap\u0131 ve Kredi Bankas\u0131\u2019nda \u00e7al\u0131\u015ft\u0131ktan sonra kurulu\u015funda g\u00f6rev ald\u0131\u011f\u0131 Finansbank\u2019ta alt\u0131 y\u0131l genel m\u00fcd\u00fcrl\u00fck, toplam otuz d\u00f6rt y\u0131l y\u00f6neticilik yapt\u0131. Yerel ve uluslararas\u0131 \u00f6l\u00e7ekte bir\u00e7ok kriz ya\u015fad\u0131 ve uluslararas\u0131 y\u00f6netim sorumluluklar\u0131 ald\u0131. D\u00f6rt y\u0131l T\u00dcS\u0130AD y\u00f6netim kurulu \u00fcyeli\u011finde ve on y\u0131l \u00d6zyeg\u0306in \u00dcniversitesi kurucu m\u00fctevelli heyetinde bulundu. Halen QNB Finansbank ve Cigna Sigorta y\u00f6netim kurulu ba\u015fkanl\u0131\u011f\u0131n\u0131n yan\u0131 s\u0131ra T\u00dcS\u0130AD Y\u00fcksek \u0130sti\u015fare Konseyi ba\u015fkan yard\u0131mc\u0131l\u0131\u011f\u0131, Galata Business Angels (GBA) melek yat\u0131r\u0131mc\u0131 a\u011f\u0131 \u00fcyeli\u011fi, Bo\u011fazi\u00e7i \u00dcniversitesi Vakf\u0131 m\u00fctevelli heyeti \u00fcyeli\u011fi, Dar\u00fc\u015f\u015fafaka Cemiyeti dan\u0131\u015fma kurulu \u00fcyeli\u011fi ve Y\u00f6netim Kurulunda Kad\u0131n Derne\u011fi mentorlu\u011fu yap\u0131yor. Tenis oynamaktan \u00e7ok zevk al\u0131yor. Evli, iki \u00e7ocuk babas\u0131 ve \u00fc\u00e7 torun dedesi.<\/p>\n","protected":false},"excerpt":{"rendered":"<p>B\u0130R L\u0130DER\u0130N HAYATI VE KAR\u0130YER\u0130NDEN S\u00dcZ\u00dcLEN \u0130LKELER\u2026 QNB Finansbank Y\u00f6netim Kurulu Ba\u015fkan\u0131 \u00d6mer Aras, 37 y\u0131ll\u0131k bankac\u0131l\u0131k ve 6 y\u0131ll\u0131k akademisyenli\u011fi s\u0131ras\u0131nda edindi\u011fi ya\u015fam, kariyer ve<span class=\"excerpt-hellip\"> [\u2026]<\/span><\/p>\n","protected":false},"featured_media":0,"template":"","meta":{"_monsterinsights_skip_tracking":false,"_monsterinsights_sitenote_active":false,"_monsterinsights_sitenote_note":"","_monsterinsights_sitenote_category":0},"product_brand":[],"product_cat":[13701,12291],"product_tag":[],"class_list":{"0":"post-737764","1":"product","2":"type-product","3":"status-publish","5":"product_cat-ani-mektup-gunluk","6":"product_cat-edebiyat","7":"pa_cilt-ciltsiz","8":"pa_tur-kitap","9":"pa_yayinevi-remzi-kitabevi","10":"pa_yazar-omer-aras","12":"first","13":"instock","14":"sale","15":"shipping-taxable","16":"purchasable","17":"product-type-simple"},"_links":{"self":[{"href":"https:\/\/roveyayinevi.com.tr\/index.php\/wp-json\/wp\/v2\/product\/737764","targetHints":{"allow":["GET"]}}],"collection":[{"href":"https:\/\/roveyayinevi.com.tr\/index.php\/wp-json\/wp\/v2\/product"}],"about":[{"href":"https:\/\/roveyayinevi.com.tr\/index.php\/wp-json\/wp\/v2\/types\/product"}],"wp:attachment":[{"href":"https:\/\/roveyayinevi.com.tr\/index.php\/wp-json\/wp\/v2\/media?parent=737764"}],"wp:term":[{"taxonomy":"product_brand","embeddable":true,"href":"https:\/\/roveyayinevi.com.tr\/index.php\/wp-json\/wp\/v2\/product_brand?post=737764"},{"taxonomy":"product_cat","embeddable":true,"href":"https:\/\/roveyayinevi.com.tr\/index.php\/wp-json\/wp\/v2\/product_cat?post=737764"},{"taxonomy":"product_tag","embeddable":true,"href":"https:\/\/roveyayinevi.com.tr\/index.php\/wp-json\/wp\/v2\/product_tag?post=737764"}],"curies":[{"name":"wp","href":"https:\/\/api.w.org\/{rel}","templated":true}]}}