{"id":737763,"date":"2025-08-27T23:35:23","date_gmt":"2025-08-27T20:35:23","guid":{"rendered":"https:\/\/roveyayinevi.com.tr\/index.php\/urun\/defne-ve-diger-bas-belalari\/"},"modified":"2026-04-16T02:47:37","modified_gmt":"2026-04-15T23:47:37","slug":"defne-ve-diger-bas-belalari","status":"publish","type":"product","link":"https:\/\/roveyayinevi.com.tr\/index.php\/urun\/defne-ve-diger-bas-belalari\/","title":{"rendered":"Defne ve Di\u011fer Ba\u015f Belalar\u0131"},"content":{"rendered":"<p>Bir hayal ustas\u0131n\u0131n g\u00fcnd\u00fcz d\u00fc\u015fleri\u2026 Serdar Uslu&#8217;nun, Tudem Edebiyat \u00d6d\u00fclleri&#8217;nde ikincili\u011fe de\u011fer g\u00f6r\u00fclen Defne ve Di\u011fer Ba\u015f Belalar\u0131 isimli roman\u0131; s\u0131n\u0131rs\u0131z hayal g\u00fcc\u00fc, ele avuca s\u0131\u011fmaz kahramanlar ve kat\u0131ks\u0131z mizah e\u015fli\u011finde \u201c\u0130p B\u00fck\u00fcc\u00fcl\u00fck Sanat\u0131\u201dna dair hi\u00e7 bilinmeyenleri a\u00e7\u0131\u011fa \u00e7\u0131karan, fantastik bir ser\u00fcven.   \u0130pliklerin ucuna ba\u011flad\u0131\u011f\u0131 s\u00f6zc\u00fcklere havada takla att\u0131rma suretiyle kendine has bir edeb\u00ee \u00fcslup yakalayan yazar; d\u00fc\u015fle ger\u00e7ek aras\u0131nda as\u0131l\u0131 kalan anlat\u0131s\u0131n\u0131, ayaklar\u0131 yere sa\u011flam basan bir felsefi alt metne dayand\u0131r\u0131yor. Animasyon filmlerin duyumsatt\u0131\u011f\u0131 heyecan\u0131 kitap sayfalar\u0131nda arayan \u00e7ocuklar\u0131 ve ruhu her daim \u00e7ocuk kalanlar\u0131 benzersiz bir okuma hazz\u0131yla ba\u015f ba\u015fa b\u0131rakan bu bol k\u00f6p\u00fckl\u00fc roman, Emre Karacan&#8217;\u0131n karakteristik resimleriyle canlan\u0131yor. D\u00fcnyay\u0131 \u00e7antas\u0131na s\u0131\u011fd\u0131rabilecek kadar \u00e7atlak bir k\u0131z; ne kadar y\u00fcksekten d\u00fc\u015ferse d\u00fc\u015fs\u00fcn ba\u015f\u0131na hi\u00e7bir \u015fey gelmeyen miskin bir \u00e7ocuk; sadece sabun yiyerek beslenen ve k\u00f6p\u00fcrd\u00fck\u00e7e k\u00f6p\u00fcren bir k\u00f6pek; ad\u0131n\u0131 kendi koymaya hevesli, ufak tefek, g\u00f6r\u00fcnmez bir ba\u015fka k\u00f6pek ve t\u00fcm bu sayd\u0131klar\u0131m\u0131zdan i\u015f bitirici bir kurtarma ekibi kurmay\u0131 kafas\u0131na koymu\u015f zek\u00e2 k\u00fcp\u00fc bir kedi&#8230; Peki yollar\u0131 nas\u0131l m\u0131 kesi\u015fti? Asl\u0131nda her \u015fey, Defne ad\u0131nda k\u00fc\u00e7\u00fck bir k\u0131z\u0131n, oyun park\u0131nda rastlad\u0131\u011f\u0131 bir k\u00f6pe\u011fi evine g\u00f6t\u00fcr\u00fcp sabunlamaya kalkmas\u0131yla ba\u015flad\u0131. Sonras\u0131, k\u00f6p\u00fckl\u00fc m\u00fc k\u00f6p\u00fckl\u00fc, ak\u0131llara durgunluk verecek bir ko\u015fu\u015fturmaca! Be\u015f kafadar, d\u00fcnyan\u0131n b\u00fct\u00fcn ipliklerini spagetti gibi h\u00fcp\u00fcrdetmeye ant i\u00e7mi\u015f havu\u00e7 burunlu bir canavar\u0131n \u00fcstesinden gelmeyi ba\u015farabilecek mi dersiniz? Defne ve arkada\u015flar\u0131, k\u00e2h orda k\u00e2h burda k\u00e2h \u015furda d\u00fcnyan\u0131n \u00f6teki ucuna do\u011fru yuvarlan\u0131rken eski k\u00f6ye yeni \u00e2detler getirmeyi, hi\u00e7 bilmedikleri \u00e2lemlere s\u00fcr\u00fcklenmeyi, \u00fcst\u00fcne bir de \u201cHarita Y\u00fcr\u00fct\u00fcc\u00fcl\u00fc\u011f\u00fc Sanat\u0131\u201dn\u0131n inceliklerini hatmetmeyi ihmal etmeyecekler tabii. Amuda kalkm\u0131\u015f d\u00fc\u015fler e\u015fli\u011finde iplikten deryalar sunan Defne ve Di\u011fer Ba\u015f Belalar\u0131; okurlar\u0131 e\u015fi benzeri g\u00f6r\u00fclmemi\u015f bir dostluk, dayan\u0131\u015fma ve m\u00fccadele ser\u00fcvenine ortak ediyor. Hem de en kahkahal\u0131s\u0131ndan&#8230;<\/p>\n","protected":false},"excerpt":{"rendered":"<p>Bir hayal ustas\u0131n\u0131n g\u00fcnd\u00fcz d\u00fc\u015fleri\u2026 Serdar Uslu&#8217;nun, Tudem Edebiyat \u00d6d\u00fclleri&#8217;nde ikincili\u011fe de\u011fer g\u00f6r\u00fclen Defne ve Di\u011fer Ba\u015f Belalar\u0131 isimli roman\u0131; s\u0131n\u0131rs\u0131z hayal g\u00fcc\u00fc, ele avuca s\u0131\u011fmaz<span class=\"excerpt-hellip\"> [\u2026]<\/span><\/p>\n","protected":false},"featured_media":0,"template":"","meta":{"_monsterinsights_skip_tracking":false,"_monsterinsights_sitenote_active":false,"_monsterinsights_sitenote_note":"","_monsterinsights_sitenote_category":0},"product_brand":[],"product_cat":[12275,12274],"product_tag":[],"class_list":{"0":"post-737763","1":"product","2":"type-product","3":"status-publish","5":"product_cat-6-12-yas-kitaplari","6":"product_cat-cocuk-ve-genclik-kitaplari","7":"pa_cilt-ciltsiz","8":"pa_tur-kitap","9":"pa_yayinevi-tudem-yayinlari","10":"pa_yazar-serdar-uslu","12":"first","13":"instock","14":"sale","15":"shipping-taxable","16":"purchasable","17":"product-type-simple"},"_links":{"self":[{"href":"https:\/\/roveyayinevi.com.tr\/index.php\/wp-json\/wp\/v2\/product\/737763","targetHints":{"allow":["GET"]}}],"collection":[{"href":"https:\/\/roveyayinevi.com.tr\/index.php\/wp-json\/wp\/v2\/product"}],"about":[{"href":"https:\/\/roveyayinevi.com.tr\/index.php\/wp-json\/wp\/v2\/types\/product"}],"wp:attachment":[{"href":"https:\/\/roveyayinevi.com.tr\/index.php\/wp-json\/wp\/v2\/media?parent=737763"}],"wp:term":[{"taxonomy":"product_brand","embeddable":true,"href":"https:\/\/roveyayinevi.com.tr\/index.php\/wp-json\/wp\/v2\/product_brand?post=737763"},{"taxonomy":"product_cat","embeddable":true,"href":"https:\/\/roveyayinevi.com.tr\/index.php\/wp-json\/wp\/v2\/product_cat?post=737763"},{"taxonomy":"product_tag","embeddable":true,"href":"https:\/\/roveyayinevi.com.tr\/index.php\/wp-json\/wp\/v2\/product_tag?post=737763"}],"curies":[{"name":"wp","href":"https:\/\/api.w.org\/{rel}","templated":true}]}}