{"id":737762,"date":"2025-08-27T23:35:21","date_gmt":"2025-08-27T20:35:21","guid":{"rendered":"https:\/\/roveyayinevi.com.tr\/index.php\/urun\/one-punch-man-cilt-18-tek-yumruk\/"},"modified":"2026-04-16T02:47:37","modified_gmt":"2026-04-15T23:47:37","slug":"one-punch-man-cilt-18-tek-yumruk","status":"publish","type":"product","link":"https:\/\/roveyayinevi.com.tr\/index.php\/urun\/one-punch-man-cilt-18-tek-yumruk\/","title":{"rendered":"One Punch Man Cilt 18 &#8211; Tek Yumruk"},"content":{"rendered":"<p>Kar\u015f\u0131na \u00e7\u0131kan herkesin i\u015fini tek bir yumrukla bitiriyorsan hayat son derece s\u0131k\u0131c\u0131 bir \u015fey haline gelebilir.   Canavarlar Birli\u011fi\u2019nin gizli s\u0131\u011f\u0131na\u011f\u0131ndan hen\u00fcz ayr\u0131lan Garou\u2019nun yolu, ba\u015f\u0131 birazc\u0131k belada olan Saitama ile kesi\u015fti. Ne var ki Saitama, Garou\u2019nun Kahraman Avc\u0131s\u0131 oldu\u011funu h\u00e2l\u00e2 bilmiyor.   Bu s\u0131rada, Garou\u2019yu takip etmekle g\u00f6revli De\u015fen Kral da \u00f6ld\u00fcr\u00fcc\u00fc d\u00fcrt\u00fclerini daha fazla  dizginleyemeyerek Garou ile bizzat y\u00fczle\u015fiyor! <\/p>\n","protected":false},"excerpt":{"rendered":"<p>Kar\u015f\u0131na \u00e7\u0131kan herkesin i\u015fini tek bir yumrukla bitiriyorsan hayat son derece s\u0131k\u0131c\u0131 bir \u015fey haline gelebilir. Canavarlar Birli\u011fi\u2019nin gizli s\u0131\u011f\u0131na\u011f\u0131ndan hen\u00fcz ayr\u0131lan Garou\u2019nun yolu, ba\u015f\u0131 birazc\u0131k<span class=\"excerpt-hellip\"> [\u2026]<\/span><\/p>\n","protected":false},"featured_media":0,"template":"","meta":{"_monsterinsights_skip_tracking":false,"_monsterinsights_sitenote_active":false,"_monsterinsights_sitenote_note":"","_monsterinsights_sitenote_category":0},"product_brand":[],"product_cat":[12416,12291],"product_tag":[],"class_list":{"0":"post-737762","1":"product","2":"type-product","3":"status-publish","5":"product_cat-cizgi-roman","6":"product_cat-edebiyat","7":"pa_cilt-ciltsiz","8":"pa_tur-kitap","9":"pa_yayinevi-akil-celen-kitaplar","10":"pa_yazar-akil-celen-kitaplar-kolektif","12":"first","13":"instock","14":"sale","15":"shipping-taxable","16":"purchasable","17":"product-type-simple"},"_links":{"self":[{"href":"https:\/\/roveyayinevi.com.tr\/index.php\/wp-json\/wp\/v2\/product\/737762","targetHints":{"allow":["GET"]}}],"collection":[{"href":"https:\/\/roveyayinevi.com.tr\/index.php\/wp-json\/wp\/v2\/product"}],"about":[{"href":"https:\/\/roveyayinevi.com.tr\/index.php\/wp-json\/wp\/v2\/types\/product"}],"wp:attachment":[{"href":"https:\/\/roveyayinevi.com.tr\/index.php\/wp-json\/wp\/v2\/media?parent=737762"}],"wp:term":[{"taxonomy":"product_brand","embeddable":true,"href":"https:\/\/roveyayinevi.com.tr\/index.php\/wp-json\/wp\/v2\/product_brand?post=737762"},{"taxonomy":"product_cat","embeddable":true,"href":"https:\/\/roveyayinevi.com.tr\/index.php\/wp-json\/wp\/v2\/product_cat?post=737762"},{"taxonomy":"product_tag","embeddable":true,"href":"https:\/\/roveyayinevi.com.tr\/index.php\/wp-json\/wp\/v2\/product_tag?post=737762"}],"curies":[{"name":"wp","href":"https:\/\/api.w.org\/{rel}","templated":true}]}}