{"id":737761,"date":"2025-08-27T23:35:20","date_gmt":"2025-08-27T20:35:20","guid":{"rendered":"https:\/\/roveyayinevi.com.tr\/index.php\/urun\/bag\/"},"modified":"2026-04-16T02:47:37","modified_gmt":"2026-04-15T23:47:37","slug":"bag","status":"publish","type":"product","link":"https:\/\/roveyayinevi.com.tr\/index.php\/urun\/bag\/","title":{"rendered":"Ba\u011f"},"content":{"rendered":"<p>\u201cSen o zaman \u015funa karar vereceksin. Tek ba\u015f\u0131na, hi\u00e7bir sorumluluk, ba\u011fl\u0131l\u0131k olmadan mevsimlik \u00e7i\u00e7ek gibi mi ya\u015fayacaks\u0131n; yoksa herkesi g\u00f6lgesinde toplayan, k\u00f6k salan, g\u00fcven veren bir \u00e7\u0131nar m\u0131 olacaks\u0131n? Evin \u00f6n\u00fcndeki bu koca \u00e7\u0131nar, aile demek, ba\u011f demek, ko\u015fulsuz, \u015farts\u0131z sevgi demek. \u015eimdi d\u00fc\u015f\u00fcn bakal\u0131m o\u011flum, sabah uyand\u0131\u011f\u0131nda karar\u0131n\u0131 vermi\u015f olarak kalk \u00e7\u00fcnk\u00fc hayat beklemez\u2026\u201d Ge\u00e7mi\u015finin y\u00fck\u00fc, kalbinde derin bir yara olarak kalm\u0131\u015f ba\u015far\u0131l\u0131 i\u015f insan\u0131 Kemal\u2026 Ya\u015fad\u0131\u011f\u0131 savruk hayattan s\u0131k\u0131lan, en sonunda u\u011frad\u0131\u011f\u0131 ak\u0131l almaz ihanetle kendi ruhunu ke\u015ffeden Mila\u2026 \u0130kisinin hayatlar\u0131n\u0131 ortak bir hayalle birle\u015ftiren, tarihi de\u011feri ve b\u00fcy\u00fcleyici g\u00fczellikleriyle \u00c7\u0131nar kasabas\u0131&#8230; A\u015fk, ihanet, dostluk, sadakat, aile, pi\u015fmanl\u0131k, emek gibi kavramlar\u0131n karakterlerin s\u00fcr\u00fckleyici hayat hik\u00e2yeleri ile bulu\u015ftu\u011fu noktada; yazar\u0131n sade ve ak\u0131c\u0131 dili, bir o kadar etkileyici tasvirlerle bezenmi\u015f c\u00fcmle kurgular\u0131 sizler i\u00e7in bir nefeslik mola haz\u0131rl\u0131yor. \u00c7\u0131nar\u2019da vuku bulan hik\u00e2yeler okuyucusunu andan kopar\u0131p Ba\u011f\u2019\u0131n sayfalar\u0131 aras\u0131na hapsedecek! <\/p>\n","protected":false},"excerpt":{"rendered":"<p>\u201cSen o zaman \u015funa karar vereceksin. Tek ba\u015f\u0131na, hi\u00e7bir sorumluluk, ba\u011fl\u0131l\u0131k olmadan mevsimlik \u00e7i\u00e7ek gibi mi ya\u015fayacaks\u0131n; yoksa herkesi g\u00f6lgesinde toplayan, k\u00f6k salan, g\u00fcven veren bir<span class=\"excerpt-hellip\"> [\u2026]<\/span><\/p>\n","protected":false},"featured_media":0,"template":"","meta":{"_monsterinsights_skip_tracking":false,"_monsterinsights_sitenote_active":false,"_monsterinsights_sitenote_note":"","_monsterinsights_sitenote_category":0},"product_brand":[],"product_cat":[12291,12711],"product_tag":[],"class_list":{"0":"post-737761","1":"product","2":"type-product","3":"status-publish","5":"product_cat-edebiyat","6":"product_cat-roman-oyku","7":"pa_cilt-ciltsiz","8":"pa_tur-kitap","9":"pa_yayinevi-inkilap-kitabevi","10":"pa_yazar-zeynep-tasdelen-tenteoglu","12":"first","13":"instock","14":"sale","15":"shipping-taxable","16":"purchasable","17":"product-type-simple"},"_links":{"self":[{"href":"https:\/\/roveyayinevi.com.tr\/index.php\/wp-json\/wp\/v2\/product\/737761","targetHints":{"allow":["GET"]}}],"collection":[{"href":"https:\/\/roveyayinevi.com.tr\/index.php\/wp-json\/wp\/v2\/product"}],"about":[{"href":"https:\/\/roveyayinevi.com.tr\/index.php\/wp-json\/wp\/v2\/types\/product"}],"wp:attachment":[{"href":"https:\/\/roveyayinevi.com.tr\/index.php\/wp-json\/wp\/v2\/media?parent=737761"}],"wp:term":[{"taxonomy":"product_brand","embeddable":true,"href":"https:\/\/roveyayinevi.com.tr\/index.php\/wp-json\/wp\/v2\/product_brand?post=737761"},{"taxonomy":"product_cat","embeddable":true,"href":"https:\/\/roveyayinevi.com.tr\/index.php\/wp-json\/wp\/v2\/product_cat?post=737761"},{"taxonomy":"product_tag","embeddable":true,"href":"https:\/\/roveyayinevi.com.tr\/index.php\/wp-json\/wp\/v2\/product_tag?post=737761"}],"curies":[{"name":"wp","href":"https:\/\/api.w.org\/{rel}","templated":true}]}}