{"id":737760,"date":"2025-08-27T23:35:19","date_gmt":"2025-08-27T20:35:19","guid":{"rendered":"https:\/\/roveyayinevi.com.tr\/index.php\/urun\/yel-degirmenlerine-karsi\/"},"modified":"2026-04-16T02:47:37","modified_gmt":"2026-04-15T23:47:37","slug":"yel-degirmenlerine-karsi","status":"publish","type":"product","link":"https:\/\/roveyayinevi.com.tr\/index.php\/urun\/yel-degirmenlerine-karsi\/","title":{"rendered":"Yel De\u011firmenlerine Kar\u015f\u0131"},"content":{"rendered":"<p>Biri renkleriyle, di\u011feri s\u00f6zc\u00fckleriyle d\u00fc\u015flerini s\u0131ralayan baba-k\u0131z\u0131n kitab\u0131: Yel De\u011firmenlerine Kar\u015f\u0131. Her iki anlamda da Yel De\u011firmenlerine Kar\u015f\u0131 bulu\u015ftuklar\u0131 yer. Baba Zahit B\u00fcy\u00fcki\u015fliyen soyut ve renk\u00e7i, otoriteye kar\u015f\u0131 e\u011fitimci, a\u00e7\u0131k fikirli ve d\u00fcr\u00fcst\u2026 K\u0131z\u0131 Bur\u00e7ak G\u00f6n\u00fcl rafine anlat\u0131m\u0131, ayr\u0131nt\u0131lara h\u00e2kimiyeti ve yan \u00f6yk\u00fcc\u00fckleriyle kurgulayan\u2026 Ortaya \u00e7\u0131kan, \u00e7ok heyecanl\u0131, \u00e7ok umutlu ve bir o kadar da merak (korku mu demeli) dolu yeni\/farkl\u0131, somut bir Zahit B\u00fcy\u00fcki\u015fliyen resmi\u2026 Tabii, su gibi ak\u0131c\u0131l\u0131\u011f\u0131yla Bur\u00e7ak G\u00f6n\u00fcl roman\u0131. Okuduk\u00e7a duygular\u0131n\u0131z\u0131n resmini \u00e7izeceksiniz, hayalinizde. Antakya\u2019dan Ankara\u2019ya, Almanya\u2019dan \u0130stanbul\u2019a, mahalleden \u00fcniversiteye, en tan\u0131nmam\u0131\u015f\u0131ndan hi\u00e7 unutulmayana bir\u00e7ok insan\u0131n da yer ald\u0131\u011f\u0131, polemi\u011fe yer vermeyen ama ger\u00e7ekleri ortaya \u00e7\u0131kmaya \u00e7a\u011f\u0131ran bir an\u0131lar demeti, bir yak\u0131n d\u00f6nem sanat tarihi\u2026 Okur, kendince yorumlayacak ya\u015fam\u0131 da resimleri de\u2026 Korkut Ak\u0131n Y\u00f6netmen \/ Sanat Ele\u015ftirmeni<\/p>\n","protected":false},"excerpt":{"rendered":"<p>Biri renkleriyle, di\u011feri s\u00f6zc\u00fckleriyle d\u00fc\u015flerini s\u0131ralayan baba-k\u0131z\u0131n kitab\u0131: Yel De\u011firmenlerine Kar\u015f\u0131. Her iki anlamda da Yel De\u011firmenlerine Kar\u015f\u0131 bulu\u015ftuklar\u0131 yer. Baba Zahit B\u00fcy\u00fcki\u015fliyen soyut ve renk\u00e7i,<span class=\"excerpt-hellip\"> [\u2026]<\/span><\/p>\n","protected":false},"featured_media":0,"template":"","meta":{"_monsterinsights_skip_tracking":false,"_monsterinsights_sitenote_active":false,"_monsterinsights_sitenote_note":"","_monsterinsights_sitenote_category":0},"product_brand":[],"product_cat":[14009,12291],"product_tag":[],"class_list":{"0":"post-737760","1":"product","2":"type-product","3":"status-publish","5":"product_cat-biyografi-otobiyografi-edebiyat","6":"product_cat-edebiyat","7":"pa_cilt-ciltsiz","8":"pa_tur-kitap","9":"pa_yayinevi-inkilap-kitabevi","10":"pa_yazar-burcak-gonul","12":"first","13":"instock","14":"sale","15":"shipping-taxable","16":"purchasable","17":"product-type-simple"},"_links":{"self":[{"href":"https:\/\/roveyayinevi.com.tr\/index.php\/wp-json\/wp\/v2\/product\/737760","targetHints":{"allow":["GET"]}}],"collection":[{"href":"https:\/\/roveyayinevi.com.tr\/index.php\/wp-json\/wp\/v2\/product"}],"about":[{"href":"https:\/\/roveyayinevi.com.tr\/index.php\/wp-json\/wp\/v2\/types\/product"}],"wp:attachment":[{"href":"https:\/\/roveyayinevi.com.tr\/index.php\/wp-json\/wp\/v2\/media?parent=737760"}],"wp:term":[{"taxonomy":"product_brand","embeddable":true,"href":"https:\/\/roveyayinevi.com.tr\/index.php\/wp-json\/wp\/v2\/product_brand?post=737760"},{"taxonomy":"product_cat","embeddable":true,"href":"https:\/\/roveyayinevi.com.tr\/index.php\/wp-json\/wp\/v2\/product_cat?post=737760"},{"taxonomy":"product_tag","embeddable":true,"href":"https:\/\/roveyayinevi.com.tr\/index.php\/wp-json\/wp\/v2\/product_tag?post=737760"}],"curies":[{"name":"wp","href":"https:\/\/api.w.org\/{rel}","templated":true}]}}