{"id":737759,"date":"2025-08-27T23:35:18","date_gmt":"2025-08-27T20:35:18","guid":{"rendered":"https:\/\/roveyayinevi.com.tr\/index.php\/urun\/gokteki-yildizli-nehir\/"},"modified":"2026-04-16T02:47:37","modified_gmt":"2026-04-15T23:47:37","slug":"gokteki-yildizli-nehir","status":"publish","type":"product","link":"https:\/\/roveyayinevi.com.tr\/index.php\/urun\/gokteki-yildizli-nehir\/","title":{"rendered":"G\u00f6kteki Y\u0131ld\u0131zl\u0131 Nehir"},"content":{"rendered":"<p>Berrak G\u00f6ky\u00fcz\u00fc K\u00f6y\u00fc\u2019nde ay aniden kaybolur ve bunu yaln\u0131zca Rendi ad\u0131ndaki bir \u00e7ocuk fark eder. Evden ka\u00e7m\u0131\u015f bir \u00e7ocuk olan Rendi, Berrak G\u00f6ky\u00fcz\u00fc Han\u0131&#8217;nda \u00e7al\u0131\u015fmaktad\u0131r. K\u00f6y sakinlerinin tuhaf davran\u0131\u015flar\u0131 ve ya\u015fad\u0131klar\u0131 sorunlar zamanla dikkatini \u00e7eker. Sonunda bir g\u00fcn, hana gizemli bir kad\u0131n gelir ve anlatt\u0131\u011f\u0131 birbirinden g\u00fczel hik\u00e2yelerle zaman i\u00e7inde hem Rendi&#8217;nin hem de k\u00f6y halk\u0131n\u0131n de\u011fi\u015fmesine neden olur. Gizemli kad\u0131n hik\u00e2ye anlatmaya devam ettik\u00e7e Rendi arad\u0131\u011f\u0131 t\u00fcm cevaplar\u0131n belki de kendi hik\u00e2yesinde gizlendi\u011fini anlamaya ba\u015flar&#8230; Newbery Onur \u00d6d\u00fcll\u00fc yazar Grace Lin okurlar\u0131n\u0131 bir kez daha sihirli bir d\u00fcnyaya g\u00f6t\u00fcr\u00fcyor. G\u00f6kteki Y\u0131ld\u0131zl\u0131 Nehir \u00c7in masallar\u0131, ola\u011fan\u00fcst\u00fc karakterler ve heyecanl\u0131 yeni maceralarla okuru b\u00fcy\u00fcleyecek.<\/p>\n","protected":false},"excerpt":{"rendered":"<p>Berrak G\u00f6ky\u00fcz\u00fc K\u00f6y\u00fc\u2019nde ay aniden kaybolur ve bunu yaln\u0131zca Rendi ad\u0131ndaki bir \u00e7ocuk fark eder. Evden ka\u00e7m\u0131\u015f bir \u00e7ocuk olan Rendi, Berrak G\u00f6ky\u00fcz\u00fc Han\u0131&#8217;nda \u00e7al\u0131\u015fmaktad\u0131r. K\u00f6y<span class=\"excerpt-hellip\"> [\u2026]<\/span><\/p>\n","protected":false},"featured_media":0,"template":"","meta":{"_monsterinsights_skip_tracking":false,"_monsterinsights_sitenote_active":false,"_monsterinsights_sitenote_note":"","_monsterinsights_sitenote_category":0},"product_brand":[],"product_cat":[12275,12274],"product_tag":[],"class_list":{"0":"post-737759","1":"product","2":"type-product","3":"status-publish","5":"product_cat-6-12-yas-kitaplari","6":"product_cat-cocuk-ve-genclik-kitaplari","7":"pa_cilt-ciltsiz","8":"pa_tur-kitap","9":"pa_yayinevi-altin-kitaplar-cocuk-kitaplari","10":"pa_yazar-grace-lin","12":"first","13":"instock","14":"sale","15":"shipping-taxable","16":"purchasable","17":"product-type-simple"},"_links":{"self":[{"href":"https:\/\/roveyayinevi.com.tr\/index.php\/wp-json\/wp\/v2\/product\/737759","targetHints":{"allow":["GET"]}}],"collection":[{"href":"https:\/\/roveyayinevi.com.tr\/index.php\/wp-json\/wp\/v2\/product"}],"about":[{"href":"https:\/\/roveyayinevi.com.tr\/index.php\/wp-json\/wp\/v2\/types\/product"}],"wp:attachment":[{"href":"https:\/\/roveyayinevi.com.tr\/index.php\/wp-json\/wp\/v2\/media?parent=737759"}],"wp:term":[{"taxonomy":"product_brand","embeddable":true,"href":"https:\/\/roveyayinevi.com.tr\/index.php\/wp-json\/wp\/v2\/product_brand?post=737759"},{"taxonomy":"product_cat","embeddable":true,"href":"https:\/\/roveyayinevi.com.tr\/index.php\/wp-json\/wp\/v2\/product_cat?post=737759"},{"taxonomy":"product_tag","embeddable":true,"href":"https:\/\/roveyayinevi.com.tr\/index.php\/wp-json\/wp\/v2\/product_tag?post=737759"}],"curies":[{"name":"wp","href":"https:\/\/api.w.org\/{rel}","templated":true}]}}