{"id":737757,"date":"2025-08-27T23:35:15","date_gmt":"2025-08-27T20:35:15","guid":{"rendered":"https:\/\/roveyayinevi.com.tr\/index.php\/urun\/pacayi-kaptirmama-sanati\/"},"modified":"2026-04-16T02:47:37","modified_gmt":"2026-04-15T23:47:37","slug":"pacayi-kaptirmama-sanati","status":"publish","type":"product","link":"https:\/\/roveyayinevi.com.tr\/index.php\/urun\/pacayi-kaptirmama-sanati\/","title":{"rendered":"Pa\u00e7ay\u0131 Kapt\u0131rmama Sanat\u0131"},"content":{"rendered":"<p>\u201cBu d\u00fcnyada bize sunulan \u015feyler bir seyyah\u0131n handa bir geceli\u011fine konaklamas\u0131na benzer.\u201d \u2013 Epiktetos   Bir filmde rastlasak amma da kli\u015fe deyip kanal\u0131 de\u011fi\u015ftirece\u011fimiz tuhaf zamanlardan ge\u00e7iyoruz. Ekolojik felaketler, salg\u0131nlar, ekonomik krizlerle birlikte d\u00fcnya pa\u00e7am\u0131za yap\u0131\u015fm\u0131\u015f \u201cVallahi hayatta b\u0131rakmam!\u201d diyor. G\u00fcya modern d\u00fcnyada ya\u015f\u0131yoruz. Atalar\u0131m\u0131zdan daha iyi durumda falan de\u011filiz, ma\u011farada ya\u015fayan o adam bug\u00fcn h\u00e2l\u00e2 aram\u0131zda ve ayn\u0131 tepkileri veriyor. O ma\u011fara adam\u0131 biziz ve h\u00e2l\u00e2 \u00e7aresiziz. Bu kitab\u0131n konusu karamsar d\u00fc\u015f\u00fcncelere odaklanmak de\u011fil, aksine d\u00fcnyan\u0131n gelip ge\u00e7icili\u011finde, \u00e7ok da kendimizi h\u0131rpalamadan baz\u0131 \u015feylere g\u00f6z atmak, mucizevi de\u011fil daha insani dengede kalma yollar\u0131n\u0131 ke\u015ffetmek. \u00c7e\u015fit \u00e7e\u015fit insan profili, davran\u0131\u015f \u015fekli ve d\u00fc\u015f\u00fcnce bulutlar\u0131 aras\u0131nda gezinmek, bazen g\u00fclmek bazen de y\u00fczle\u015fmek. Psikolog Eray Efe, PA\u00c7AYI KAPTIRMAMA SANATI\u2019nda insan\u0131n trajikomik yazg\u0131s\u0131n\u0131n ge\u00e7mi\u015ften bug\u00fcne ser\u00fcvenini \u00f6zetliyor. Kibirden hasede, mutluluk aray\u0131\u015f\u0131ndan depresyona, arzulamadan y\u0131k\u0131c\u0131l\u0131\u011fa insan duygular\u0131n\u0131n ve davran\u0131\u015flar\u0131n\u0131n do\u011fas\u0131na bak\u0131yor. Pa\u00e7ay\u0131 kapt\u0131rmadan merkezde kalman\u0131n ve hafiflemenin k\u0131sa yollar\u0131n\u0131 anlat\u0131yor. <\/p>\n","protected":false},"excerpt":{"rendered":"<p>\u201cBu d\u00fcnyada bize sunulan \u015feyler bir seyyah\u0131n handa bir geceli\u011fine konaklamas\u0131na benzer.\u201d \u2013 Epiktetos Bir filmde rastlasak amma da kli\u015fe deyip kanal\u0131 de\u011fi\u015ftirece\u011fimiz tuhaf zamanlardan ge\u00e7iyoruz.<span class=\"excerpt-hellip\"> [\u2026]<\/span><\/p>\n","protected":false},"featured_media":0,"template":"","meta":{"_monsterinsights_skip_tracking":false,"_monsterinsights_sitenote_active":false,"_monsterinsights_sitenote_note":"","_monsterinsights_sitenote_category":0},"product_brand":[],"product_cat":[12755,12357],"product_tag":[],"class_list":{"0":"post-737757","1":"product","2":"type-product","3":"status-publish","5":"product_cat-gelisim-psikolojisi","6":"product_cat-psikoloji","7":"pa_cilt-ciltsiz","8":"pa_tur-kitap","9":"pa_yayinevi-destek-yayinlari","10":"pa_yazar-eray-efe","12":"first","13":"instock","14":"sale","15":"shipping-taxable","16":"purchasable","17":"product-type-simple"},"_links":{"self":[{"href":"https:\/\/roveyayinevi.com.tr\/index.php\/wp-json\/wp\/v2\/product\/737757","targetHints":{"allow":["GET"]}}],"collection":[{"href":"https:\/\/roveyayinevi.com.tr\/index.php\/wp-json\/wp\/v2\/product"}],"about":[{"href":"https:\/\/roveyayinevi.com.tr\/index.php\/wp-json\/wp\/v2\/types\/product"}],"wp:attachment":[{"href":"https:\/\/roveyayinevi.com.tr\/index.php\/wp-json\/wp\/v2\/media?parent=737757"}],"wp:term":[{"taxonomy":"product_brand","embeddable":true,"href":"https:\/\/roveyayinevi.com.tr\/index.php\/wp-json\/wp\/v2\/product_brand?post=737757"},{"taxonomy":"product_cat","embeddable":true,"href":"https:\/\/roveyayinevi.com.tr\/index.php\/wp-json\/wp\/v2\/product_cat?post=737757"},{"taxonomy":"product_tag","embeddable":true,"href":"https:\/\/roveyayinevi.com.tr\/index.php\/wp-json\/wp\/v2\/product_tag?post=737757"}],"curies":[{"name":"wp","href":"https:\/\/api.w.org\/{rel}","templated":true}]}}