{"id":737755,"date":"2025-08-27T23:35:13","date_gmt":"2025-08-27T20:35:13","guid":{"rendered":"https:\/\/roveyayinevi.com.tr\/index.php\/urun\/laurus\/"},"modified":"2026-04-16T02:47:37","modified_gmt":"2026-04-15T23:47:37","slug":"laurus","status":"publish","type":"product","link":"https:\/\/roveyayinevi.com.tr\/index.php\/urun\/laurus\/","title":{"rendered":"Laurus"},"content":{"rendered":"<p>Laurus, 15. y\u00fczy\u0131l Rusya\u2019s\u0131nda bir k\u00f6y \u015fifac\u0131s\u0131 olan Arseni\u2019nin kefaret aray\u0131\u015f\u0131yla ge\u00e7en d\u00f6rt ya\u015fam\u0131n\u0131n roman\u0131d\u0131r; mistik bir seyahatin g\u00fcnl\u00fc\u011f\u00fcd\u00fcr. Vebayla sava\u015fan halk\u0131n\u0131n hizmetinde yoksunluk ve zorlukla ge\u00e7en yolculu\u011funda \u00e7a\u011flar\u0131 ve \u00fclkeleri a\u015far Arseni. Zamana ve mek\u00e2na yay\u0131lan yaln\u0131zca bu masal de\u011fil, onun mucizevi iyile\u015ftirme g\u00fcc\u00fcd\u00fcr. Orta\u00e7a\u011f k\u0131\u015flar\u0131ndan 20. y\u00fczy\u0131l kehanetlerine do\u011fru s\u00fcr\u00fcklenirken, ilkbaharda karlar eridi\u011finde unuttu\u011fumuz bir e\u015fya gibi eski bir dille kar\u015f\u0131la\u015f\u0131r\u0131z.   Orta\u00e7a\u011f tarihi ve bilimi konusunda uzman olan Yevgeni Vodolazkin, tarihsel bir ger\u00e7e\u011fi postmodern bir mek\u00e2n\u0131n fantezisiyle birle\u015ftiriyor. A\u015fk u\u011fruna adan\u0131\u015f\u0131n ve fedak\u00e2rl\u0131\u011f\u0131n evrenselli\u011fini s\u00fcr\u00fckleyici enerjisiyle yaz\u0131yor. Orta\u00e7a\u011f metinlerinin arkaik s\u00f6zc\u00fcklerini, \u0130ncil al\u0131nt\u0131lar\u0131n\u0131 ve Eski Rus dilini modern kelimelerle ola\u011fan\u00fcst\u00fc bi\u00e7imde harmanl\u0131yor.   Laurus, yazar\u0131na be\u015f \u00f6d\u00fcl kazand\u0131rm\u0131\u015ft\u0131r. <\/p>\n","protected":false},"excerpt":{"rendered":"<p>Laurus, 15. y\u00fczy\u0131l Rusya\u2019s\u0131nda bir k\u00f6y \u015fifac\u0131s\u0131 olan Arseni\u2019nin kefaret aray\u0131\u015f\u0131yla ge\u00e7en d\u00f6rt ya\u015fam\u0131n\u0131n roman\u0131d\u0131r; mistik bir seyahatin g\u00fcnl\u00fc\u011f\u00fcd\u00fcr. Vebayla sava\u015fan halk\u0131n\u0131n hizmetinde yoksunluk ve zorlukla<span class=\"excerpt-hellip\"> [\u2026]<\/span><\/p>\n","protected":false},"featured_media":0,"template":"","meta":{"_monsterinsights_skip_tracking":false,"_monsterinsights_sitenote_active":false,"_monsterinsights_sitenote_note":"","_monsterinsights_sitenote_category":0},"product_brand":[],"product_cat":[12291,12711],"product_tag":[],"class_list":{"0":"post-737755","1":"product","2":"type-product","3":"status-publish","5":"product_cat-edebiyat","6":"product_cat-roman-oyku","7":"pa_cilt-ciltsiz","8":"pa_tur-kitap","9":"pa_yayinevi-alfa-yayinlari","10":"pa_yazar-yevgeni-vodolazkin","12":"first","13":"instock","14":"sale","15":"shipping-taxable","16":"purchasable","17":"product-type-simple"},"_links":{"self":[{"href":"https:\/\/roveyayinevi.com.tr\/index.php\/wp-json\/wp\/v2\/product\/737755","targetHints":{"allow":["GET"]}}],"collection":[{"href":"https:\/\/roveyayinevi.com.tr\/index.php\/wp-json\/wp\/v2\/product"}],"about":[{"href":"https:\/\/roveyayinevi.com.tr\/index.php\/wp-json\/wp\/v2\/types\/product"}],"wp:attachment":[{"href":"https:\/\/roveyayinevi.com.tr\/index.php\/wp-json\/wp\/v2\/media?parent=737755"}],"wp:term":[{"taxonomy":"product_brand","embeddable":true,"href":"https:\/\/roveyayinevi.com.tr\/index.php\/wp-json\/wp\/v2\/product_brand?post=737755"},{"taxonomy":"product_cat","embeddable":true,"href":"https:\/\/roveyayinevi.com.tr\/index.php\/wp-json\/wp\/v2\/product_cat?post=737755"},{"taxonomy":"product_tag","embeddable":true,"href":"https:\/\/roveyayinevi.com.tr\/index.php\/wp-json\/wp\/v2\/product_tag?post=737755"}],"curies":[{"name":"wp","href":"https:\/\/api.w.org\/{rel}","templated":true}]}}