{"id":737752,"date":"2025-08-27T23:35:09","date_gmt":"2025-08-27T20:35:09","guid":{"rendered":"https:\/\/roveyayinevi.com.tr\/index.php\/urun\/kaplan-adam\/"},"modified":"2026-04-16T02:47:36","modified_gmt":"2026-04-15T23:47:36","slug":"kaplan-adam","status":"publish","type":"product","link":"https:\/\/roveyayinevi.com.tr\/index.php\/urun\/kaplan-adam\/","title":{"rendered":"Kaplan Adam"},"content":{"rendered":"<p>Ressam Enver Sedat\u2019\u0131n cesedi bulunduktan k\u0131sa s\u00fcre sonra polis, katilin o oldu\u011fundan hi\u00e7 ku\u015fku duymaks\u0131z\u0131n Margio\u2019yu tutuklad\u0131. Fakat uysal ve sayg\u0131l\u0131 bir delikanl\u0131 olarak bilinen Margio\u2019yu bir adam\u0131n bo\u011faz\u0131na di\u015flerini ge\u00e7irip onu b\u00f6yle vah\u015fice katletmeye iten \u015fey, kasaba halk\u0131n\u0131n merak\u0131n\u0131 celbeden bir s\u0131r olarak kalacakt\u0131. \u015eairane, k\u00fcstah \u00fcslubu ve politik tavr\u0131yla Kaplan Adam, trajik ve ac\u0131mas\u0131z bir evlilikle ba\u011flanan iki sorunlu ailenin ve o kadere damgas\u0131n\u0131 vuran, bedeninde do\u011fa\u00fcst\u00fc, di\u015fi bir beyaz kaplan\u0131 gizlemek d\u0131\u015f\u0131nda tamamen s\u0131radan bir delikanl\u0131n\u0131n, Margio\u2019nun hik\u00e2yesi. Ayn\u0131 zamanda yak\u0131n ge\u00e7mi\u015findeki \u015fiddet ve istismar\u0131n etkileriyle bo\u011fu\u015fan, adalete susam\u0131\u015f, efsaneler ile ger\u00e7ek d\u00fcnyan\u0131n birbirine girdi\u011fi, k\u0131rsal ve yoksul Endonezya&#8217;n\u0131n c\u00fcretk\u00e2r portresi. \u201cY\u0131l\u0131n en heyecan verici ke\u015ffi.\u201d \u2014 Flavorwire   \u201cParlak ve beklenmedik bir meteor.\u201d  \u2014Benedict Anderson, Hayali Cemaatler\u2019in yazar\u0131<\/p>\n","protected":false},"excerpt":{"rendered":"<p>Ressam Enver Sedat\u2019\u0131n cesedi bulunduktan k\u0131sa s\u00fcre sonra polis, katilin o oldu\u011fundan hi\u00e7 ku\u015fku duymaks\u0131z\u0131n Margio\u2019yu tutuklad\u0131. Fakat uysal ve sayg\u0131l\u0131 bir delikanl\u0131 olarak bilinen Margio\u2019yu<span class=\"excerpt-hellip\"> [\u2026]<\/span><\/p>\n","protected":false},"featured_media":0,"template":"","meta":{"_monsterinsights_skip_tracking":false,"_monsterinsights_sitenote_active":false,"_monsterinsights_sitenote_note":"","_monsterinsights_sitenote_category":0},"product_brand":[],"product_cat":[12291,12711],"product_tag":[],"class_list":{"0":"post-737752","1":"product","2":"type-product","3":"status-publish","5":"product_cat-edebiyat","6":"product_cat-roman-oyku","7":"pa_cilt-ciltsiz","8":"pa_tur-kitap","9":"pa_yayinevi-domingo-yayinevi","10":"pa_yazar-eka-kurniawan","12":"first","13":"instock","14":"sale","15":"shipping-taxable","16":"purchasable","17":"product-type-simple"},"_links":{"self":[{"href":"https:\/\/roveyayinevi.com.tr\/index.php\/wp-json\/wp\/v2\/product\/737752","targetHints":{"allow":["GET"]}}],"collection":[{"href":"https:\/\/roveyayinevi.com.tr\/index.php\/wp-json\/wp\/v2\/product"}],"about":[{"href":"https:\/\/roveyayinevi.com.tr\/index.php\/wp-json\/wp\/v2\/types\/product"}],"wp:attachment":[{"href":"https:\/\/roveyayinevi.com.tr\/index.php\/wp-json\/wp\/v2\/media?parent=737752"}],"wp:term":[{"taxonomy":"product_brand","embeddable":true,"href":"https:\/\/roveyayinevi.com.tr\/index.php\/wp-json\/wp\/v2\/product_brand?post=737752"},{"taxonomy":"product_cat","embeddable":true,"href":"https:\/\/roveyayinevi.com.tr\/index.php\/wp-json\/wp\/v2\/product_cat?post=737752"},{"taxonomy":"product_tag","embeddable":true,"href":"https:\/\/roveyayinevi.com.tr\/index.php\/wp-json\/wp\/v2\/product_tag?post=737752"}],"curies":[{"name":"wp","href":"https:\/\/api.w.org\/{rel}","templated":true}]}}