{"id":737751,"date":"2025-08-27T23:35:07","date_gmt":"2025-08-27T20:35:07","guid":{"rendered":"https:\/\/roveyayinevi.com.tr\/index.php\/urun\/dis-guzellik-yasaklansin-ruh-guzelligine-gecelim\/"},"modified":"2026-04-11T02:56:03","modified_gmt":"2026-04-10T23:56:03","slug":"dis-guzellik-yasaklansin-ruh-guzelligine-gecelim","status":"publish","type":"product","link":"https:\/\/roveyayinevi.com.tr\/index.php\/urun\/dis-guzellik-yasaklansin-ruh-guzelligine-gecelim\/","title":{"rendered":"D\u0131\u015f G\u00fczellik Yasaklans\u0131n Ruh G\u00fczelli\u011fine Ge\u00e7elim"},"content":{"rendered":"<p>\u00dc\u00e7 karde\u015fin en k\u00fc\u00e7\u00fc\u011f\u00fc olarak 22 Nisan 1988\u2019de \u0130stanbul\u2019da do\u011fdu. K\u00fc\u00e7\u00fck ya\u015fta ailesi \u00e7al\u0131\u015ft\u0131\u011f\u0131 i\u00e7in bir s\u00fcreli\u011fine Rize\u2019ye g\u00f6nderildi ve alt\u0131 ya\u015f\u0131na kadar aral\u0131klarla Rize\u2019de ya\u015fad\u0131. Sonra yeniden \u0130stanbul\u2019a g\u00f6nderildi. \u0130lkokulu Beykoz \u00c7ubuklu \u0130lk\u00f6\u011fretim Okulu, lise \u00f6\u011frenimini de Pa\u015fabah\u00e7e Ferit \u0130nal Lisesinde tamamlad\u0131. Lise d\u00f6nemlerinde tiyatroyla ilgilenmeye ba\u015flad\u0131. Mezun olduktan sonra f\u0131r\u0131nda tezg\u00e2htarl\u0131k, \u00e7ocuk bak\u0131c\u0131l\u0131\u011f\u0131, ma\u011fazada sat\u0131\u015f elemanl\u0131\u011f\u0131 ve en bankac\u0131l\u0131k gibi sekt\u00f6rlerde \u00e7al\u0131\u015ft\u0131. Bankac\u0131l\u0131k yapt\u0131\u011f\u0131 d\u00f6nemlerde bir g\u00fcn lise mezunlar\u0131n\u0131n terfi alamayaca\u011f\u0131 bilgisini ald\u0131\u011f\u0131nda terfi alabilmek i\u00e7in a\u00e7\u0131k \u00f6\u011fretim fak\u00fcltesinde \u201cHalkla \u0130li\u015fkiler ve Reklamc\u0131l\u0131k\u201d okumaya ba\u015flad\u0131.   Bu s\u0131rada da mesai arkada\u015flar\u0131yla birlikte bir tiyatro ekibi kurdu ve banka i\u00e7inde kendi yazd\u0131\u011f\u0131 mesleki oyunlar\u0131 arkada\u015flar\u0131yla birlikte sergilemeye ba\u015flad\u0131. Fakat bankadaki y\u00f6neticilerinden biri bir g\u00fcn ona \u201cBuras\u0131 konservatuar de\u011fil ve senin yerin oras\u0131\u201d diye e-mail at\u0131nca, mesle\u011finde \u00e7ok ba\u015far\u0131l\u0131 olmas\u0131na ra\u011fmen belediye tiyatrolar\u0131na girebilmek i\u00e7in bankadan istifa etti. Belediyede tan\u0131d\u0131k bulamad\u0131\u011f\u0131ndan bir t\u00fcrl\u00fc tiyatro ekibine dahil olamad\u0131. Ba\u015fka bir banka i\u00e7in i\u015f ba\u015fvuru yapt\u0131\u011f\u0131 s\u0131ralarda Beykoz Dedeo\u011flu Park\u0131\u2019nda arkada\u015f\u0131n\u0131n \u00e7ekmi\u015f oldu\u011fu bir videoyla b\u00fct\u00fcn ana haberlere konu oldu ve daha sonra E\u015fk\u0131ya D\u00fcnyaya H\u00fck\u00fcmdar Olmaz dizisinde oynamaya ba\u015flad\u0131. Bu dizi de oynad\u0131\u011f\u0131 s\u0131ralarda etraf\u0131nda \u00e7ok fazla konservatuvarl\u0131 oyuncu olmas\u0131 ona kendini eksik hissettirdi\u011finden 28 ya\u015f\u0131nda \u0130stanbul Ayd\u0131n \u00dcniversitesi G\u00fczel Sanatlar Fak\u00fcltesi Oyunculuk B\u00f6l\u00fcm\u00fcnde e\u011fitim g\u00f6rmeye ba\u015flad\u0131. Fakat ayn\u0131 tarihlerde arkada\u015flar\u0131yla beraber bir do\u011fa\u00e7lama tiyatro ekibi kurdu\u011fundan, hem dizide, hem tiyatroda, hem okulda e\u015f zamanl\u0131 bulunma konusunda zorland\u0131 ve okulunu yar\u0131da b\u0131rakmak zorunda kald\u0131.   \u015eimdilerde e\u015fi olan Burak Y\u0131rtar ile de bu dizi setinde tan\u0131\u015ft\u0131 ve \u00e7ok yak\u0131n arkada\u015f oldular. \u00dc\u00e7 sezon boyunca rol ald\u0131\u011f\u0131 E\u015fk\u0131ya D\u00fcnyaya H\u00fck\u00fcmdar Olmaz dizisinden ayr\u0131ld\u0131ktan sonra Jet Sosyete adl\u0131 dizide bir sezon boyunca Kumsal adl\u0131 bir karakteri canland\u0131rd\u0131. Bu dizide yer al\u0131rken hayali olan kendi karakterlerinden birine film yapmak i\u00e7in Zengo adl\u0131 filminin senaryosunu yazd\u0131 ve filmi i\u00e7in sete \u00e7\u0131kt\u0131. 06 Mart 2020 tarihinde Zengo adl\u0131 filmini beyaz perde izleyicisinin be\u011fenisine sundu. E\u015fkiya D\u00fcnyaya H\u00fck\u00fcmdar olmaz dizisinin setinde tan\u0131\u015ft\u0131\u011f\u0131 Burak Y\u0131rtar ile yak\u0131n arkada\u015fl\u0131klar\u0131 a\u015fka d\u00f6n\u00fc\u015ft\u00fc ve 10 Mart 2021 y\u0131l\u0131nda Burak Y\u0131rtar ile nikah masas\u0131na oturdu. Sahnede olmaktan hep ayr\u0131 bir keyif ald\u0131\u011f\u0131n\u0131 belirten komedyen, 16 Eyl\u00fcl 2021 tarihinde \u201cDo\u011fru Koca Nas\u0131l Se\u00e7ilir?\u201d adl\u0131 g\u00f6sterisiyle T\u00fcrkiye\u2019de bir ilki ger\u00e7ekle\u015ftirip Harbiye Cemil Topuzlu Sahnesi\u2019nde stand-up yapan ilk kad\u0131n komedyen olma unvan\u0131na sahip oldu.   \u015eimdilerde stand-up g\u00f6sterisi i\u00e7in hem yurt i\u00e7i hem yurt d\u0131\u015f\u0131nda sahnelerine devam eden komedyen, \u00fc\u00e7 y\u0131ld\u0131r hayalini kurdu\u011fu D\u0131\u015f G\u00fczellik Yasaklans\u0131n Ruh G\u00fczelli\u011fine Ge\u00e7elim adl\u0131 kitab\u0131n\u0131 siz de\u011ferli okuyucular\u0131na sunmaktan b\u00fcy\u00fck gurur duyuyor\u2026   Bir kad\u0131n\u0131n \u201ckendime yetebilirim\u201d noktas\u0131 diye bir \u015fey var. O noktadan sonra kap\u0131y\u0131 ka\u00e7 virg\u00fcl\u00fcn \u00e7ald\u0131\u011f\u0131 say\u0131dan ibarettir&#8230; <\/p>\n","protected":false},"excerpt":{"rendered":"<p>\u00dc\u00e7 karde\u015fin en k\u00fc\u00e7\u00fc\u011f\u00fc olarak 22 Nisan 1988\u2019de \u0130stanbul\u2019da do\u011fdu. K\u00fc\u00e7\u00fck ya\u015fta ailesi \u00e7al\u0131\u015ft\u0131\u011f\u0131 i\u00e7in bir s\u00fcreli\u011fine Rize\u2019ye g\u00f6nderildi ve alt\u0131 ya\u015f\u0131na kadar aral\u0131klarla Rize\u2019de ya\u015fad\u0131.<span class=\"excerpt-hellip\"> [\u2026]<\/span><\/p>\n","protected":false},"featured_media":0,"template":"","meta":{"_monsterinsights_skip_tracking":false,"_monsterinsights_sitenote_active":false,"_monsterinsights_sitenote_note":"","_monsterinsights_sitenote_category":0},"product_brand":[],"product_cat":[12291,12711],"product_tag":[],"class_list":{"0":"post-737751","1":"product","2":"type-product","3":"status-publish","5":"product_cat-edebiyat","6":"product_cat-roman-oyku","7":"pa_cilt-ciltsiz","8":"pa_tur-kitap","9":"pa_yayinevi-sahi-kitap","10":"pa_yazar-yasemin-sakallioglu","12":"first","13":"instock","14":"sale","15":"shipping-taxable","16":"purchasable","17":"product-type-simple"},"_links":{"self":[{"href":"https:\/\/roveyayinevi.com.tr\/index.php\/wp-json\/wp\/v2\/product\/737751","targetHints":{"allow":["GET"]}}],"collection":[{"href":"https:\/\/roveyayinevi.com.tr\/index.php\/wp-json\/wp\/v2\/product"}],"about":[{"href":"https:\/\/roveyayinevi.com.tr\/index.php\/wp-json\/wp\/v2\/types\/product"}],"wp:attachment":[{"href":"https:\/\/roveyayinevi.com.tr\/index.php\/wp-json\/wp\/v2\/media?parent=737751"}],"wp:term":[{"taxonomy":"product_brand","embeddable":true,"href":"https:\/\/roveyayinevi.com.tr\/index.php\/wp-json\/wp\/v2\/product_brand?post=737751"},{"taxonomy":"product_cat","embeddable":true,"href":"https:\/\/roveyayinevi.com.tr\/index.php\/wp-json\/wp\/v2\/product_cat?post=737751"},{"taxonomy":"product_tag","embeddable":true,"href":"https:\/\/roveyayinevi.com.tr\/index.php\/wp-json\/wp\/v2\/product_tag?post=737751"}],"curies":[{"name":"wp","href":"https:\/\/api.w.org\/{rel}","templated":true}]}}