{"id":737749,"date":"2025-08-27T23:35:06","date_gmt":"2025-08-27T20:35:06","guid":{"rendered":"https:\/\/roveyayinevi.com.tr\/index.php\/urun\/uyku-sorunlarina-kolay-cozumler\/"},"modified":"2026-04-16T02:47:36","modified_gmt":"2026-04-15T23:47:36","slug":"uyku-sorunlarina-kolay-cozumler","status":"publish","type":"product","link":"https:\/\/roveyayinevi.com.tr\/index.php\/urun\/uyku-sorunlarina-kolay-cozumler\/","title":{"rendered":"Uyku Sorunlar\u0131na Kolay \u00c7\u00f6z\u00fcmler"},"content":{"rendered":"<p>\u00c7ocuklar\u0131 Sa\u011fl\u0131kl\u0131 Uyutma Rehberi1 Haftadan Daha K\u0131sa S\u00fcrede \u00c7\u00f6z\u00fcme Ula\u015f\u0131n!Yorgun d\u00fc\u015fm\u00fc\u015f anneler ve babalar, not al\u0131n: Jill Spivack ve Jennifer Waldburger, bebe\u011finizi veya \u00e7ocu\u011funuzu be\u015f gecede uyutacak, asla ba\u015far\u0131s\u0131z olmayan, aile dostu \u00e7\u00f6z\u00fcmler payla\u015f\u0131yor.Uyku Sorunlar\u0131na Kolay \u00c7\u00f6z\u00fcmler\u2019in ba\u015far\u0131l\u0131 olmas\u0131n\u0131n en \u00f6nemli unsuru hem ebeveynlerin hem de bebeklerin ve \u00e7ocuklar\u0131n duygusal ihtiya\u00e7lar\u0131na hitap etmesidir. \u201cEn az a\u011flama\u201d yakla\u015f\u0131m\u0131 sayesinde tahmin y\u00fcr\u00fctmeden ve su\u00e7luluk hissetmeden sa\u011fl\u0131kl\u0131 uyku al\u0131\u015fkanl\u0131klar\u0131 elde etmeyi garantiliyor.\u2022 Bebe\u011finize veya \u00e7ocu\u011funuza hem gece hem \u015fekerleme uykusu uyumay\u0131 \u00f6\u011fretin.\u2022 Sabah\u0131n erken saatlerinde uyanmaya elveda deyin.\u2022 Konu\u015fabilen \u00e7ocuklarla uyku saati sava\u015flar\u0131n\u0131 sonland\u0131r\u0131n.\u2022 Di\u015f \u00e7\u0131karma, hastal\u0131k, seyahat, be\u015fikten yata\u011fa ge\u00e7i\u015f, birden fazla karde\u015fle ba\u015fa \u00e7\u0131kma gibi zorluklar\u0131 a\u015f\u0131n.<\/p>\n","protected":false},"excerpt":{"rendered":"<p>\u00c7ocuklar\u0131 Sa\u011fl\u0131kl\u0131 Uyutma Rehberi1 Haftadan Daha K\u0131sa S\u00fcrede \u00c7\u00f6z\u00fcme Ula\u015f\u0131n!Yorgun d\u00fc\u015fm\u00fc\u015f anneler ve babalar, not al\u0131n: Jill Spivack ve Jennifer Waldburger, bebe\u011finizi veya \u00e7ocu\u011funuzu be\u015f gecede<span class=\"excerpt-hellip\"> [\u2026]<\/span><\/p>\n","protected":false},"featured_media":0,"template":"","meta":{"_monsterinsights_skip_tracking":false,"_monsterinsights_sitenote_active":false,"_monsterinsights_sitenote_note":"","_monsterinsights_sitenote_category":0},"product_brand":[],"product_cat":[17996,12364],"product_tag":[],"class_list":{"0":"post-737749","1":"product","2":"type-product","3":"status-publish","5":"product_cat-ebeveyn-kitaplari","6":"product_cat-genel-konular","7":"pa_cilt-ciltsiz","8":"pa_tur-kitap","9":"pa_yayinevi-peta-kitap","10":"pa_yazar-kolektif","12":"first","13":"instock","14":"sale","15":"shipping-taxable","16":"purchasable","17":"product-type-simple"},"_links":{"self":[{"href":"https:\/\/roveyayinevi.com.tr\/index.php\/wp-json\/wp\/v2\/product\/737749","targetHints":{"allow":["GET"]}}],"collection":[{"href":"https:\/\/roveyayinevi.com.tr\/index.php\/wp-json\/wp\/v2\/product"}],"about":[{"href":"https:\/\/roveyayinevi.com.tr\/index.php\/wp-json\/wp\/v2\/types\/product"}],"wp:attachment":[{"href":"https:\/\/roveyayinevi.com.tr\/index.php\/wp-json\/wp\/v2\/media?parent=737749"}],"wp:term":[{"taxonomy":"product_brand","embeddable":true,"href":"https:\/\/roveyayinevi.com.tr\/index.php\/wp-json\/wp\/v2\/product_brand?post=737749"},{"taxonomy":"product_cat","embeddable":true,"href":"https:\/\/roveyayinevi.com.tr\/index.php\/wp-json\/wp\/v2\/product_cat?post=737749"},{"taxonomy":"product_tag","embeddable":true,"href":"https:\/\/roveyayinevi.com.tr\/index.php\/wp-json\/wp\/v2\/product_tag?post=737749"}],"curies":[{"name":"wp","href":"https:\/\/api.w.org\/{rel}","templated":true}]}}