{"id":737748,"date":"2025-08-27T23:35:04","date_gmt":"2025-08-27T20:35:04","guid":{"rendered":"https:\/\/roveyayinevi.com.tr\/index.php\/urun\/fabrika-gunlukleri\/"},"modified":"2026-04-16T02:47:36","modified_gmt":"2026-04-15T23:47:36","slug":"fabrika-gunlukleri","status":"publish","type":"product","link":"https:\/\/roveyayinevi.com.tr\/index.php\/urun\/fabrika-gunlukleri\/","title":{"rendered":"Fabrika G\u00fcnl\u00fckleri"},"content":{"rendered":"<p>\u201cBabam 30 y\u0131ld\u0131r bu fabrikada \u00e7al\u0131\u015ft\u0131\u011f\u0131ndan \u015fans melekleri benim yan\u0131mda. Her \u015fey iyi gidiyordu, ta ki m\u00fcd\u00fcr \u015funu diyene kadar: \u2018Buraya oyun oynamaya gelinmedi\u011fini tahmin ediyorsunuzdur?\u2019 15 g\u00fcn sonra fabrikadan telefon geldi; i\u015fe al\u0131nm\u0131\u015ft\u0131m.\u201d R\u00fczg\u00e2r ters y\u00f6nden esti\u011finde, kendisini keskin k\u00fck\u00fcrt kokusuyla mutlaka hissettiren, bacalar\u0131nda duman\u0131 her daim t\u00fcten Qu\u00e9bec Hamur ve K\u00e2\u011f\u0131t Fabrikas\u0131&#8230; \u00c7ok gen\u00e7 bir adam olan Guy, hen\u00fcz ergenlik y\u0131llar\u0131n\u0131 s\u00fcrmektedir. Babas\u0131n\u0131n y\u0131llardan beri \u00e7al\u0131\u015ft\u0131\u011f\u0131 k\u00e2\u011f\u0131t fabrikas\u0131nda, kendisi de yaz d\u00f6nemlerinde \u00e7al\u0131\u015fmaya ba\u015flar. Animasyon okuluna gitmek isteyen ve t\u00fcm ya\u015fam\u0131 \u201c\u00e7izim\u201d \u00fczerine kurulu olan Guy i\u00e7in fabrikadaki i\u015f\u00e7ilerin hayatlar\u0131, sohbetleri, al\u0131\u015fkanl\u0131klar\u0131, ilgi alanlar\u0131 ve t\u00fcm \u00f6m\u00fcrlerini bu yorucu i\u015fte ge\u00e7irmeleri, gen\u00e7 adama bamba\u015fka bir deneyim ya\u015fat\u0131rken,  kendi hayat\u0131yla ilgili ataca\u011f\u0131 ad\u0131mlarda da etkili olacakt\u0131r. <\/p>\n","protected":false},"excerpt":{"rendered":"<p>\u201cBabam 30 y\u0131ld\u0131r bu fabrikada \u00e7al\u0131\u015ft\u0131\u011f\u0131ndan \u015fans melekleri benim yan\u0131mda. Her \u015fey iyi gidiyordu, ta ki m\u00fcd\u00fcr \u015funu diyene kadar: \u2018Buraya oyun oynamaya gelinmedi\u011fini tahmin ediyorsunuzdur?\u2019<span class=\"excerpt-hellip\"> [\u2026]<\/span><\/p>\n","protected":false},"featured_media":0,"template":"","meta":{"_monsterinsights_skip_tracking":false,"_monsterinsights_sitenote_active":false,"_monsterinsights_sitenote_note":"","_monsterinsights_sitenote_category":0},"product_brand":[],"product_cat":[12416,12291],"product_tag":[],"class_list":{"0":"post-737748","1":"product","2":"type-product","3":"status-publish","5":"product_cat-cizgi-roman","6":"product_cat-edebiyat","7":"pa_cilt-ciltsiz","8":"pa_tur-kitap","9":"pa_yayinevi-kara-karga-yayinlari","10":"pa_yazar-guy-delisle","12":"first","13":"instock","14":"sale","15":"shipping-taxable","16":"purchasable","17":"product-type-simple"},"_links":{"self":[{"href":"https:\/\/roveyayinevi.com.tr\/index.php\/wp-json\/wp\/v2\/product\/737748","targetHints":{"allow":["GET"]}}],"collection":[{"href":"https:\/\/roveyayinevi.com.tr\/index.php\/wp-json\/wp\/v2\/product"}],"about":[{"href":"https:\/\/roveyayinevi.com.tr\/index.php\/wp-json\/wp\/v2\/types\/product"}],"wp:attachment":[{"href":"https:\/\/roveyayinevi.com.tr\/index.php\/wp-json\/wp\/v2\/media?parent=737748"}],"wp:term":[{"taxonomy":"product_brand","embeddable":true,"href":"https:\/\/roveyayinevi.com.tr\/index.php\/wp-json\/wp\/v2\/product_brand?post=737748"},{"taxonomy":"product_cat","embeddable":true,"href":"https:\/\/roveyayinevi.com.tr\/index.php\/wp-json\/wp\/v2\/product_cat?post=737748"},{"taxonomy":"product_tag","embeddable":true,"href":"https:\/\/roveyayinevi.com.tr\/index.php\/wp-json\/wp\/v2\/product_tag?post=737748"}],"curies":[{"name":"wp","href":"https:\/\/api.w.org\/{rel}","templated":true}]}}