{"id":737746,"date":"2025-08-27T23:35:02","date_gmt":"2025-08-27T20:35:02","guid":{"rendered":"https:\/\/roveyayinevi.com.tr\/index.php\/urun\/harem-i-humayun\/"},"modified":"2025-11-13T07:34:39","modified_gmt":"2025-11-13T04:34:39","slug":"harem-i-humayun","status":"publish","type":"product","link":"https:\/\/roveyayinevi.com.tr\/index.php\/urun\/harem-i-humayun\/","title":{"rendered":"Harem-\u0130 H\u00fcmayun"},"content":{"rendered":"<p>H\u00fcrrem Sultan, Nurbanu Sultan, K\u00f6sem Sultan, Turhan Sultan&#8230; Osmanl\u0131 \u0130mparatorlu\u011fu&#8217;nun y\u00f6netiminde s\u00f6z sahibi olmu\u015f kad\u0131nlar. Kanuni Sultan S\u00fcleyman&#8217;\u0131n saltanat\u0131n\u0131n ba\u015f\u0131ndan 17. y\u00fczy\u0131l ortas\u0131na kadar, Osmanl\u0131 hanedan\u0131n\u0131n ileri gelen kad\u0131nlar\u0131 daha \u00f6nce sahip olduklar\u0131ndan ve daha sonra olacaklar\u0131ndan da b\u00fcy\u00fck bir politik g\u00fcce kavu\u015ftular.   Bu d\u00f6neme hem pop\u00fcler hem de bilimsel edebiyatta &#8220;kad\u0131nlar saltanat\u0131&#8221; denir.   Leslie P. Peirce, padi\u015fah kad\u0131nlar\u0131n\u0131n elindeki g\u00fcc\u00fcn kaynaklar\u0131n\u0131 ve bu g\u00fcc\u00fcn 16. ve 17. y\u00fczy\u0131ldaki art\u0131\u015f nedenlerini inceliyor. K\u0131sacas\u0131 \u201cHarem-i H\u00fcmayun\u201d alan\u0131nda temel bir ba\u015fvuru kayna\u011f\u0131 olarak art\u0131k elinizde.<\/p>\n","protected":false},"excerpt":{"rendered":"<p>H\u00fcrrem Sultan, Nurbanu Sultan, K\u00f6sem Sultan, Turhan Sultan&#8230; Osmanl\u0131 \u0130mparatorlu\u011fu&#8217;nun y\u00f6netiminde s\u00f6z sahibi olmu\u015f kad\u0131nlar. Kanuni Sultan S\u00fcleyman&#8217;\u0131n saltanat\u0131n\u0131n ba\u015f\u0131ndan 17. y\u00fczy\u0131l ortas\u0131na kadar, Osmanl\u0131 hanedan\u0131n\u0131n<span class=\"excerpt-hellip\"> [\u2026]<\/span><\/p>\n","protected":false},"featured_media":0,"template":"","meta":{"_monsterinsights_skip_tracking":false,"_monsterinsights_sitenote_active":false,"_monsterinsights_sitenote_note":"","_monsterinsights_sitenote_category":0},"product_brand":[],"product_cat":[13517,12304],"product_tag":[],"class_list":{"0":"post-737746","1":"product","2":"type-product","3":"status-publish","5":"product_cat-osmanli-tarihi","6":"product_cat-tarih","7":"pa_cilt-ciltsiz","8":"pa_tur-kitap","9":"pa_yayinevi-islik-yayinlari","10":"pa_yazar-leslie-p-pierce","12":"first","13":"instock","14":"sale","15":"shipping-taxable","16":"purchasable","17":"product-type-simple"},"_links":{"self":[{"href":"https:\/\/roveyayinevi.com.tr\/index.php\/wp-json\/wp\/v2\/product\/737746","targetHints":{"allow":["GET"]}}],"collection":[{"href":"https:\/\/roveyayinevi.com.tr\/index.php\/wp-json\/wp\/v2\/product"}],"about":[{"href":"https:\/\/roveyayinevi.com.tr\/index.php\/wp-json\/wp\/v2\/types\/product"}],"wp:attachment":[{"href":"https:\/\/roveyayinevi.com.tr\/index.php\/wp-json\/wp\/v2\/media?parent=737746"}],"wp:term":[{"taxonomy":"product_brand","embeddable":true,"href":"https:\/\/roveyayinevi.com.tr\/index.php\/wp-json\/wp\/v2\/product_brand?post=737746"},{"taxonomy":"product_cat","embeddable":true,"href":"https:\/\/roveyayinevi.com.tr\/index.php\/wp-json\/wp\/v2\/product_cat?post=737746"},{"taxonomy":"product_tag","embeddable":true,"href":"https:\/\/roveyayinevi.com.tr\/index.php\/wp-json\/wp\/v2\/product_tag?post=737746"}],"curies":[{"name":"wp","href":"https:\/\/api.w.org\/{rel}","templated":true}]}}