{"id":737745,"date":"2025-08-27T23:35:02","date_gmt":"2025-08-27T20:35:02","guid":{"rendered":"https:\/\/roveyayinevi.com.tr\/index.php\/urun\/dindarligin-siyaseti\/"},"modified":"2026-04-16T02:47:36","modified_gmt":"2026-04-15T23:47:36","slug":"dindarligin-siyaseti","status":"publish","type":"product","link":"https:\/\/roveyayinevi.com.tr\/index.php\/urun\/dindarligin-siyaseti\/","title":{"rendered":"Dindarli\u011fin Siyaseti"},"content":{"rendered":"<p>Antropolog Saba Mahmood 2013 y\u0131l\u0131nda \u00f6\u011frencisi Esra Albayrak ile maillerinin Wikileaks taraf\u0131ndan s\u0131zd\u0131r\u0131lmas\u0131yla T\u00fcrkiye\u2019de ilk defa g\u00fcndeme geldi. Mahmood\u2019un en temel eseri Dindarl\u0131\u011f\u0131n Siyaseti toplumsal cinsiyet, inan\u00e7 ve siyasetin kesi\u015fimini 90\u2019l\u0131 y\u0131llarda Kahire\u2019de yapm\u0131\u015f oldu\u011fu Kad\u0131n Camii Hareketi \u00fczerinden inceliyor. \u00dclkemizde de bilindi\u011fi \u00fczere, bu kesi\u015fim etraf\u0131nda \u00fcretilen s\u00f6ylemler, tart\u0131\u015fman\u0131n \u00f6znesi konumundaki dindar kad\u0131nlar\u0131 d\u0131\u015far\u0131da b\u0131rakma eyilimindeler. Mahmood \u00e7al\u0131\u015fmas\u0131nda s\u00f6z\u00fc dindar kad\u0131nlara vererek yepyeni bir \u00e7\u0131\u011f\u0131r a\u00e7\u0131lmas\u0131na vesile oluyor.   Etnografik saha \u00e7al\u0131\u015fmas\u0131n\u0131 bir ba\u015flang\u0131\u00e7 noktas\u0131 olarak alan ara\u015ft\u0131rma, M\u0131s\u0131rl\u0131 kad\u0131nlar\u0131n i\u00e7inde ya\u015fad\u0131klar\u0131 ataerkil toplumla olan ili\u015fkilerini nas\u0131l m\u00fczakere ettiklerini, siyasal islam ile nas\u0131l ili\u015fkilendiklerini ve inan\u00e7lar\u0131 \u00fczerinden nas\u0131l toplumsal faallik alanlar\u0131 yarat\u0131klar\u0131n\u0131 inceliyor. T\u00fcrkiye de halen son derece kutupla\u015ft\u0131r\u0131c\u0131 olmaya devam eden ba\u015f\u00f6rt\u00fcs\u00fc tart\u0131\u015fmalar\u0131na yepyeni bir perspektif katan kitap, toplumsal alanda k\u0131s\u0131rla\u015fm\u0131\u015f tart\u0131\u015fmalar\u0131 \u00e7\u00f6z\u00fcmleyebilmek i\u00e7in temel bir metin niteli\u011finde. <\/p>\n","protected":false},"excerpt":{"rendered":"<p>Antropolog Saba Mahmood 2013 y\u0131l\u0131nda \u00f6\u011frencisi Esra Albayrak ile maillerinin Wikileaks taraf\u0131ndan s\u0131zd\u0131r\u0131lmas\u0131yla T\u00fcrkiye\u2019de ilk defa g\u00fcndeme geldi. Mahmood\u2019un en temel eseri Dindarl\u0131\u011f\u0131n Siyaseti toplumsal cinsiyet,<span class=\"excerpt-hellip\"> [\u2026]<\/span><\/p>\n","protected":false},"featured_media":0,"template":"","meta":{"_monsterinsights_skip_tracking":false,"_monsterinsights_sitenote_active":false,"_monsterinsights_sitenote_note":"","_monsterinsights_sitenote_category":0},"product_brand":[],"product_cat":[12718,12719],"product_tag":[],"class_list":{"0":"post-737745","1":"product","2":"type-product","3":"status-publish","5":"product_cat-din","6":"product_cat-islam","7":"pa_cilt-ciltsiz","8":"pa_tur-kitap","9":"pa_yayinevi-islik-yayinlari","10":"pa_yazar-saba-mahmood","12":"first","13":"instock","14":"sale","15":"shipping-taxable","16":"purchasable","17":"product-type-simple"},"_links":{"self":[{"href":"https:\/\/roveyayinevi.com.tr\/index.php\/wp-json\/wp\/v2\/product\/737745","targetHints":{"allow":["GET"]}}],"collection":[{"href":"https:\/\/roveyayinevi.com.tr\/index.php\/wp-json\/wp\/v2\/product"}],"about":[{"href":"https:\/\/roveyayinevi.com.tr\/index.php\/wp-json\/wp\/v2\/types\/product"}],"wp:attachment":[{"href":"https:\/\/roveyayinevi.com.tr\/index.php\/wp-json\/wp\/v2\/media?parent=737745"}],"wp:term":[{"taxonomy":"product_brand","embeddable":true,"href":"https:\/\/roveyayinevi.com.tr\/index.php\/wp-json\/wp\/v2\/product_brand?post=737745"},{"taxonomy":"product_cat","embeddable":true,"href":"https:\/\/roveyayinevi.com.tr\/index.php\/wp-json\/wp\/v2\/product_cat?post=737745"},{"taxonomy":"product_tag","embeddable":true,"href":"https:\/\/roveyayinevi.com.tr\/index.php\/wp-json\/wp\/v2\/product_tag?post=737745"}],"curies":[{"name":"wp","href":"https:\/\/api.w.org\/{rel}","templated":true}]}}