{"id":737744,"date":"2025-08-27T23:35:01","date_gmt":"2025-08-27T20:35:01","guid":{"rendered":"https:\/\/roveyayinevi.com.tr\/index.php\/urun\/hukuk-ve-toplum\/"},"modified":"2026-04-16T02:47:36","modified_gmt":"2026-04-15T23:47:36","slug":"hukuk-ve-toplum","status":"publish","type":"product","link":"https:\/\/roveyayinevi.com.tr\/index.php\/urun\/hukuk-ve-toplum\/","title":{"rendered":"Hukuk Ve Toplum"},"content":{"rendered":"<p>Hukuk ve Toplum El Kitab\u0131, \u0130ngilizce konu\u015fulan d\u00fcnyada \u201chukuk ve toplum\u201d, K\u0131ta\u2019da ise \u201chukuk sosyolojisi\u201d olarak an\u0131lan disiplinin temel tart\u0131\u015fma konular\u0131n\u0131 bir araya getiriyor. Bir hukuk ve toplum kanonu olu\u015fturma iddias\u0131ndaki kitap, bir k\u0131sm\u0131 kanona ait yazarlar\u0131n kaleminden \u00e7\u0131kan yaz\u0131larla alan\u0131n \u0130ngilizce konu\u015fulan d\u00fcnyadaki kurulu\u015fundan yirminci y\u00fczy\u0131l\u0131n sonuna kadar olan s\u00fcredeki m\u00fcktesebat\u0131n\u0131 kayda al\u0131yor.   Alt\u0131 ana ba\u015fl\u0131k alt\u0131nda toplanm\u0131\u015f otuz \u00fc\u00e7 b\u00f6l\u00fcm, hukuk ve toplum ara\u015ft\u0131rmalar\u0131n\u0131n ortaya \u00e7\u0131k\u0131\u015f\u0131n\u0131, metodolojik iddialar\u0131n\u0131, tart\u0131\u015fma konular\u0131n\u0131n se\u00e7imini ve geli\u015fimini zengin bir kaynak\u00e7ayla birlikte okurlara sunuyor. Hukuku sosyalin i\u00e7inde arayan, sosyal i\u00e7indeki hukuku anlaml\u0131 bir ara\u015ft\u0131rma nesnesi olarak tespit eden disiplinin temsilcileri, sosyali tan\u0131mlama iddias\u0131ndaki hukuku de\u011fil, hukuku da yaratan sosyali ve sosyalin hukukla ili\u015fkisini ara\u015ft\u0131r\u0131rken, ayn\u0131 zamanda hukuki kurum ve akt\u00f6rlerin kendi sosyalliklerine de bak\u0131yor. K\u00fclt\u00fcrel incelemeler, kar\u015f\u0131la\u015ft\u0131rmal\u0131 incelemeler ve k\u00fcresellik gibi sorunlar, hukuk ve toplum \u00e7al\u0131\u015fmalar\u0131n\u0131n yerellikten nas\u0131l kurtulabilece\u011fini de g\u00f6steriyor. Kitapta \u00e7ok\u00e7a \u00f6rnek verilen tekil ara\u015ft\u0131rmalar bir yandan ara\u015ft\u0131rmac\u0131lara hukuka ili\u015fkin ara\u015ft\u0131rma sorular\u0131 hakk\u0131nda \u00f6nerilerde bulunurken, di\u011fer yandan hukuka ilgi duyan herkesi hukuk hakk\u0131ndaki soru\u015fturman\u0131n farkl\u0131 boyutlar\u0131ndan ve bu soru\u015fturmalar\u0131n sonu\u00e7lar\u0131ndan haberdar ediyor.<\/p>\n","protected":false},"excerpt":{"rendered":"<p>Hukuk ve Toplum El Kitab\u0131, \u0130ngilizce konu\u015fulan d\u00fcnyada \u201chukuk ve toplum\u201d, K\u0131ta\u2019da ise \u201chukuk sosyolojisi\u201d olarak an\u0131lan disiplinin temel tart\u0131\u015fma konular\u0131n\u0131 bir araya getiriyor. Bir hukuk<span class=\"excerpt-hellip\"> [\u2026]<\/span><\/p>\n","protected":false},"featured_media":0,"template":"","meta":{"_monsterinsights_skip_tracking":false,"_monsterinsights_sitenote_active":false,"_monsterinsights_sitenote_note":"","_monsterinsights_sitenote_category":0},"product_brand":[],"product_cat":[15350,17602],"product_tag":[],"class_list":{"0":"post-737744","1":"product","2":"type-product","3":"status-publish","5":"product_cat-hukuk","6":"product_cat-hukuk-uzerine","7":"pa_cilt-ciltsiz","8":"pa_tur-kitap","9":"pa_yayinevi-islik-yayinlari","10":"pa_yazar-austin-sarat","12":"first","13":"instock","14":"sale","15":"shipping-taxable","16":"purchasable","17":"product-type-simple"},"_links":{"self":[{"href":"https:\/\/roveyayinevi.com.tr\/index.php\/wp-json\/wp\/v2\/product\/737744","targetHints":{"allow":["GET"]}}],"collection":[{"href":"https:\/\/roveyayinevi.com.tr\/index.php\/wp-json\/wp\/v2\/product"}],"about":[{"href":"https:\/\/roveyayinevi.com.tr\/index.php\/wp-json\/wp\/v2\/types\/product"}],"wp:attachment":[{"href":"https:\/\/roveyayinevi.com.tr\/index.php\/wp-json\/wp\/v2\/media?parent=737744"}],"wp:term":[{"taxonomy":"product_brand","embeddable":true,"href":"https:\/\/roveyayinevi.com.tr\/index.php\/wp-json\/wp\/v2\/product_brand?post=737744"},{"taxonomy":"product_cat","embeddable":true,"href":"https:\/\/roveyayinevi.com.tr\/index.php\/wp-json\/wp\/v2\/product_cat?post=737744"},{"taxonomy":"product_tag","embeddable":true,"href":"https:\/\/roveyayinevi.com.tr\/index.php\/wp-json\/wp\/v2\/product_tag?post=737744"}],"curies":[{"name":"wp","href":"https:\/\/api.w.org\/{rel}","templated":true}]}}