{"id":737743,"date":"2025-08-27T23:35:00","date_gmt":"2025-08-27T20:35:00","guid":{"rendered":"https:\/\/roveyayinevi.com.tr\/index.php\/urun\/cumhurbaskanligi-senfoni-orkestrasina-armagan\/"},"modified":"2026-04-16T02:47:36","modified_gmt":"2026-04-15T23:47:36","slug":"cumhurbaskanligi-senfoni-orkestrasina-armagan","status":"publish","type":"product","link":"https:\/\/roveyayinevi.com.tr\/index.php\/urun\/cumhurbaskanligi-senfoni-orkestrasina-armagan\/","title":{"rendered":"Cumhurba\u015fkanl\u0131\u011f\u0131 Senfoni Orkestras\u0131&#8217;na Arma\u011fan"},"content":{"rendered":"<p>\u00c7oksesli m\u00fczi\u011fin T\u00fcrkiye&#8217;deki tarihi kadar eski ama ayn\u0131 zamanda Atat\u00fcrk devrimlerinin simgesi bir kurum: Cumhurba\u015fkanl\u0131\u011f\u0131 Senfoni Orkestras\u0131.En eski orkestram\u0131z, \u00f6\u011frencilik y\u0131llar\u0131m\u0131zda ayakta dinlemeyi g\u00f6ze ald\u0131\u011f\u0131m\u0131z, gelmeyen m\u00fczikseverin bo\u015f yerini kollad\u0131\u011f\u0131m\u0131z, Carmina Burana seslendirildi\u011finde gi\u015fesi \u00f6n\u00fcnde kuyruklar oldu\u011fumuz&#8230; Hem m\u00fczisyenler, hem m\u00fczikseverler i\u00e7in bir okul olmu\u015f Cumhurba\u015fkanl\u0131\u011f\u0131 Senfoni Orkestras\u0131n\u0131n tarih\u00e7esini bu kitapta bulacaks\u0131n\u0131z.   <\/p>\n","protected":false},"excerpt":{"rendered":"<p>\u00c7oksesli m\u00fczi\u011fin T\u00fcrkiye&#8217;deki tarihi kadar eski ama ayn\u0131 zamanda Atat\u00fcrk devrimlerinin simgesi bir kurum: Cumhurba\u015fkanl\u0131\u011f\u0131 Senfoni Orkestras\u0131.En eski orkestram\u0131z, \u00f6\u011frencilik y\u0131llar\u0131m\u0131zda ayakta dinlemeyi g\u00f6ze ald\u0131\u011f\u0131m\u0131z, gelmeyen<span class=\"excerpt-hellip\"> [\u2026]<\/span><\/p>\n","protected":false},"featured_media":0,"template":"","meta":{"_monsterinsights_skip_tracking":false,"_monsterinsights_sitenote_active":false,"_monsterinsights_sitenote_note":"","_monsterinsights_sitenote_category":0},"product_brand":[],"product_cat":[14009,12291],"product_tag":[],"class_list":{"0":"post-737743","1":"product","2":"type-product","3":"status-publish","5":"product_cat-biyografi-otobiyografi-edebiyat","6":"product_cat-edebiyat","7":"pa_cilt-ciltsiz","8":"pa_tur-kitap","9":"pa_yayinevi-sevda-cenap-and-muzik-vakfi-yayinlari","10":"pa_yazar-erdogan-okyay","12":"first","13":"instock","14":"sale","15":"shipping-taxable","16":"purchasable","17":"product-type-simple"},"_links":{"self":[{"href":"https:\/\/roveyayinevi.com.tr\/index.php\/wp-json\/wp\/v2\/product\/737743","targetHints":{"allow":["GET"]}}],"collection":[{"href":"https:\/\/roveyayinevi.com.tr\/index.php\/wp-json\/wp\/v2\/product"}],"about":[{"href":"https:\/\/roveyayinevi.com.tr\/index.php\/wp-json\/wp\/v2\/types\/product"}],"wp:attachment":[{"href":"https:\/\/roveyayinevi.com.tr\/index.php\/wp-json\/wp\/v2\/media?parent=737743"}],"wp:term":[{"taxonomy":"product_brand","embeddable":true,"href":"https:\/\/roveyayinevi.com.tr\/index.php\/wp-json\/wp\/v2\/product_brand?post=737743"},{"taxonomy":"product_cat","embeddable":true,"href":"https:\/\/roveyayinevi.com.tr\/index.php\/wp-json\/wp\/v2\/product_cat?post=737743"},{"taxonomy":"product_tag","embeddable":true,"href":"https:\/\/roveyayinevi.com.tr\/index.php\/wp-json\/wp\/v2\/product_tag?post=737743"}],"curies":[{"name":"wp","href":"https:\/\/api.w.org\/{rel}","templated":true}]}}